{"id":144803,"date":"2025-02-10T17:19:48","date_gmt":"2025-02-10T17:19:48","guid":{"rendered":"https:\/\/www.stickcol.com\/azienda\/"},"modified":"2025-04-09T13:02:04","modified_gmt":"2025-04-09T13:02:04","slug":"firma","status":"publish","type":"page","link":"https:\/\/www.stickcol.com\/de\/firma\/","title":{"rendered":"Firma"},"content":{"rendered":"<div class=\"wpb-content-wrapper\"><p>[vc_row row_height_percent=&#8220;0&#8243; back_color=&#8220;color-wayh&#8220; back_image=&#8220;141746&#8243; back_position=&#8220;center bottom&#8220; parallax=&#8220;yes&#8220; overlay_color=&#8220;color-wayh&#8220; overlay_alpha=&#8220;35&#8243; gutter_size=&#8220;3&#8243; column_width_percent=&#8220;100&#8243; shift_y=&#8220;0&#8243; z_index=&#8220;0&#8243; top_divider=&#8220;gradient&#8220; content_parallax=&#8220;0&#8243; uncode_shortcode_id=&#8220;273708&#8243; back_color_type=&#8220;uncode-palette&#8220; overlay_color_type=&#8220;uncode-palette&#8220; row_height_pixel=&#8220;400&#8243;][vc_column column_width_use_pixel=&#8220;yes&#8220; position_vertical=&#8220;middle&#8220; align_horizontal=&#8220;align_center&#8220; gutter_size=&#8220;2&#8243; style=&#8220;dark&#8220; overlay_alpha=&#8220;50&#8243; shift_x=&#8220;0&#8243; shift_y=&#8220;0&#8243; shift_y_down=&#8220;0&#8243; z_index=&#8220;0&#8243; medium_width=&#8220;0&#8243; mobile_width=&#8220;0&#8243; width=&#8220;1\/1&#8243; column_width_pixel=&#8220;1100&#8243; uncode_shortcode_id=&#8220;141607&#8243;][vc_custom_heading heading_semantic=&#8220;h1&#8243; text_size=&#8220;fontsize-338686&#8243; uncode_shortcode_id=&#8220;407155&#8243;]45 Jahre Leidenschaft f\u00fcr das Kleben, im Dienste Ihrer Branche![\/vc_custom_heading][\/vc_column][\/vc_row][vc_row row_height_percent=&#8220;0&#8243; override_padding=&#8220;yes&#8220; h_padding=&#8220;2&#8243; top_padding=&#8220;3&#8243; bottom_padding=&#8220;3&#8243; back_color=&#8220;color-xsdn&#8220; overlay_alpha=&#8220;50&#8243; gutter_size=&#8220;3&#8243; column_width_percent=&#8220;100&#8243; shift_y=&#8220;0&#8243; z_index=&#8220;0&#8243; top_divider=&#8220;gradient&#8220; bottom_divider=&#8220;gradient&#8220; inverted_device_order=&#8220;yes&#8220; content_parallax=&#8220;0&#8243; uncode_shortcode_id=&#8220;158822&#8243; back_color_type=&#8220;uncode-palette&#8220;][vc_column column_width_percent=&#8220;100&#8243; gutter_size=&#8220;3&#8243; overlay_alpha=&#8220;50&#8243; shift_x=&#8220;0&#8243; shift_y=&#8220;0&#8243; shift_y_down=&#8220;0&#8243; z_index=&#8220;0&#8243; medium_width=&#8220;0&#8243; mobile_width=&#8220;0&#8243; css_animation=&#8220;alpha-anim&#8220; animation_speed=&#8220;1000&#8243; width=&#8220;1\/4&#8243; uncode_shortcode_id=&#8220;327424&#8243;][vc_single_image media=&#8220;141746&#8243; media_width_percent=&#8220;100&#8243; media_ratio=&#8220;one-one&#8220; uncode_shortcode_id=&#8220;139015&#8243;][\/vc_column][vc_column column_width_percent=&#8220;100&#8243; position_vertical=&#8220;middle&#8220; gutter_size=&#8220;3&#8243; overlay_alpha=&#8220;50&#8243; shift_x=&#8220;0&#8243; shift_y=&#8220;0&#8243; shift_y_down=&#8220;0&#8243; z_index=&#8220;0&#8243; medium_width=&#8220;0&#8243; mobile_width=&#8220;0&#8243; css_animation=&#8220;alpha-anim&#8220; animation_speed=&#8220;1000&#8243; width=&#8220;3\/4&#8243; uncode_shortcode_id=&#8220;484410&#8243;][vc_custom_heading text_size=&#8220;h3&#8243; text_height=&#8220;fontheight-357766&#8243; uncode_shortcode_id=&#8220;109824&#8243;]Stick Col srl befindet sich seit 45 Jahren an der Seite ihrer Kunden und setzt sich bei der L\u00f6sung der Bed\u00fcrfnisse von Verbindungen und Adh\u00e4sion in allen Sektoren der industriellen Produktion ein. Immer auf den neuesten Stand der chemisch-technologischen M\u00f6glichkeiten und aufmerksam auf die neuen Regeln der europ\u00e4ischen Chemie, bietet Stick Col srl die ideale Unterst\u00fctzung in der Branche der Klebstoffe und Bindemittel.[\/vc_custom_heading][vc_column_text text_lead=&#8220;yes&#8220; uncode_shortcode_id=&#8220;917766&#8243;]Im Bewusstsein, dass die Hei\u00dfkleber die Art der Verklebung in allen industriellen Sektoren ver\u00e4ndert h\u00e4tten, ist im Jahr 1979 die Firma Stick Col srl entstanden, die ihre erste Produktionsst\u00e4tte von Hei\u00dfklebern in Stick baut und sich im Laufe der Jahre in Formeln spezialisiert hat, die den Anforderungen der industriellen Entwicklung entsprechen. Sie hat es geschafft, die Arbeitsgewohnheiten durch die Benutzung neuer Produkte zu verbessern und zu antizipieren, die von den neuesten Entdeckungen in der Chemie zur Verf\u00fcgung gestellt wurden.[\/vc_column_text][vc_column_text text_lead=&#8220;yes&#8220; uncode_shortcode_id=&#8220;797797&#8243;]Immer auf den Umweltschutz und den Respekt gegen\u00fcber den Kunden und Lieferanten bedacht, versetzt die Position der Stick Col srl der Verbindung zwischen den Bed\u00fcrfnissen und Vorschl\u00e4gen die Firma in die Lage, als Kontaktpunkt zwischen den Herstellern der Rohstoffe und den Verwendern zu fungieren.[\/vc_column_text][\/vc_column][\/vc_row][vc_row row_height_percent=&#8220;50&#8243; override_padding=&#8220;yes&#8220; h_padding=&#8220;2&#8243; top_padding=&#8220;4&#8243; bottom_padding=&#8220;3&#8243; overlay_alpha=&#8220;50&#8243; gutter_size=&#8220;4&#8243; column_width_percent=&#8220;100&#8243; shift_y=&#8220;0&#8243; z_index=&#8220;0&#8243; content_parallax=&#8220;0&#8243; el_class=&#8220;inverted-device-order&#8220; uncode_shortcode_id=&#8220;289095&#8243;][vc_column column_width_use_pixel=&#8220;yes&#8220; position_vertical=&#8220;middle&#8220; gutter_size=&#8220;3&#8243; overlay_alpha=&#8220;50&#8243; shift_x=&#8220;0&#8243; shift_y=&#8220;0&#8243; shift_y_down=&#8220;0&#8243; z_index=&#8220;0&#8243; medium_width=&#8220;0&#8243; mobile_width=&#8220;0&#8243; width=&#8220;1\/2&#8243; column_width_pixel=&#8220;900&#8243;][vc_custom_heading text_color=&#8220;accent&#8220; heading_semantic=&#8220;h6&#8243; text_size=&#8220;fontsize-160000&#8243; text_transform=&#8220;uppercase&#8220; text_space=&#8220;fontspace-135905&#8243; uncode_shortcode_id=&#8220;127304&#8243; text_color_type=&#8220;uncode-palette&#8220;]Leitung[\/vc_custom_heading][vc_custom_heading heading_semantic=&#8220;h3&#8243; text_size=&#8220;fontsize-155944&#8243; uncode_shortcode_id=&#8220;150796&#8243;]Verhandlungsleitungen durch die Inhaber.[\/vc_custom_heading][vc_column_text uncode_shortcode_id=&#8220;110814&#8243;]Pers\u00f6nliche Beratung: Wir helfen Ihnen bei der Auswahl der richtigen Produkte f\u00fcr Ihr Unternehmen.[\/vc_column_text][\/vc_column][vc_column width=&#8220;1\/2&#8243;][vc_single_image media=&#8220;142228&#8243; media_width_percent=&#8220;100&#8243; media_ratio=&#8220;four-three&#8220; uncode_shortcode_id=&#8220;269585&#8243;][\/vc_column][\/vc_row][vc_row row_height_percent=&#8220;50&#8243; override_padding=&#8220;yes&#8220; h_padding=&#8220;2&#8243; top_padding=&#8220;3&#8243; bottom_padding=&#8220;5&#8243; overlay_alpha=&#8220;50&#8243; gutter_size=&#8220;4&#8243; column_width_percent=&#8220;100&#8243; shift_y=&#8220;0&#8243; z_index=&#8220;0&#8243; content_parallax=&#8220;0&#8243; uncode_shortcode_id=&#8220;185514&#8243;][vc_column width=&#8220;1\/2&#8243;][vc_single_image media=&#8220;142214&#8243; media_width_percent=&#8220;100&#8243; media_ratio=&#8220;four-three&#8220; uncode_shortcode_id=&#8220;148943&#8243;][\/vc_column][vc_column column_width_use_pixel=&#8220;yes&#8220; position_vertical=&#8220;middle&#8220; gutter_size=&#8220;3&#8243; overlay_alpha=&#8220;50&#8243; shift_x=&#8220;0&#8243; shift_y=&#8220;0&#8243; shift_y_down=&#8220;0&#8243; z_index=&#8220;0&#8243; medium_width=&#8220;0&#8243; mobile_width=&#8220;0&#8243; width=&#8220;1\/2&#8243; column_width_pixel=&#8220;900&#8243;][vc_custom_heading text_color=&#8220;accent&#8220; heading_semantic=&#8220;h6&#8243; text_size=&#8220;fontsize-160000&#8243; text_transform=&#8220;uppercase&#8220; text_space=&#8220;fontspace-135905&#8243; uncode_shortcode_id=&#8220;127039&#8243; text_color_type=&#8220;uncode-palette&#8220;]Bestellungen[\/vc_custom_heading][vc_custom_heading heading_semantic=&#8220;h3&#8243; text_size=&#8220;fontsize-155944&#8243; uncode_shortcode_id=&#8220;184675&#8243;]100% Zuverl\u00e4ssigkeit: Ihre Bestellung ist bei uns sicher.[\/vc_custom_heading][vc_column_text uncode_shortcode_id=&#8220;364157&#8243;]Sorgfalt und Aufmerksamkeit w\u00e4hrend des ganzen Prozesses der Lieferung: von dem Angebot bis zur Ablieferung.[\/vc_column_text][\/vc_column][\/vc_row][vc_row unlock_row_content=&#8220;yes&#8220; row_height_percent=&#8220;0&#8243; override_padding=&#8220;yes&#8220; h_padding=&#8220;0&#8243; top_padding=&#8220;0&#8243; bottom_padding=&#8220;0&#8243; overlay_alpha=&#8220;100&#8243; equal_height=&#8220;yes&#8220; gutter_size=&#8220;0&#8243; shift_y=&#8220;0&#8243; style=&#8220;inherited&#8220;][vc_column column_width_percent=&#8220;100&#8243; position_horizontal=&#8220;left&#8220; gutter_size=&#8220;3&#8243; override_padding=&#8220;yes&#8220; column_padding=&#8220;5&#8243; back_color=&#8220;color-xsdn&#8220; overlay_alpha=&#8220;100&#8243; shift_x=&#8220;0&#8243; shift_y=&#8220;0&#8243; shift_y_down=&#8220;0&#8243; z_index=&#8220;0&#8243; medium_width=&#8220;100&#8243; mobile_width=&#8220;0&#8243; zoom_width=&#8220;0&#8243; zoom_height=&#8220;0&#8243; width=&#8220;1\/3&#8243; safe_padding=&#8220;yes&#8220;][vc_custom_heading heading_semantic=&#8220;h3&#8243; uncode_shortcode_id=&#8220;148690&#8243;]Stick Col steht im Dienste des Produzenten und des Verbrauchers![\/vc_custom_heading][vc_column_text uncode_shortcode_id=&#8220;480980&#8243;]Schmelzklebstoffe, Vinylklebstoffe und ihre Verarbeiter, Herstellung und Vermarktung.[\/vc_column_text][\/vc_column][vc_column column_width_percent=&#8220;100&#8243; position_horizontal=&#8220;left&#8220; gutter_size=&#8220;3&#8243; override_padding=&#8220;yes&#8220; column_padding=&#8220;5&#8243; back_color=&#8220;color-lxmt&#8220; overlay_alpha=&#8220;0&#8243; shift_x=&#8220;0&#8243; shift_y=&#8220;0&#8243; shift_y_down=&#8220;0&#8243; z_index=&#8220;0&#8243; medium_width=&#8220;100&#8243; mobile_width=&#8220;0&#8243; zoom_width=&#8220;0&#8243; zoom_height=&#8220;0&#8243; width=&#8220;2\/3&#8243; safe_padding=&#8220;yes&#8220; uncode_shortcode_id=&#8220;351323&#8243; back_color_type=&#8220;uncode-palette&#8220;][vc_row_inner row_inner_height_percent=&#8220;0&#8243; overlay_alpha=&#8220;50&#8243; gutter_size=&#8220;4&#8243; shift_y=&#8220;0&#8243; limit_content=&#8220;&#8220;][vc_column_inner width=&#8220;1\/3&#8243;][vc_icon icon=&#8220;fa fa-flask&#8220; size=&#8220;fa-4x&#8220; text_size=&#8220;h4&#8243; align=&#8220;left&#8220; title=&#8220;Forschung und Entwicklung&#8220; uncode_shortcode_id=&#8220;675842&#8243;]Mit der Entwicklung neuer M\u00e4rkte und Produkte Schritt zu halten.[\/vc_icon][\/vc_column_inner][vc_column_inner width=&#8220;1\/3&#8243;][vc_icon icon=&#8220;fa fa-eye&#8220; size=&#8220;fa-4x&#8220; text_size=&#8220;h4&#8243; align=&#8220;left&#8220; title=&#8220;Ma\u00dfgeschneiderte Produktionen&#8220; uncode_shortcode_id=&#8220;130760&#8243;]Orientiert an den Bed\u00fcrfnissen, die die Kunden an uns stellen.[\/vc_icon][\/vc_column_inner][vc_column_inner width=&#8220;1\/3&#8243;][vc_icon icon=&#8220;fa fa-leaf&#8220; size=&#8220;fa-4x&#8220; text_size=&#8220;h4&#8243; align=&#8220;left&#8220; title=&#8220;Respekt f\u00fcr die Umwelt&#8220; uncode_shortcode_id=&#8220;196351&#8243;]Kontrolle, Auswahl und \u00dcberwachung der verwendeten Rohmaterialien.[\/vc_icon][\/vc_column_inner][\/vc_row_inner][\/vc_column][\/vc_row]<\/p>\n<\/div>","protected":false},"excerpt":{"rendered":"<p>[vc_row row_height_percent=&#8220;0&#8243; back_color=&#8220;color-wayh&#8220; back_image=&#8220;141746&#8243; back_position=&#8220;center bottom&#8220; parallax=&#8220;yes&#8220; overlay_color=&#8220;color-wayh&#8220; overlay_alpha=&#8220;35&#8243; gutter_size=&#8220;3&#8243; column_width_percent=&#8220;100&#8243; shift_y=&#8220;0&#8243; z_index=&#8220;0&#8243; top_divider=&#8220;gradient&#8220; content_parallax=&#8220;0&#8243; uncode_shortcode_id=&#8220;273708&#8243; back_color_type=&#8220;uncode-palette&#8220; overlay_color_type=&#8220;uncode-palette&#8220; row_height_pixel=&#8220;400&#8243;][vc_column column_width_use_pixel=&#8220;yes&#8220; [&hellip;]<\/p>\n","protected":false},"author":1,"featured_media":0,"parent":0,"menu_order":0,"comment_status":"closed","ping_status":"closed","template":"","meta":{"footnotes":""},"class_list":["post-144803","page","type-page","status-publish","hentry"],"yoast_head":"<!-- This site is optimized with the Yoast SEO plugin v26.7 - https:\/\/yoast.com\/wordpress\/plugins\/seo\/ -->\n<title>Firma - Stick Col s.r.l.<\/title>\n<meta name=\"description\" content=\"45 Jahre Leidenschaft f\u00fcr das Kleben, im Dienste Ihrer Branche!Stick Col srl befindet sich seit 45 Jahren an der Seite ihrer Kunden und setzt sich bei der\" \/>\n<meta name=\"robots\" content=\"index, follow, max-snippet:-1, max-image-preview:large, max-video-preview:-1\" \/>\n<link rel=\"canonical\" href=\"https:\/\/www.stickcol.com\/azienda\/\" \/>\n<meta property=\"og:locale\" content=\"de_DE\" \/>\n<meta property=\"og:type\" content=\"article\" \/>\n<meta property=\"og:title\" content=\"Firma - Stick Col s.r.l.\" \/>\n<meta property=\"og:description\" content=\"45 Jahre Leidenschaft f\u00fcr das Kleben, im Dienste Ihrer Branche!Stick Col srl befindet sich seit 45 Jahren an der Seite ihrer Kunden und setzt sich bei der\" \/>\n<meta property=\"og:url\" content=\"https:\/\/www.stickcol.com\/azienda\/\" \/>\n<meta property=\"og:site_name\" content=\"Stick Col s.r.l.\" \/>\n<meta property=\"article:modified_time\" content=\"2025-04-09T13:02:04+00:00\" \/>\n<meta name=\"twitter:card\" content=\"summary_large_image\" \/>\n<meta name=\"twitter:label1\" content=\"Gesch\u00e4tzte Lesezeit\" \/>\n\t<meta name=\"twitter:data1\" content=\"6\u00a0Minuten\" \/>\n<script type=\"application\/ld+json\" class=\"yoast-schema-graph\">{\"@context\":\"https:\/\/schema.org\",\"@graph\":[{\"@type\":\"WebPage\",\"@id\":\"https:\/\/www.stickcol.com\/azienda\/\",\"url\":\"https:\/\/www.stickcol.com\/azienda\/\",\"name\":\"Firma - Stick Col s.r.l.\",\"isPartOf\":{\"@id\":\"https:\/\/www.stickcol.com\/#website\"},\"datePublished\":\"2025-02-10T17:19:48+00:00\",\"dateModified\":\"2025-04-09T13:02:04+00:00\",\"description\":\"45 Jahre Leidenschaft f\u00fcr das Kleben, im Dienste Ihrer Branche!Stick Col srl befindet sich seit 45 Jahren an der Seite ihrer Kunden und setzt sich bei der\",\"breadcrumb\":{\"@id\":\"https:\/\/www.stickcol.com\/azienda\/#breadcrumb\"},\"inLanguage\":\"de\",\"potentialAction\":[{\"@type\":\"ReadAction\",\"target\":[\"https:\/\/www.stickcol.com\/azienda\/\"]}]},{\"@type\":\"BreadcrumbList\",\"@id\":\"https:\/\/www.stickcol.com\/azienda\/#breadcrumb\",\"itemListElement\":[{\"@type\":\"ListItem\",\"position\":1,\"name\":\"Home\",\"item\":\"https:\/\/www.stickcol.com\/de\/\"},{\"@type\":\"ListItem\",\"position\":2,\"name\":\"Firma\"}]},{\"@type\":\"WebSite\",\"@id\":\"https:\/\/www.stickcol.com\/#website\",\"url\":\"https:\/\/www.stickcol.com\/\",\"name\":\"Stick Col s.r.l.\",\"description\":\"Adesivi Termofusibili - Colle Viniliche - Analisi test e laboratorio\",\"potentialAction\":[{\"@type\":\"SearchAction\",\"target\":{\"@type\":\"EntryPoint\",\"urlTemplate\":\"https:\/\/www.stickcol.com\/?s={search_term_string}\"},\"query-input\":{\"@type\":\"PropertyValueSpecification\",\"valueRequired\":true,\"valueName\":\"search_term_string\"}}],\"inLanguage\":\"de\"}]}<\/script>\n<!-- \/ Yoast SEO plugin. -->","yoast_head_json":{"title":"Firma - Stick Col s.r.l.","description":"45 Jahre Leidenschaft f\u00fcr das Kleben, im Dienste Ihrer Branche!Stick Col srl befindet sich seit 45 Jahren an der Seite ihrer Kunden und setzt sich bei der","robots":{"index":"index","follow":"follow","max-snippet":"max-snippet:-1","max-image-preview":"max-image-preview:large","max-video-preview":"max-video-preview:-1"},"canonical":"https:\/\/www.stickcol.com\/azienda\/","og_locale":"de_DE","og_type":"article","og_title":"Firma - Stick Col s.r.l.","og_description":"45 Jahre Leidenschaft f\u00fcr das Kleben, im Dienste Ihrer Branche!Stick Col srl befindet sich seit 45 Jahren an der Seite ihrer Kunden und setzt sich bei der","og_url":"https:\/\/www.stickcol.com\/azienda\/","og_site_name":"Stick Col s.r.l.","article_modified_time":"2025-04-09T13:02:04+00:00","twitter_card":"summary_large_image","twitter_misc":{"Gesch\u00e4tzte Lesezeit":"6\u00a0Minuten"},"schema":{"@context":"https:\/\/schema.org","@graph":[{"@type":"WebPage","@id":"https:\/\/www.stickcol.com\/azienda\/","url":"https:\/\/www.stickcol.com\/azienda\/","name":"Firma - Stick Col s.r.l.","isPartOf":{"@id":"https:\/\/www.stickcol.com\/#website"},"datePublished":"2025-02-10T17:19:48+00:00","dateModified":"2025-04-09T13:02:04+00:00","description":"45 Jahre Leidenschaft f\u00fcr das Kleben, im Dienste Ihrer Branche!Stick Col srl befindet sich seit 45 Jahren an der Seite ihrer Kunden und setzt sich bei der","breadcrumb":{"@id":"https:\/\/www.stickcol.com\/azienda\/#breadcrumb"},"inLanguage":"de","potentialAction":[{"@type":"ReadAction","target":["https:\/\/www.stickcol.com\/azienda\/"]}]},{"@type":"BreadcrumbList","@id":"https:\/\/www.stickcol.com\/azienda\/#breadcrumb","itemListElement":[{"@type":"ListItem","position":1,"name":"Home","item":"https:\/\/www.stickcol.com\/de\/"},{"@type":"ListItem","position":2,"name":"Firma"}]},{"@type":"WebSite","@id":"https:\/\/www.stickcol.com\/#website","url":"https:\/\/www.stickcol.com\/","name":"Stick Col s.r.l.","description":"Adesivi Termofusibili - Colle Viniliche - Analisi test e laboratorio","potentialAction":[{"@type":"SearchAction","target":{"@type":"EntryPoint","urlTemplate":"https:\/\/www.stickcol.com\/?s={search_term_string}"},"query-input":{"@type":"PropertyValueSpecification","valueRequired":true,"valueName":"search_term_string"}}],"inLanguage":"de"}]}},"_links":{"self":[{"href":"https:\/\/www.stickcol.com\/de\/wp-json\/wp\/v2\/pages\/144803","targetHints":{"allow":["GET"]}}],"collection":[{"href":"https:\/\/www.stickcol.com\/de\/wp-json\/wp\/v2\/pages"}],"about":[{"href":"https:\/\/www.stickcol.com\/de\/wp-json\/wp\/v2\/types\/page"}],"author":[{"embeddable":true,"href":"https:\/\/www.stickcol.com\/de\/wp-json\/wp\/v2\/users\/1"}],"replies":[{"embeddable":true,"href":"https:\/\/www.stickcol.com\/de\/wp-json\/wp\/v2\/comments?post=144803"}],"version-history":[{"count":0,"href":"https:\/\/www.stickcol.com\/de\/wp-json\/wp\/v2\/pages\/144803\/revisions"}],"wp:attachment":[{"href":"https:\/\/www.stickcol.com\/de\/wp-json\/wp\/v2\/media?parent=144803"}],"curies":[{"name":"wp","href":"https:\/\/api.w.org\/{rel}","templated":true}]}}