{"id":144829,"date":"2025-02-10T19:43:15","date_gmt":"2025-02-10T19:43:15","guid":{"rendered":"https:\/\/www.stickcol.com\/servizi-per-i-clienti\/"},"modified":"2025-04-09T13:33:13","modified_gmt":"2025-04-09T13:33:13","slug":"kundendienste","status":"publish","type":"page","link":"https:\/\/www.stickcol.com\/de\/dienste\/kundendienste\/","title":{"rendered":"Kundendienste"},"content":{"rendered":"<div class=\"wpb-content-wrapper\"><p>[vc_row row_height_percent=&#8220;0&#8243; back_color=&#8220;color-wayh&#8220; back_image=&#8220;141746&#8243; back_position=&#8220;center bottom&#8220; parallax=&#8220;yes&#8220; overlay_color=&#8220;color-wayh&#8220; overlay_alpha=&#8220;35&#8243; gutter_size=&#8220;3&#8243; column_width_percent=&#8220;100&#8243; shift_y=&#8220;0&#8243; z_index=&#8220;0&#8243; top_divider=&#8220;gradient&#8220; content_parallax=&#8220;0&#8243; uncode_shortcode_id=&#8220;273708&#8243; back_color_type=&#8220;uncode-palette&#8220; overlay_color_type=&#8220;uncode-palette&#8220; row_height_pixel=&#8220;400&#8243;][vc_column column_width_use_pixel=&#8220;yes&#8220; position_vertical=&#8220;middle&#8220; align_horizontal=&#8220;align_center&#8220; gutter_size=&#8220;2&#8243; style=&#8220;dark&#8220; overlay_alpha=&#8220;50&#8243; shift_x=&#8220;0&#8243; shift_y=&#8220;0&#8243; shift_y_down=&#8220;0&#8243; z_index=&#8220;0&#8243; medium_width=&#8220;0&#8243; mobile_width=&#8220;0&#8243; width=&#8220;1\/1&#8243; column_width_pixel=&#8220;1100&#8243; uncode_shortcode_id=&#8220;141607&#8243;][vc_custom_heading heading_semantic=&#8220;h1&#8243; text_size=&#8220;fontsize-338686&#8243; uncode_shortcode_id=&#8220;456175&#8243;]Entscheiden Sie sich f\u00fcr unsere Dienstleistungen f\u00fcr eine erfolgreiche Verklebung![\/vc_custom_heading][vc_empty_space empty_h=&#8220;2&#8243;][\/vc_column][\/vc_row][vc_row row_height_percent=&#8220;0&#8243; override_padding=&#8220;yes&#8220; h_padding=&#8220;2&#8243; top_padding=&#8220;3&#8243; bottom_padding=&#8220;3&#8243; back_color=&#8220;color-xsdn&#8220; overlay_alpha=&#8220;50&#8243; gutter_size=&#8220;3&#8243; column_width_percent=&#8220;100&#8243; shift_y=&#8220;0&#8243; z_index=&#8220;0&#8243; top_divider=&#8220;gradient&#8220; bottom_divider=&#8220;gradient&#8220; inverted_device_order=&#8220;yes&#8220; content_parallax=&#8220;0&#8243; uncode_shortcode_id=&#8220;158822&#8243; back_color_type=&#8220;uncode-palette&#8220;][vc_column column_width_percent=&#8220;100&#8243; gutter_size=&#8220;3&#8243; overlay_alpha=&#8220;50&#8243; shift_x=&#8220;0&#8243; shift_y=&#8220;0&#8243; shift_y_down=&#8220;0&#8243; z_index=&#8220;0&#8243; medium_width=&#8220;0&#8243; mobile_width=&#8220;0&#8243; css_animation=&#8220;alpha-anim&#8220; animation_speed=&#8220;1000&#8243; width=&#8220;1\/4&#8243; uncode_shortcode_id=&#8220;327424&#8243;][vc_row_inner row_inner_height_percent=&#8220;0&#8243; overlay_alpha=&#8220;50&#8243; gutter_size=&#8220;4&#8243; shift_y=&#8220;0&#8243; z_index=&#8220;0&#8243; limit_content=&#8220;&#8220;][vc_column_inner column_width_percent=&#8220;100&#8243; gutter_size=&#8220;3&#8243; overlay_alpha=&#8220;50&#8243; shift_x=&#8220;0&#8243; shift_y=&#8220;0&#8243; shift_y_down=&#8220;0&#8243; z_index=&#8220;0&#8243; medium_width=&#8220;4&#8243; mobile_width=&#8220;0&#8243; width=&#8220;1\/1&#8243; uncode_shortcode_id=&#8220;151535&#8243;][vc_custom_heading text_size=&#8220;h3&#8243; uncode_shortcode_id=&#8220;206743&#8243;]Men\u00fc Dienstleistungen[\/vc_custom_heading][uncode_list larger=&#8220;yes&#8220; icon=&#8220;fa fa-minus2&#8243; uncode_shortcode_id=&#8220;146246&#8243;]<\/p>\n<ul>\n<li><a href=\"https:\/\/www.stickcol.com\/de\/dienste\/branchen\/\">Branchen<\/a><\/li>\n<li><a href=\"https:\/\/www.stickcol.com\/de\/dienste\/geographische-gebiete\/\">Geographische Gebiete<\/a><\/li>\n<li><a style=\"color: #ea5b2b;\" href=\"https:\/\/www.stickcol.com\/de\/dienste\/kundendienste\/\">Kundendienste<\/a><\/li>\n<\/ul>\n<p>[\/uncode_list][\/vc_column_inner][\/vc_row_inner][\/vc_column][vc_column column_width_percent=&#8220;100&#8243; position_vertical=&#8220;middle&#8220; gutter_size=&#8220;3&#8243; overlay_alpha=&#8220;50&#8243; shift_x=&#8220;0&#8243; shift_y=&#8220;0&#8243; shift_y_down=&#8220;0&#8243; z_index=&#8220;0&#8243; medium_width=&#8220;0&#8243; mobile_width=&#8220;0&#8243; css_animation=&#8220;alpha-anim&#8220; animation_speed=&#8220;1000&#8243; width=&#8220;3\/4&#8243; uncode_shortcode_id=&#8220;484410&#8243;][vc_custom_heading text_size=&#8220;h3&#8243; text_height=&#8220;fontheight-357766&#8243; uncode_shortcode_id=&#8220;184251&#8243;]Die Stick Col srl genie\u00dft Hochachtung, da sie es versteht, ihre Kunden bei den Anforderungen, die an sie von den M\u00e4rkten gestellt werden, zu begleiten.[\/vc_custom_heading][vc_custom_heading text_size=&#8220;h3&#8243; text_height=&#8220;fontheight-357766&#8243; uncode_shortcode_id=&#8220;155093&#8243;]Die Stick Col srl ist daher ein idealer Partner von allen neuen Zielen und Bed\u00fcrfnissen, die aus den kreativen Ideen der Unternehmer entstehen.[\/vc_custom_heading][vc_column_text text_lead=&#8220;yes&#8220; uncode_shortcode_id=&#8220;649246&#8243;]<strong>Pers\u00f6nlich angepasste Produktionen:<\/strong><br \/>\nSchachteln, S\u00e4cke, Logos, Farben: alles kann man mit dem Produkt Stick Col srl pers\u00f6nlich anpassen.<br \/>\nFragen Sie nach der Durchf\u00fchrbarkeit Ihres Projekts: wir freuen uns, Ihnen die M\u00f6glichkeiten zu zeigen.<br \/>\nWir verwandeln Ihre Rohstoffe in Kleber in Stick, Granulat, Zylinder usw.[\/vc_column_text][vc_column_text text_lead=&#8220;yes&#8220; uncode_shortcode_id=&#8220;177284&#8243;]Unser Laboratorium steht f\u00fcr die Analyse Ihrer Proben und Klebe- und Verbindungstests von Oberfl\u00e4chen zur Verf\u00fcgung, die von Ihnen vorgeschlagen werden.[\/vc_column_text][vc_column_text text_lead=&#8220;yes&#8220; uncode_shortcode_id=&#8220;525833&#8243;]Das Laboratorium ist auch das Herz der Forschung und Entwicklung neuer Formeln und f\u00fcr Untersuchungen an neuen Rohstoffen. Die Entwicklung neuer Produkte ergibt sich aus den Anfragen der Kunden und auch aus dem Willen der Stick Col, den Hei\u00dfkleber immer vielseitiger und anpassungsf\u00e4higer an jede Situation zu machen.[\/vc_column_text][\/vc_column][\/vc_row][vc_row unlock_row_content=&#8220;yes&#8220; row_height_percent=&#8220;0&#8243; override_padding=&#8220;yes&#8220; h_padding=&#8220;3&#8243; top_padding=&#8220;4&#8243; bottom_padding=&#8220;5&#8243; back_color=&#8220;color-lxmt&#8220; overlay_alpha=&#8220;50&#8243; gutter_size=&#8220;3&#8243; column_width_percent=&#8220;100&#8243; shift_y=&#8220;0&#8243; z_index=&#8220;0&#8243; content_parallax=&#8220;0&#8243; uncode_shortcode_id=&#8220;158004&#8243; back_color_type=&#8220;uncode-palette&#8220;][vc_column column_width_percent=&#8220;100&#8243; gutter_size=&#8220;4&#8243; overlay_alpha=&#8220;50&#8243; shift_x=&#8220;0&#8243; shift_y=&#8220;0&#8243; shift_y_down=&#8220;0&#8243; z_index=&#8220;0&#8243; medium_width=&#8220;0&#8243; mobile_width=&#8220;0&#8243; width=&#8220;1\/1&#8243; uncode_shortcode_id=&#8220;760002&#8243;][vc_row_inner row_inner_height_percent=&#8220;0&#8243; overlay_alpha=&#8220;50&#8243; gutter_size=&#8220;6&#8243; shift_y=&#8220;0&#8243; z_index=&#8220;0&#8243; limit_content=&#8220;&#8220; uncode_shortcode_id=&#8220;775063&#8243;][vc_column_inner column_width_percent=&#8220;100&#8243; position_vertical=&#8220;middle&#8220; gutter_size=&#8220;3&#8243; overlay_alpha=&#8220;50&#8243; shift_x=&#8220;0&#8243; shift_y=&#8220;0&#8243; shift_y_down=&#8220;0&#8243; z_index=&#8220;0&#8243; medium_width=&#8220;0&#8243; mobile_width=&#8220;0&#8243; width=&#8220;10\/12&#8243; uncode_shortcode_id=&#8220;400306&#8243;][vc_custom_heading heading_semantic=&#8220;h3&#8243; text_size=&#8220;h3&#8243; text_weight=&#8220;400&#8243; uncode_shortcode_id=&#8220;164533&#8243;]Unser eigenes Labor ist das Herzst\u00fcck unserer Forschung und Entwicklung.[\/vc_custom_heading][vc_custom_heading heading_semantic=&#8220;h3&#8243; text_size=&#8220;fontsize-338686&#8243; uncode_shortcode_id=&#8220;494609&#8243;]Die perfekte Bindung:<br \/>\nUnsere Erfahrung im Dienste Ihres Klebebedarfs.[\/vc_custom_heading][\/vc_column_inner][vc_column_inner column_width_percent=&#8220;100&#8243; gutter_size=&#8220;3&#8243; overlay_alpha=&#8220;50&#8243; shift_x=&#8220;0&#8243; shift_y=&#8220;0&#8243; shift_y_down=&#8220;0&#8243; z_index=&#8220;0&#8243; medium_visibility=&#8220;yes&#8220; medium_width=&#8220;0&#8243; mobile_visibility=&#8220;yes&#8220; mobile_width=&#8220;0&#8243; width=&#8220;2\/12&#8243; uncode_shortcode_id=&#8220;180920&#8243;][\/vc_column_inner][\/vc_row_inner][vc_separator sep_color=&#8220;&#8220; uncode_shortcode_id=&#8220;131089&#8243; sep_color_type=&#8220;uncode-solid&#8220; sep_color_solid=&#8220;#c6c5c0&#8243;][vc_row_inner row_inner_height_percent=&#8220;0&#8243; overlay_alpha=&#8220;50&#8243; equal_height=&#8220;yes&#8220; gutter_size=&#8220;4&#8243; shift_y=&#8220;0&#8243; z_index=&#8220;0&#8243; limit_content=&#8220;&#8220;][vc_column_inner column_width_percent=&#8220;90&#8243; position_horizontal=&#8220;left&#8220; gutter_size=&#8220;3&#8243; overlay_alpha=&#8220;50&#8243; radius=&#8220;sm&#8220; shift_x=&#8220;0&#8243; shift_y=&#8220;0&#8243; shift_y_down=&#8220;0&#8243; z_index=&#8220;0&#8243; medium_width=&#8220;3&#8243; mobile_width=&#8220;0&#8243; width=&#8220;1\/3&#8243; uncode_shortcode_id=&#8220;170130&#8243;][vc_icon position=&#8220;left&#8220; title_aligned_icon=&#8220;yes&#8220; icon=&#8220;fa fa-cogs&#8220; icon_color=&#8220;accent&#8220; background_style=&#8220;fa-rounded&#8220; size=&#8220;fa-2x&#8220; heading_semantic=&#8220;h4&#8243; text_size=&#8220;h2&#8243; text_weight=&#8220;600&#8243; add_margin=&#8220;yes&#8220; title=&#8220;Individuell angepasste Produktion&#8220; link=&#8220;|||&#8220; uncode_shortcode_id=&#8220;115311&#8243; icon_color_type=&#8220;uncode-palette&#8220;]Formeln, Verpackung, Etikettierung, Durchmesser, L\u00e4nge auf Anfrage des Kunden.[\/vc_icon][\/vc_column_inner][vc_column_inner column_width_percent=&#8220;90&#8243; position_horizontal=&#8220;left&#8220; gutter_size=&#8220;3&#8243; overlay_alpha=&#8220;50&#8243; radius=&#8220;sm&#8220; shift_x=&#8220;0&#8243; shift_y=&#8220;0&#8243; shift_y_down=&#8220;0&#8243; z_index=&#8220;0&#8243; medium_width=&#8220;3&#8243; mobile_width=&#8220;0&#8243; width=&#8220;1\/3&#8243; uncode_shortcode_id=&#8220;523406&#8243;][vc_icon position=&#8220;left&#8220; title_aligned_icon=&#8220;yes&#8220; icon=&#8220;fa fa-share-square-o&#8220; icon_color=&#8220;accent&#8220; background_style=&#8220;fa-rounded&#8220; size=&#8220;fa-2x&#8220; heading_semantic=&#8220;h4&#8243; text_size=&#8220;h2&#8243; text_weight=&#8220;600&#8243; add_margin=&#8220;yes&#8220; title=&#8220;Herstellung F\u00fcr Dritte&#8220; link=&#8220;|||&#8220; uncode_shortcode_id=&#8220;755997&#8243; icon_color_type=&#8220;uncode-palette&#8220;]Aus Rohstoffen, die vom Kunden gew\u00e4hlt und geliefert werden.[\/vc_icon][\/vc_column_inner][vc_column_inner column_width_percent=&#8220;90&#8243; position_horizontal=&#8220;left&#8220; gutter_size=&#8220;3&#8243; overlay_alpha=&#8220;50&#8243; radius=&#8220;sm&#8220; shift_x=&#8220;0&#8243; shift_y=&#8220;0&#8243; shift_y_down=&#8220;0&#8243; z_index=&#8220;0&#8243; medium_width=&#8220;3&#8243; mobile_width=&#8220;0&#8243; width=&#8220;1\/3&#8243; link_to=&#8220;|||&#8220; uncode_shortcode_id=&#8220;581465&#8243;][vc_icon position=&#8220;left&#8220; title_aligned_icon=&#8220;yes&#8220; icon=&#8220;fa fa-flask&#8220; icon_color=&#8220;accent&#8220; background_style=&#8220;fa-rounded&#8220; size=&#8220;fa-2x&#8220; heading_semantic=&#8220;h4&#8243; text_size=&#8220;h2&#8243; text_weight=&#8220;600&#8243; add_margin=&#8220;yes&#8220; title=&#8220;Forschung und Entwicklung&#8220; link=&#8220;|||&#8220; uncode_shortcode_id=&#8220;145198&#8243; icon_color_type=&#8220;uncode-palette&#8220;]Um unseren Kunden immer die besten und die innovativsten Technologien zu bieten.[\/vc_icon][\/vc_column_inner][\/vc_row_inner][vc_row_inner row_inner_height_percent=&#8220;0&#8243; overlay_alpha=&#8220;50&#8243; equal_height=&#8220;yes&#8220; gutter_size=&#8220;4&#8243; shift_y=&#8220;0&#8243; z_index=&#8220;0&#8243; limit_content=&#8220;&#8220;][vc_column_inner column_width_percent=&#8220;90&#8243; position_horizontal=&#8220;left&#8220; gutter_size=&#8220;3&#8243; overlay_alpha=&#8220;50&#8243; radius=&#8220;sm&#8220; shift_x=&#8220;0&#8243; shift_y=&#8220;0&#8243; shift_y_down=&#8220;0&#8243; z_index=&#8220;0&#8243; medium_width=&#8220;3&#8243; mobile_width=&#8220;0&#8243; width=&#8220;1\/3&#8243; uncode_shortcode_id=&#8220;103996&#8243;][vc_icon position=&#8220;left&#8220; title_aligned_icon=&#8220;yes&#8220; icon=&#8220;fa fa-leaf&#8220; icon_color=&#8220;accent&#8220; background_style=&#8220;fa-rounded&#8220; size=&#8220;fa-2x&#8220; heading_semantic=&#8220;h4&#8243; text_size=&#8220;h2&#8243; text_weight=&#8220;600&#8243; add_margin=&#8220;yes&#8220; title=&#8220;Respekt f\u00fcr die Umwelt&#8220; link=&#8220;|||&#8220; uncode_shortcode_id=&#8220;189183&#8243; icon_color_type=&#8220;uncode-palette&#8220;]Kontrolle, Auswahl und \u00dcberwachung der verwendeten Rohstoffe.[\/vc_icon][\/vc_column_inner][vc_column_inner column_width_percent=&#8220;90&#8243; position_horizontal=&#8220;left&#8220; gutter_size=&#8220;3&#8243; overlay_alpha=&#8220;50&#8243; radius=&#8220;sm&#8220; shift_x=&#8220;0&#8243; shift_y=&#8220;0&#8243; shift_y_down=&#8220;0&#8243; z_index=&#8220;0&#8243; medium_width=&#8220;3&#8243; mobile_width=&#8220;0&#8243; width=&#8220;1\/3&#8243; uncode_shortcode_id=&#8220;153328&#8243;][vc_icon position=&#8220;left&#8220; title_aligned_icon=&#8220;yes&#8220; icon=&#8220;fa fa-compress&#8220; icon_color=&#8220;accent&#8220; background_style=&#8220;fa-rounded&#8220; size=&#8220;fa-2x&#8220; heading_semantic=&#8220;h4&#8243; text_size=&#8220;h2&#8243; text_weight=&#8220;600&#8243; add_margin=&#8220;yes&#8220; title=&#8220;Klebe- und Verbindungstests&#8220; link=&#8220;|||&#8220; uncode_shortcode_id=&#8220;182198&#8243; icon_color_type=&#8220;uncode-palette&#8220;]Um sichere Ergebnisse zu garantieren[\/vc_icon][\/vc_column_inner][vc_column_inner column_width_percent=&#8220;90&#8243; position_horizontal=&#8220;left&#8220; gutter_size=&#8220;3&#8243; overlay_alpha=&#8220;50&#8243; radius=&#8220;sm&#8220; shift_x=&#8220;0&#8243; shift_y=&#8220;0&#8243; shift_y_down=&#8220;0&#8243; z_index=&#8220;0&#8243; medium_width=&#8220;3&#8243; mobile_width=&#8220;0&#8243; width=&#8220;1\/3&#8243; link_to=&#8220;|||&#8220; uncode_shortcode_id=&#8220;188489&#8243;][vc_icon position=&#8220;left&#8220; title_aligned_icon=&#8220;yes&#8220; icon=&#8220;fa fa-bolt&#8220; icon_color=&#8220;accent&#8220; background_style=&#8220;fa-rounded&#8220; size=&#8220;fa-2x&#8220; heading_semantic=&#8220;h4&#8243; text_size=&#8220;h2&#8243; text_weight=&#8220;600&#8243; add_margin=&#8220;yes&#8220; title=&#8220;Laboratorium f\u00fcr Analyse von Hei\u00df- und Vinylklebern.&#8220; link=&#8220;|||&#8220; uncode_shortcode_id=&#8220;115145&#8243; icon_color_type=&#8220;uncode-palette&#8220;]F\u00fcr das Erreichen Ihres Ziels.[\/vc_icon][\/vc_column_inner][\/vc_row_inner][\/vc_column][\/vc_row]<\/p>\n<\/div>","protected":false},"excerpt":{"rendered":"<p>[vc_row row_height_percent=&#8220;0&#8243; back_color=&#8220;color-wayh&#8220; back_image=&#8220;141746&#8243; back_position=&#8220;center bottom&#8220; parallax=&#8220;yes&#8220; overlay_color=&#8220;color-wayh&#8220; overlay_alpha=&#8220;35&#8243; gutter_size=&#8220;3&#8243; column_width_percent=&#8220;100&#8243; shift_y=&#8220;0&#8243; z_index=&#8220;0&#8243; top_divider=&#8220;gradient&#8220; content_parallax=&#8220;0&#8243; uncode_shortcode_id=&#8220;273708&#8243; back_color_type=&#8220;uncode-palette&#8220; overlay_color_type=&#8220;uncode-palette&#8220; row_height_pixel=&#8220;400&#8243;][vc_column column_width_use_pixel=&#8220;yes&#8220; [&hellip;]<\/p>\n","protected":false},"author":1,"featured_media":0,"parent":144848,"menu_order":0,"comment_status":"closed","ping_status":"closed","template":"","meta":{"footnotes":""},"class_list":["post-144829","page","type-page","status-publish","hentry"],"yoast_head":"<!-- This site is optimized with the Yoast SEO plugin v26.7 - https:\/\/yoast.com\/wordpress\/plugins\/seo\/ -->\n<title>Kundendienste - Stick Col s.r.l.<\/title>\n<meta name=\"description\" content=\"Entscheiden Sie sich f\u00fcr unsere Dienstleistungen f\u00fcr eine erfolgreiche Verklebung!Men\u00fc Dienstleistungen Branchen Geographische Gebiete Kundendienste Die\" \/>\n<meta name=\"robots\" content=\"index, follow, max-snippet:-1, max-image-preview:large, max-video-preview:-1\" \/>\n<link rel=\"canonical\" href=\"https:\/\/www.stickcol.com\/servizi\/servizi-per-i-clienti\/\" \/>\n<meta property=\"og:locale\" content=\"de_DE\" \/>\n<meta property=\"og:type\" content=\"article\" \/>\n<meta property=\"og:title\" content=\"Kundendienste - Stick Col s.r.l.\" \/>\n<meta property=\"og:description\" content=\"Entscheiden Sie sich f\u00fcr unsere Dienstleistungen f\u00fcr eine erfolgreiche Verklebung!Men\u00fc Dienstleistungen Branchen Geographische Gebiete Kundendienste Die\" \/>\n<meta property=\"og:url\" content=\"https:\/\/www.stickcol.com\/servizi\/servizi-per-i-clienti\/\" \/>\n<meta property=\"og:site_name\" content=\"Stick Col s.r.l.\" \/>\n<meta property=\"article:modified_time\" content=\"2025-04-09T13:33:13+00:00\" \/>\n<meta name=\"twitter:card\" content=\"summary_large_image\" \/>\n<meta name=\"twitter:label1\" content=\"Gesch\u00e4tzte Lesezeit\" \/>\n\t<meta name=\"twitter:data1\" content=\"7\u00a0Minuten\" \/>\n<script type=\"application\/ld+json\" class=\"yoast-schema-graph\">{\"@context\":\"https:\/\/schema.org\",\"@graph\":[{\"@type\":\"WebPage\",\"@id\":\"https:\/\/www.stickcol.com\/servizi\/servizi-per-i-clienti\/\",\"url\":\"https:\/\/www.stickcol.com\/servizi\/servizi-per-i-clienti\/\",\"name\":\"Kundendienste - Stick Col s.r.l.\",\"isPartOf\":{\"@id\":\"https:\/\/www.stickcol.com\/#website\"},\"datePublished\":\"2025-02-10T19:43:15+00:00\",\"dateModified\":\"2025-04-09T13:33:13+00:00\",\"description\":\"Entscheiden Sie sich f\u00fcr unsere Dienstleistungen f\u00fcr eine erfolgreiche Verklebung!Men\u00fc Dienstleistungen Branchen Geographische Gebiete Kundendienste Die\",\"breadcrumb\":{\"@id\":\"https:\/\/www.stickcol.com\/servizi\/servizi-per-i-clienti\/#breadcrumb\"},\"inLanguage\":\"de\",\"potentialAction\":[{\"@type\":\"ReadAction\",\"target\":[\"https:\/\/www.stickcol.com\/servizi\/servizi-per-i-clienti\/\"]}]},{\"@type\":\"BreadcrumbList\",\"@id\":\"https:\/\/www.stickcol.com\/servizi\/servizi-per-i-clienti\/#breadcrumb\",\"itemListElement\":[{\"@type\":\"ListItem\",\"position\":1,\"name\":\"Home\",\"item\":\"https:\/\/www.stickcol.com\/de\/\"},{\"@type\":\"ListItem\",\"position\":2,\"name\":\"Dienste\",\"item\":\"https:\/\/www.stickcol.com\/servizi\/\"},{\"@type\":\"ListItem\",\"position\":3,\"name\":\"Kundendienste\"}]},{\"@type\":\"WebSite\",\"@id\":\"https:\/\/www.stickcol.com\/#website\",\"url\":\"https:\/\/www.stickcol.com\/\",\"name\":\"Stick Col s.r.l.\",\"description\":\"Adesivi Termofusibili - Colle Viniliche - Analisi test e laboratorio\",\"potentialAction\":[{\"@type\":\"SearchAction\",\"target\":{\"@type\":\"EntryPoint\",\"urlTemplate\":\"https:\/\/www.stickcol.com\/?s={search_term_string}\"},\"query-input\":{\"@type\":\"PropertyValueSpecification\",\"valueRequired\":true,\"valueName\":\"search_term_string\"}}],\"inLanguage\":\"de\"}]}<\/script>\n<!-- \/ Yoast SEO plugin. -->","yoast_head_json":{"title":"Kundendienste - Stick Col s.r.l.","description":"Entscheiden Sie sich f\u00fcr unsere Dienstleistungen f\u00fcr eine erfolgreiche Verklebung!Men\u00fc Dienstleistungen Branchen Geographische Gebiete Kundendienste Die","robots":{"index":"index","follow":"follow","max-snippet":"max-snippet:-1","max-image-preview":"max-image-preview:large","max-video-preview":"max-video-preview:-1"},"canonical":"https:\/\/www.stickcol.com\/servizi\/servizi-per-i-clienti\/","og_locale":"de_DE","og_type":"article","og_title":"Kundendienste - Stick Col s.r.l.","og_description":"Entscheiden Sie sich f\u00fcr unsere Dienstleistungen f\u00fcr eine erfolgreiche Verklebung!Men\u00fc Dienstleistungen Branchen Geographische Gebiete Kundendienste Die","og_url":"https:\/\/www.stickcol.com\/servizi\/servizi-per-i-clienti\/","og_site_name":"Stick Col s.r.l.","article_modified_time":"2025-04-09T13:33:13+00:00","twitter_card":"summary_large_image","twitter_misc":{"Gesch\u00e4tzte Lesezeit":"7\u00a0Minuten"},"schema":{"@context":"https:\/\/schema.org","@graph":[{"@type":"WebPage","@id":"https:\/\/www.stickcol.com\/servizi\/servizi-per-i-clienti\/","url":"https:\/\/www.stickcol.com\/servizi\/servizi-per-i-clienti\/","name":"Kundendienste - Stick Col s.r.l.","isPartOf":{"@id":"https:\/\/www.stickcol.com\/#website"},"datePublished":"2025-02-10T19:43:15+00:00","dateModified":"2025-04-09T13:33:13+00:00","description":"Entscheiden Sie sich f\u00fcr unsere Dienstleistungen f\u00fcr eine erfolgreiche Verklebung!Men\u00fc Dienstleistungen Branchen Geographische Gebiete Kundendienste Die","breadcrumb":{"@id":"https:\/\/www.stickcol.com\/servizi\/servizi-per-i-clienti\/#breadcrumb"},"inLanguage":"de","potentialAction":[{"@type":"ReadAction","target":["https:\/\/www.stickcol.com\/servizi\/servizi-per-i-clienti\/"]}]},{"@type":"BreadcrumbList","@id":"https:\/\/www.stickcol.com\/servizi\/servizi-per-i-clienti\/#breadcrumb","itemListElement":[{"@type":"ListItem","position":1,"name":"Home","item":"https:\/\/www.stickcol.com\/de\/"},{"@type":"ListItem","position":2,"name":"Dienste","item":"https:\/\/www.stickcol.com\/servizi\/"},{"@type":"ListItem","position":3,"name":"Kundendienste"}]},{"@type":"WebSite","@id":"https:\/\/www.stickcol.com\/#website","url":"https:\/\/www.stickcol.com\/","name":"Stick Col s.r.l.","description":"Adesivi Termofusibili - Colle Viniliche - Analisi test e laboratorio","potentialAction":[{"@type":"SearchAction","target":{"@type":"EntryPoint","urlTemplate":"https:\/\/www.stickcol.com\/?s={search_term_string}"},"query-input":{"@type":"PropertyValueSpecification","valueRequired":true,"valueName":"search_term_string"}}],"inLanguage":"de"}]}},"_links":{"self":[{"href":"https:\/\/www.stickcol.com\/de\/wp-json\/wp\/v2\/pages\/144829","targetHints":{"allow":["GET"]}}],"collection":[{"href":"https:\/\/www.stickcol.com\/de\/wp-json\/wp\/v2\/pages"}],"about":[{"href":"https:\/\/www.stickcol.com\/de\/wp-json\/wp\/v2\/types\/page"}],"author":[{"embeddable":true,"href":"https:\/\/www.stickcol.com\/de\/wp-json\/wp\/v2\/users\/1"}],"replies":[{"embeddable":true,"href":"https:\/\/www.stickcol.com\/de\/wp-json\/wp\/v2\/comments?post=144829"}],"version-history":[{"count":0,"href":"https:\/\/www.stickcol.com\/de\/wp-json\/wp\/v2\/pages\/144829\/revisions"}],"up":[{"embeddable":true,"href":"https:\/\/www.stickcol.com\/de\/wp-json\/wp\/v2\/pages\/144848"}],"wp:attachment":[{"href":"https:\/\/www.stickcol.com\/de\/wp-json\/wp\/v2\/media?parent=144829"}],"curies":[{"name":"wp","href":"https:\/\/api.w.org\/{rel}","templated":true}]}}