{"id":144832,"date":"2025-02-10T19:41:08","date_gmt":"2025-02-10T19:41:08","guid":{"rendered":"https:\/\/www.stickcol.com\/aree-geografiche\/"},"modified":"2025-04-09T13:34:10","modified_gmt":"2025-04-09T13:34:10","slug":"geographische-gebiete","status":"publish","type":"page","link":"https:\/\/www.stickcol.com\/de\/dienste\/geographische-gebiete\/","title":{"rendered":"Geographische Gebiete"},"content":{"rendered":"<div class=\"wpb-content-wrapper\"><p>[vc_row row_height_percent=&#8220;0&#8243; back_color=&#8220;color-wayh&#8220; back_image=&#8220;141746&#8243; back_position=&#8220;center bottom&#8220; parallax=&#8220;yes&#8220; overlay_color=&#8220;color-wayh&#8220; overlay_alpha=&#8220;35&#8243; gutter_size=&#8220;3&#8243; column_width_percent=&#8220;100&#8243; shift_y=&#8220;0&#8243; z_index=&#8220;0&#8243; top_divider=&#8220;gradient&#8220; content_parallax=&#8220;0&#8243; uncode_shortcode_id=&#8220;460703&#8243; back_color_type=&#8220;uncode-palette&#8220; overlay_color_type=&#8220;uncode-palette&#8220; row_height_pixel=&#8220;400&#8243;][vc_column column_width_use_pixel=&#8220;yes&#8220; position_vertical=&#8220;middle&#8220; align_horizontal=&#8220;align_center&#8220; gutter_size=&#8220;2&#8243; style=&#8220;dark&#8220; overlay_alpha=&#8220;50&#8243; shift_x=&#8220;0&#8243; shift_y=&#8220;0&#8243; shift_y_down=&#8220;0&#8243; z_index=&#8220;0&#8243; medium_width=&#8220;0&#8243; mobile_width=&#8220;0&#8243; width=&#8220;1\/1&#8243; column_width_pixel=&#8220;1100&#8243; uncode_shortcode_id=&#8220;141607&#8243;][vc_custom_heading heading_semantic=&#8220;h1&#8243; text_size=&#8220;fontsize-338686&#8243; uncode_shortcode_id=&#8220;175571&#8243;]Flexibilit\u00e4t und Anpassungsf\u00e4higkeit: Unser Lieferprozess passt sich Ihren Anforderungen an[\/vc_custom_heading][\/vc_column][\/vc_row][vc_row row_height_percent=&#8220;0&#8243; override_padding=&#8220;yes&#8220; h_padding=&#8220;2&#8243; top_padding=&#8220;3&#8243; bottom_padding=&#8220;3&#8243; back_color=&#8220;color-xsdn&#8220; overlay_alpha=&#8220;50&#8243; gutter_size=&#8220;3&#8243; column_width_percent=&#8220;100&#8243; shift_y=&#8220;0&#8243; z_index=&#8220;0&#8243; top_divider=&#8220;gradient&#8220; bottom_divider=&#8220;gradient&#8220; inverted_device_order=&#8220;yes&#8220; content_parallax=&#8220;0&#8243; uncode_shortcode_id=&#8220;158822&#8243; back_color_type=&#8220;uncode-palette&#8220;][vc_column column_width_percent=&#8220;100&#8243; gutter_size=&#8220;3&#8243; overlay_alpha=&#8220;50&#8243; shift_x=&#8220;0&#8243; shift_y=&#8220;0&#8243; shift_y_down=&#8220;0&#8243; z_index=&#8220;0&#8243; medium_width=&#8220;0&#8243; mobile_width=&#8220;0&#8243; css_animation=&#8220;alpha-anim&#8220; animation_speed=&#8220;1000&#8243; width=&#8220;1\/4&#8243; uncode_shortcode_id=&#8220;327424&#8243;][vc_row_inner row_inner_height_percent=&#8220;0&#8243; overlay_alpha=&#8220;50&#8243; gutter_size=&#8220;4&#8243; shift_y=&#8220;0&#8243; z_index=&#8220;0&#8243; limit_content=&#8220;&#8220;][vc_column_inner column_width_percent=&#8220;100&#8243; gutter_size=&#8220;3&#8243; overlay_alpha=&#8220;50&#8243; shift_x=&#8220;0&#8243; shift_y=&#8220;0&#8243; shift_y_down=&#8220;0&#8243; z_index=&#8220;0&#8243; medium_width=&#8220;4&#8243; mobile_width=&#8220;0&#8243; width=&#8220;1\/1&#8243; uncode_shortcode_id=&#8220;151535&#8243;][vc_custom_heading text_size=&#8220;h3&#8243; uncode_shortcode_id=&#8220;210898&#8243;]Men\u00fc Dienstleistungen[\/vc_custom_heading][uncode_list larger=&#8220;yes&#8220; icon=&#8220;fa fa-minus2&#8243; uncode_shortcode_id=&#8220;140379&#8243;]<\/p>\n<ul>\n<li><a href=\"https:\/\/www.stickcol.com\/de\/dienste\/branchen\/\">Branchen<\/a><\/li>\n<li><a style=\"color: #ea5b2b;\" href=\"https:\/\/www.stickcol.com\/de\/dienste\/geographische-gebiete\/\">Geographische Gebiete<\/a><\/li>\n<li><a href=\"https:\/\/www.stickcol.com\/de\/dienste\/kundendienste\/\">Kundendienste<\/a><\/li>\n<\/ul>\n<p>[\/uncode_list][\/vc_column_inner][\/vc_row_inner][\/vc_column][vc_column column_width_percent=&#8220;100&#8243; position_vertical=&#8220;middle&#8220; gutter_size=&#8220;3&#8243; overlay_alpha=&#8220;50&#8243; shift_x=&#8220;0&#8243; shift_y=&#8220;0&#8243; shift_y_down=&#8220;0&#8243; z_index=&#8220;0&#8243; medium_width=&#8220;0&#8243; mobile_width=&#8220;0&#8243; css_animation=&#8220;alpha-anim&#8220; animation_speed=&#8220;1000&#8243; width=&#8220;3\/4&#8243; uncode_shortcode_id=&#8220;484410&#8243;][vc_custom_heading text_size=&#8220;h3&#8243; text_height=&#8220;fontheight-357766&#8243; uncode_shortcode_id=&#8220;943747&#8243;]Sehr breite Bereiche werden von der Stick Col abgedeckt, da ihre Produktion im logistischen Herzen der Herstellung von Keramik und der Verkleidung liegt.[\/vc_custom_heading][vc_custom_heading text_size=&#8220;h3&#8243; text_height=&#8220;fontheight-357766&#8243; uncode_shortcode_id=&#8220;188716&#8243;]Dies macht sie auch wettbewerbsf\u00e4hig im Bereich der Transporte, da der Bereich von Kurieren und Spediteuren aus und in die ganze Welt beliefert wird.[\/vc_custom_heading][vc_single_image media=&#8220;142260&#8243; media_width_percent=&#8220;100&#8243; uncode_shortcode_id=&#8220;664762&#8243;][vc_row_inner limit_content=&#8220;&#8220;][vc_column_inner width=&#8220;1\/2&#8243;][vc_raw_html]JTNDaWZyYW1lJTIwc3JjJTNEJTIyaHR0cHMlM0ElMkYlMkZ3d3cuZ29vZ2xlLmNvbSUyRm1hcHMlMkZlbWJlZCUzRnBiJTNEJTIxMW0xOCUyMTFtMTIlMjExbTMlMjExZDU5MDYuMTM2MDY5OTc0NTE4JTIxMmQxMC44MzkxOTgxMTMyODc3MzYlMjEzZDQ0LjUzOTA2NjM5NDU2NDU3JTIxMm0zJTIxMWYwJTIxMmYwJTIxM2YwJTIxM20yJTIxMWkxMDI0JTIxMmk3NjglMjE0ZjEzLjElMjEzbTMlMjExbTIlMjExczB4NDc3ZmUzM2ZlYmJiMDIxOSUyNTNBMHhkMmQ1OTkwZjRjZTA4YmQ1JTIxMnNTdGljayUyNTIwQ29sJTI1MjBTcmwlMjE1ZTElMjEzbTIlMjExc2l0JTIxMnNpdCUyMTR2MTc0MDUxNDc3OTE1OCUyMTVtMiUyMTFzaXQlMjEyc2l0JTIyJTIwd2lkdGglM0QlMjIxMDAlMjUlMjIlMjBoZWlnaHQlM0QlMjI0NTAlMjIlMjBzdHlsZSUzRCUyMmJvcmRlciUzQTAlM0IlMjIlMjBhbGxvd2Z1bGxzY3JlZW4lM0QlMjIlMjIlMjBsb2FkaW5nJTNEJTIybGF6eSUyMiUyMHJlZmVycmVycG9saWN5JTNEJTIybm8tcmVmZXJyZXItd2hlbi1kb3duZ3JhZGUlMjIlM0UlM0MlMkZpZnJhbWUlM0U=[\/vc_raw_html][\/vc_column_inner][vc_column_inner width=&#8220;1\/2&#8243;][vc_column_text text_lead=&#8220;yes&#8220; uncode_shortcode_id=&#8220;103821&#8243;]<strong>Logistik:<\/strong><br \/>\nDie Gegend ist logistisch strategisch, da sie t\u00e4glich von Spediteuren besucht wird, die in die ganze Welt transportieren.[\/vc_column_text][\/vc_column_inner][\/vc_row_inner][\/vc_column][\/vc_row]<\/p>\n<\/div>","protected":false},"excerpt":{"rendered":"<p>[vc_row row_height_percent=&#8220;0&#8243; back_color=&#8220;color-wayh&#8220; back_image=&#8220;141746&#8243; back_position=&#8220;center bottom&#8220; parallax=&#8220;yes&#8220; overlay_color=&#8220;color-wayh&#8220; overlay_alpha=&#8220;35&#8243; gutter_size=&#8220;3&#8243; column_width_percent=&#8220;100&#8243; shift_y=&#8220;0&#8243; z_index=&#8220;0&#8243; top_divider=&#8220;gradient&#8220; content_parallax=&#8220;0&#8243; uncode_shortcode_id=&#8220;460703&#8243; back_color_type=&#8220;uncode-palette&#8220; overlay_color_type=&#8220;uncode-palette&#8220; row_height_pixel=&#8220;400&#8243;][vc_column column_width_use_pixel=&#8220;yes&#8220; [&hellip;]<\/p>\n","protected":false},"author":1,"featured_media":0,"parent":144848,"menu_order":0,"comment_status":"closed","ping_status":"closed","template":"","meta":{"footnotes":""},"class_list":["post-144832","page","type-page","status-publish","hentry"],"yoast_head":"<!-- This site is optimized with the Yoast SEO plugin v26.7 - https:\/\/yoast.com\/wordpress\/plugins\/seo\/ -->\n<title>Geographische Gebiete - Stick Col s.r.l.<\/title>\n<meta name=\"description\" content=\"Flexibilit\u00e4t und Anpassungsf\u00e4higkeit: Unser Lieferprozess passt sich Ihren Anforderungen anMen\u00fc Dienstleistungen Branchen Geographische Gebiete\" \/>\n<meta name=\"robots\" content=\"index, follow, max-snippet:-1, max-image-preview:large, max-video-preview:-1\" \/>\n<link rel=\"canonical\" href=\"https:\/\/www.stickcol.com\/servizi\/aree-geografiche\/\" \/>\n<meta property=\"og:locale\" content=\"de_DE\" \/>\n<meta property=\"og:type\" content=\"article\" \/>\n<meta property=\"og:title\" content=\"Geographische Gebiete - Stick Col s.r.l.\" \/>\n<meta property=\"og:description\" content=\"Flexibilit\u00e4t und Anpassungsf\u00e4higkeit: Unser Lieferprozess passt sich Ihren Anforderungen anMen\u00fc Dienstleistungen Branchen Geographische Gebiete\" \/>\n<meta property=\"og:url\" content=\"https:\/\/www.stickcol.com\/servizi\/aree-geografiche\/\" \/>\n<meta property=\"og:site_name\" content=\"Stick Col s.r.l.\" \/>\n<meta property=\"article:modified_time\" content=\"2025-04-09T13:34:10+00:00\" \/>\n<meta name=\"twitter:card\" content=\"summary_large_image\" \/>\n<meta name=\"twitter:label1\" content=\"Gesch\u00e4tzte Lesezeit\" \/>\n\t<meta name=\"twitter:data1\" content=\"3\u00a0Minuten\" \/>\n<script type=\"application\/ld+json\" class=\"yoast-schema-graph\">{\"@context\":\"https:\/\/schema.org\",\"@graph\":[{\"@type\":\"WebPage\",\"@id\":\"https:\/\/www.stickcol.com\/servizi\/aree-geografiche\/\",\"url\":\"https:\/\/www.stickcol.com\/servizi\/aree-geografiche\/\",\"name\":\"Geographische Gebiete - Stick Col s.r.l.\",\"isPartOf\":{\"@id\":\"https:\/\/www.stickcol.com\/#website\"},\"datePublished\":\"2025-02-10T19:41:08+00:00\",\"dateModified\":\"2025-04-09T13:34:10+00:00\",\"description\":\"Flexibilit\u00e4t und Anpassungsf\u00e4higkeit: Unser Lieferprozess passt sich Ihren Anforderungen anMen\u00fc Dienstleistungen Branchen Geographische Gebiete\",\"breadcrumb\":{\"@id\":\"https:\/\/www.stickcol.com\/servizi\/aree-geografiche\/#breadcrumb\"},\"inLanguage\":\"de\",\"potentialAction\":[{\"@type\":\"ReadAction\",\"target\":[\"https:\/\/www.stickcol.com\/servizi\/aree-geografiche\/\"]}]},{\"@type\":\"BreadcrumbList\",\"@id\":\"https:\/\/www.stickcol.com\/servizi\/aree-geografiche\/#breadcrumb\",\"itemListElement\":[{\"@type\":\"ListItem\",\"position\":1,\"name\":\"Home\",\"item\":\"https:\/\/www.stickcol.com\/de\/\"},{\"@type\":\"ListItem\",\"position\":2,\"name\":\"Dienste\",\"item\":\"https:\/\/www.stickcol.com\/servizi\/\"},{\"@type\":\"ListItem\",\"position\":3,\"name\":\"Geographische Gebiete\"}]},{\"@type\":\"WebSite\",\"@id\":\"https:\/\/www.stickcol.com\/#website\",\"url\":\"https:\/\/www.stickcol.com\/\",\"name\":\"Stick Col s.r.l.\",\"description\":\"Adesivi Termofusibili - Colle Viniliche - Analisi test e laboratorio\",\"potentialAction\":[{\"@type\":\"SearchAction\",\"target\":{\"@type\":\"EntryPoint\",\"urlTemplate\":\"https:\/\/www.stickcol.com\/?s={search_term_string}\"},\"query-input\":{\"@type\":\"PropertyValueSpecification\",\"valueRequired\":true,\"valueName\":\"search_term_string\"}}],\"inLanguage\":\"de\"}]}<\/script>\n<!-- \/ Yoast SEO plugin. -->","yoast_head_json":{"title":"Geographische Gebiete - Stick Col s.r.l.","description":"Flexibilit\u00e4t und Anpassungsf\u00e4higkeit: Unser Lieferprozess passt sich Ihren Anforderungen anMen\u00fc Dienstleistungen Branchen Geographische Gebiete","robots":{"index":"index","follow":"follow","max-snippet":"max-snippet:-1","max-image-preview":"max-image-preview:large","max-video-preview":"max-video-preview:-1"},"canonical":"https:\/\/www.stickcol.com\/servizi\/aree-geografiche\/","og_locale":"de_DE","og_type":"article","og_title":"Geographische Gebiete - Stick Col s.r.l.","og_description":"Flexibilit\u00e4t und Anpassungsf\u00e4higkeit: Unser Lieferprozess passt sich Ihren Anforderungen anMen\u00fc Dienstleistungen Branchen Geographische Gebiete","og_url":"https:\/\/www.stickcol.com\/servizi\/aree-geografiche\/","og_site_name":"Stick Col s.r.l.","article_modified_time":"2025-04-09T13:34:10+00:00","twitter_card":"summary_large_image","twitter_misc":{"Gesch\u00e4tzte Lesezeit":"3\u00a0Minuten"},"schema":{"@context":"https:\/\/schema.org","@graph":[{"@type":"WebPage","@id":"https:\/\/www.stickcol.com\/servizi\/aree-geografiche\/","url":"https:\/\/www.stickcol.com\/servizi\/aree-geografiche\/","name":"Geographische Gebiete - Stick Col s.r.l.","isPartOf":{"@id":"https:\/\/www.stickcol.com\/#website"},"datePublished":"2025-02-10T19:41:08+00:00","dateModified":"2025-04-09T13:34:10+00:00","description":"Flexibilit\u00e4t und Anpassungsf\u00e4higkeit: Unser Lieferprozess passt sich Ihren Anforderungen anMen\u00fc Dienstleistungen Branchen Geographische Gebiete","breadcrumb":{"@id":"https:\/\/www.stickcol.com\/servizi\/aree-geografiche\/#breadcrumb"},"inLanguage":"de","potentialAction":[{"@type":"ReadAction","target":["https:\/\/www.stickcol.com\/servizi\/aree-geografiche\/"]}]},{"@type":"BreadcrumbList","@id":"https:\/\/www.stickcol.com\/servizi\/aree-geografiche\/#breadcrumb","itemListElement":[{"@type":"ListItem","position":1,"name":"Home","item":"https:\/\/www.stickcol.com\/de\/"},{"@type":"ListItem","position":2,"name":"Dienste","item":"https:\/\/www.stickcol.com\/servizi\/"},{"@type":"ListItem","position":3,"name":"Geographische Gebiete"}]},{"@type":"WebSite","@id":"https:\/\/www.stickcol.com\/#website","url":"https:\/\/www.stickcol.com\/","name":"Stick Col s.r.l.","description":"Adesivi Termofusibili - Colle Viniliche - Analisi test e laboratorio","potentialAction":[{"@type":"SearchAction","target":{"@type":"EntryPoint","urlTemplate":"https:\/\/www.stickcol.com\/?s={search_term_string}"},"query-input":{"@type":"PropertyValueSpecification","valueRequired":true,"valueName":"search_term_string"}}],"inLanguage":"de"}]}},"_links":{"self":[{"href":"https:\/\/www.stickcol.com\/de\/wp-json\/wp\/v2\/pages\/144832","targetHints":{"allow":["GET"]}}],"collection":[{"href":"https:\/\/www.stickcol.com\/de\/wp-json\/wp\/v2\/pages"}],"about":[{"href":"https:\/\/www.stickcol.com\/de\/wp-json\/wp\/v2\/types\/page"}],"author":[{"embeddable":true,"href":"https:\/\/www.stickcol.com\/de\/wp-json\/wp\/v2\/users\/1"}],"replies":[{"embeddable":true,"href":"https:\/\/www.stickcol.com\/de\/wp-json\/wp\/v2\/comments?post=144832"}],"version-history":[{"count":0,"href":"https:\/\/www.stickcol.com\/de\/wp-json\/wp\/v2\/pages\/144832\/revisions"}],"up":[{"embeddable":true,"href":"https:\/\/www.stickcol.com\/de\/wp-json\/wp\/v2\/pages\/144848"}],"wp:attachment":[{"href":"https:\/\/www.stickcol.com\/de\/wp-json\/wp\/v2\/media?parent=144832"}],"curies":[{"name":"wp","href":"https:\/\/api.w.org\/{rel}","templated":true}]}}