{"id":144836,"date":"2025-02-10T19:39:15","date_gmt":"2025-02-10T19:39:15","guid":{"rendered":"https:\/\/www.stickcol.com\/settori-merceologici\/"},"modified":"2025-12-15T14:21:18","modified_gmt":"2025-12-15T14:21:18","slug":"branchen","status":"publish","type":"page","link":"https:\/\/www.stickcol.com\/de\/dienste\/branchen\/","title":{"rendered":"Branchen"},"content":{"rendered":"<div class=\"wpb-content-wrapper\"><p>[vc_row row_height_percent=&#8220;0&#8243; back_color=&#8220;color-wayh&#8220; back_image=&#8220;141746&#8243; back_position=&#8220;center bottom&#8220; parallax=&#8220;yes&#8220; overlay_color=&#8220;color-wayh&#8220; overlay_alpha=&#8220;35&#8243; gutter_size=&#8220;3&#8243; column_width_percent=&#8220;100&#8243; shift_y=&#8220;0&#8243; z_index=&#8220;0&#8243; top_divider=&#8220;gradient&#8220; content_parallax=&#8220;0&#8243; uncode_shortcode_id=&#8220;273708&#8243; back_color_type=&#8220;uncode-palette&#8220; overlay_color_type=&#8220;uncode-palette&#8220; row_height_pixel=&#8220;400&#8243;][vc_column column_width_percent=&#8220;91&#8243; position_vertical=&#8220;middle&#8220; align_horizontal=&#8220;align_center&#8220; gutter_size=&#8220;2&#8243; style=&#8220;dark&#8220; overlay_alpha=&#8220;50&#8243; shift_x=&#8220;0&#8243; shift_y=&#8220;0&#8243; shift_y_down=&#8220;0&#8243; z_index=&#8220;0&#8243; medium_width=&#8220;0&#8243; mobile_width=&#8220;0&#8243; width=&#8220;1\/1&#8243; uncode_shortcode_id=&#8220;494134&#8243;][vc_custom_heading heading_semantic=&#8220;h1&#8243; text_size=&#8220;fontsize-338686&#8243; uncode_shortcode_id=&#8220;679672&#8243;]Hei\u00dfklebesticks: Vielseitig einsetzbar f\u00fcr alle Produktbereiche[\/vc_custom_heading][vc_empty_space empty_h=&#8220;2&#8243;][\/vc_column][\/vc_row][vc_row row_height_percent=&#8220;0&#8243; override_padding=&#8220;yes&#8220; h_padding=&#8220;2&#8243; top_padding=&#8220;3&#8243; bottom_padding=&#8220;3&#8243; back_color=&#8220;color-xsdn&#8220; overlay_alpha=&#8220;50&#8243; gutter_size=&#8220;3&#8243; column_width_percent=&#8220;100&#8243; shift_y=&#8220;0&#8243; z_index=&#8220;0&#8243; top_divider=&#8220;gradient&#8220; bottom_divider=&#8220;gradient&#8220; inverted_device_order=&#8220;yes&#8220; content_parallax=&#8220;0&#8243; uncode_shortcode_id=&#8220;158822&#8243; back_color_type=&#8220;uncode-palette&#8220;][vc_column width=&#8220;1\/2&#8243;][vc_row_inner row_inner_height_percent=&#8220;0&#8243; overlay_alpha=&#8220;50&#8243; gutter_size=&#8220;3&#8243; shift_y=&#8220;0&#8243; z_index=&#8220;0&#8243; uncode_shortcode_id=&#8220;407095&#8243;][vc_column_inner column_width_percent=&#8220;100&#8243; gutter_size=&#8220;3&#8243; overlay_alpha=&#8220;50&#8243; shift_x=&#8220;0&#8243; shift_y=&#8220;-2&#8243; shift_y_down=&#8220;0&#8243; z_index=&#8220;0&#8243; medium_width=&#8220;0&#8243; mobile_width=&#8220;0&#8243; width=&#8220;1\/2&#8243; uncode_shortcode_id=&#8220;121698&#8243;][vc_single_image media=&#8220;146263&#8243; media_width_percent=&#8220;100&#8243; media_ratio=&#8220;nine-sixteen&#8220; uncode_shortcode_id=&#8220;145200&#8243;][\/vc_column_inner][vc_column_inner width=&#8220;1\/2&#8243;][vc_single_image media=&#8220;146259&#8243; media_width_percent=&#8220;100&#8243; media_ratio=&#8220;nine-sixteen&#8220; uncode_shortcode_id=&#8220;367353&#8243;][\/vc_column_inner][\/vc_row_inner][\/vc_column][vc_column column_width_percent=&#8220;100&#8243; position_vertical=&#8220;middle&#8220; gutter_size=&#8220;3&#8243; overlay_alpha=&#8220;50&#8243; shift_x=&#8220;0&#8243; shift_y=&#8220;0&#8243; shift_y_down=&#8220;0&#8243; z_index=&#8220;0&#8243; medium_width=&#8220;0&#8243; mobile_width=&#8220;0&#8243; css_animation=&#8220;alpha-anim&#8220; animation_speed=&#8220;1000&#8243; width=&#8220;1\/2&#8243; uncode_shortcode_id=&#8220;484410&#8243;][vc_custom_heading text_size=&#8220;h3&#8243; text_height=&#8220;fontheight-357766&#8243; uncode_shortcode_id=&#8220;191749&#8243;]Wir k\u00f6nnen behaupten, dass die Hei\u00dfkleber, vor allem aber Hei\u00dfkleber in Stick in allen Bereichen der Produktion und Manufaktur eingesetzt werden: das was variiert, ist die verwendete Menge, die von den Gewohnheiten der Firma abh\u00e4ngt:[\/vc_custom_heading][vc_custom_heading text_size=&#8220;h3&#8243; text_weight=&#8220;400&#8243; text_height=&#8220;fontheight-357766&#8243; uncode_shortcode_id=&#8220;110839&#8243;]INDUSTRIE \/ PAPIERVERARBEITUNG \/ HANDARBEIT \/ GRAPHIK \/ STOFFE \/ M\u00d6BELN \/ ELEKTRONIK \/ HOBBY \/ HANDWERK \/ KOSMETIK \/ KERAMIK[\/vc_custom_heading][vc_column_text text_lead=&#8220;yes&#8220; uncode_shortcode_id=&#8220;636126&#8243;]Verschlie\u00dfen von Schachteln, Verkleben von Papier und Karton, Adh\u00e4sion von Details aus Glas, Leder, Metallen, Keramik in folgenden Branchen: Bijouterie, Lederwaren, Bonbonieren, Weihnachtskrippen, allgemeine Dekorationen, Masken, Isolierungen, Bauarbeiten, F\u00fcllungen, Bilderrahmen, M\u00f6belindustrie, Kosmetik, Metallurgie, Verpackung, Weinbau, Blumen, Polsterung, Papierverarbeitung, Obst, Modellbau, Elektrik, Medizin, Automobile, Fotografie.[\/vc_column_text][\/vc_column][\/vc_row][vc_row][vc_column column_width_percent=&#8220;100&#8243; gutter_size=&#8220;3&#8243; back_color=&#8220;color-xsdn&#8220; overlay_alpha=&#8220;50&#8243; shift_x=&#8220;0&#8243; shift_y=&#8220;0&#8243; shift_y_down=&#8220;0&#8243; z_index=&#8220;0&#8243; medium_width=&#8220;0&#8243; mobile_width=&#8220;0&#8243; width=&#8220;1\/1&#8243; uncode_shortcode_id=&#8220;157161&#8243; back_color_type=&#8220;uncode-palette&#8220;][vc_custom_heading text_color=&#8220;accent&#8220; heading_semantic=&#8220;h1&#8243; text_size=&#8220;fontsize-155944&#8243; uncode_shortcode_id=&#8220;770497&#8243; text_color_type=&#8220;uncode-palette&#8220;]Branchen[\/vc_custom_heading][uncode_index el_id=&#8220;index-113241&#8243; isotope_mode=&#8220;fitRows&#8220; loop=&#8220;size:8|order_by:title|order:ASC|post_type:page|by_id:146342,146214,146202,146189,146165,146139,146125,146109|taxonomy_count:10&#8243; index_back_color=&#8220;color-xsdn&#8220; screen_lg=&#8220;1000&#8243; screen_md=&#8220;600&#8243; screen_sm=&#8220;480&#8243; gutter_size=&#8220;3&#8243; page_items=&#8220;media|featured|onpost|original,title,link|default|small_size|scale_mobile|default_width|default_outline|Leggi di pi\u00f9&#8220; images_size=&#8220;four-three&#8220; single_overlay_opacity=&#8220;1&#8243; single_padding=&#8220;2&#8243; single_title_semantic=&#8220;h2&#8243; single_title_dimension=&#8220;custom&#8220; uncode_shortcode_id=&#8220;804592&#8243; index_back_color_type=&#8220;uncode-palette&#8220; heading_custom_size=&#8220;18px&#8220;][\/vc_column][\/vc_row]<\/p>\n<\/div>","protected":false},"excerpt":{"rendered":"<p>[vc_row row_height_percent=&#8220;0&#8243; back_color=&#8220;color-wayh&#8220; back_image=&#8220;141746&#8243; back_position=&#8220;center bottom&#8220; parallax=&#8220;yes&#8220; overlay_color=&#8220;color-wayh&#8220; overlay_alpha=&#8220;35&#8243; gutter_size=&#8220;3&#8243; column_width_percent=&#8220;100&#8243; shift_y=&#8220;0&#8243; z_index=&#8220;0&#8243; top_divider=&#8220;gradient&#8220; content_parallax=&#8220;0&#8243; uncode_shortcode_id=&#8220;273708&#8243; back_color_type=&#8220;uncode-palette&#8220; overlay_color_type=&#8220;uncode-palette&#8220; row_height_pixel=&#8220;400&#8243;][vc_column column_width_percent=&#8220;91&#8243; [&hellip;]<\/p>\n","protected":false},"author":1,"featured_media":0,"parent":144848,"menu_order":0,"comment_status":"closed","ping_status":"closed","template":"","meta":{"footnotes":""},"class_list":["post-144836","page","type-page","status-publish","hentry"],"yoast_head":"<!-- This site is optimized with the Yoast SEO plugin v26.7 - https:\/\/yoast.com\/wordpress\/plugins\/seo\/ -->\n<title>Branchen - Stick Col s.r.l.<\/title>\n<meta name=\"description\" content=\"Hei\u00dfklebesticks: Vielseitig einsetzbar f\u00fcr alle ProduktbereicheWir k\u00f6nnen behaupten, dass die Hei\u00dfkleber, vor allem aber Hei\u00dfkleber in Stick in allen\" \/>\n<meta name=\"robots\" content=\"index, follow, max-snippet:-1, max-image-preview:large, max-video-preview:-1\" \/>\n<link rel=\"canonical\" href=\"https:\/\/www.stickcol.com\/de\/dienste\/branchen\/\" \/>\n<meta property=\"og:locale\" content=\"de_DE\" \/>\n<meta property=\"og:type\" content=\"article\" \/>\n<meta property=\"og:title\" content=\"Branchen - Stick Col s.r.l.\" \/>\n<meta property=\"og:description\" content=\"Hei\u00dfklebesticks: Vielseitig einsetzbar f\u00fcr alle ProduktbereicheWir k\u00f6nnen behaupten, dass die Hei\u00dfkleber, vor allem aber Hei\u00dfkleber in Stick in allen\" \/>\n<meta property=\"og:url\" content=\"https:\/\/www.stickcol.com\/de\/dienste\/branchen\/\" \/>\n<meta property=\"og:site_name\" content=\"Stick Col s.r.l.\" \/>\n<meta property=\"article:modified_time\" content=\"2025-12-15T14:21:18+00:00\" \/>\n<meta name=\"twitter:card\" content=\"summary_large_image\" \/>\n<meta name=\"twitter:label1\" content=\"Gesch\u00e4tzte Lesezeit\" \/>\n\t<meta name=\"twitter:data1\" content=\"2\u00a0Minuten\" \/>\n<script type=\"application\/ld+json\" class=\"yoast-schema-graph\">{\"@context\":\"https:\/\/schema.org\",\"@graph\":[{\"@type\":\"WebPage\",\"@id\":\"https:\/\/www.stickcol.com\/de\/dienste\/branchen\/\",\"url\":\"https:\/\/www.stickcol.com\/de\/dienste\/branchen\/\",\"name\":\"Branchen - Stick Col s.r.l.\",\"isPartOf\":{\"@id\":\"https:\/\/www.stickcol.com\/#website\"},\"datePublished\":\"2025-02-10T19:39:15+00:00\",\"dateModified\":\"2025-12-15T14:21:18+00:00\",\"description\":\"Hei\u00dfklebesticks: Vielseitig einsetzbar f\u00fcr alle ProduktbereicheWir k\u00f6nnen behaupten, dass die Hei\u00dfkleber, vor allem aber Hei\u00dfkleber in Stick in allen\",\"breadcrumb\":{\"@id\":\"https:\/\/www.stickcol.com\/de\/dienste\/branchen\/#breadcrumb\"},\"inLanguage\":\"de\",\"potentialAction\":[{\"@type\":\"ReadAction\",\"target\":[\"https:\/\/www.stickcol.com\/de\/dienste\/branchen\/\"]}]},{\"@type\":\"BreadcrumbList\",\"@id\":\"https:\/\/www.stickcol.com\/de\/dienste\/branchen\/#breadcrumb\",\"itemListElement\":[{\"@type\":\"ListItem\",\"position\":1,\"name\":\"Home\",\"item\":\"https:\/\/www.stickcol.com\/de\/\"},{\"@type\":\"ListItem\",\"position\":2,\"name\":\"Dienste\",\"item\":\"https:\/\/www.stickcol.com\/servizi\/\"},{\"@type\":\"ListItem\",\"position\":3,\"name\":\"Branchen\"}]},{\"@type\":\"WebSite\",\"@id\":\"https:\/\/www.stickcol.com\/#website\",\"url\":\"https:\/\/www.stickcol.com\/\",\"name\":\"Stick Col s.r.l.\",\"description\":\"Adesivi Termofusibili - Colle Viniliche - Analisi test e laboratorio\",\"potentialAction\":[{\"@type\":\"SearchAction\",\"target\":{\"@type\":\"EntryPoint\",\"urlTemplate\":\"https:\/\/www.stickcol.com\/?s={search_term_string}\"},\"query-input\":{\"@type\":\"PropertyValueSpecification\",\"valueRequired\":true,\"valueName\":\"search_term_string\"}}],\"inLanguage\":\"de\"}]}<\/script>\n<!-- \/ Yoast SEO plugin. -->","yoast_head_json":{"title":"Branchen - Stick Col s.r.l.","description":"Hei\u00dfklebesticks: Vielseitig einsetzbar f\u00fcr alle ProduktbereicheWir k\u00f6nnen behaupten, dass die Hei\u00dfkleber, vor allem aber Hei\u00dfkleber in Stick in allen","robots":{"index":"index","follow":"follow","max-snippet":"max-snippet:-1","max-image-preview":"max-image-preview:large","max-video-preview":"max-video-preview:-1"},"canonical":"https:\/\/www.stickcol.com\/de\/dienste\/branchen\/","og_locale":"de_DE","og_type":"article","og_title":"Branchen - Stick Col s.r.l.","og_description":"Hei\u00dfklebesticks: Vielseitig einsetzbar f\u00fcr alle ProduktbereicheWir k\u00f6nnen behaupten, dass die Hei\u00dfkleber, vor allem aber Hei\u00dfkleber in Stick in allen","og_url":"https:\/\/www.stickcol.com\/de\/dienste\/branchen\/","og_site_name":"Stick Col s.r.l.","article_modified_time":"2025-12-15T14:21:18+00:00","twitter_card":"summary_large_image","twitter_misc":{"Gesch\u00e4tzte Lesezeit":"2\u00a0Minuten"},"schema":{"@context":"https:\/\/schema.org","@graph":[{"@type":"WebPage","@id":"https:\/\/www.stickcol.com\/de\/dienste\/branchen\/","url":"https:\/\/www.stickcol.com\/de\/dienste\/branchen\/","name":"Branchen - Stick Col s.r.l.","isPartOf":{"@id":"https:\/\/www.stickcol.com\/#website"},"datePublished":"2025-02-10T19:39:15+00:00","dateModified":"2025-12-15T14:21:18+00:00","description":"Hei\u00dfklebesticks: Vielseitig einsetzbar f\u00fcr alle ProduktbereicheWir k\u00f6nnen behaupten, dass die Hei\u00dfkleber, vor allem aber Hei\u00dfkleber in Stick in allen","breadcrumb":{"@id":"https:\/\/www.stickcol.com\/de\/dienste\/branchen\/#breadcrumb"},"inLanguage":"de","potentialAction":[{"@type":"ReadAction","target":["https:\/\/www.stickcol.com\/de\/dienste\/branchen\/"]}]},{"@type":"BreadcrumbList","@id":"https:\/\/www.stickcol.com\/de\/dienste\/branchen\/#breadcrumb","itemListElement":[{"@type":"ListItem","position":1,"name":"Home","item":"https:\/\/www.stickcol.com\/de\/"},{"@type":"ListItem","position":2,"name":"Dienste","item":"https:\/\/www.stickcol.com\/servizi\/"},{"@type":"ListItem","position":3,"name":"Branchen"}]},{"@type":"WebSite","@id":"https:\/\/www.stickcol.com\/#website","url":"https:\/\/www.stickcol.com\/","name":"Stick Col s.r.l.","description":"Adesivi Termofusibili - Colle Viniliche - Analisi test e laboratorio","potentialAction":[{"@type":"SearchAction","target":{"@type":"EntryPoint","urlTemplate":"https:\/\/www.stickcol.com\/?s={search_term_string}"},"query-input":{"@type":"PropertyValueSpecification","valueRequired":true,"valueName":"search_term_string"}}],"inLanguage":"de"}]}},"_links":{"self":[{"href":"https:\/\/www.stickcol.com\/de\/wp-json\/wp\/v2\/pages\/144836","targetHints":{"allow":["GET"]}}],"collection":[{"href":"https:\/\/www.stickcol.com\/de\/wp-json\/wp\/v2\/pages"}],"about":[{"href":"https:\/\/www.stickcol.com\/de\/wp-json\/wp\/v2\/types\/page"}],"author":[{"embeddable":true,"href":"https:\/\/www.stickcol.com\/de\/wp-json\/wp\/v2\/users\/1"}],"replies":[{"embeddable":true,"href":"https:\/\/www.stickcol.com\/de\/wp-json\/wp\/v2\/comments?post=144836"}],"version-history":[{"count":4,"href":"https:\/\/www.stickcol.com\/de\/wp-json\/wp\/v2\/pages\/144836\/revisions"}],"predecessor-version":[{"id":146883,"href":"https:\/\/www.stickcol.com\/de\/wp-json\/wp\/v2\/pages\/144836\/revisions\/146883"}],"up":[{"embeddable":true,"href":"https:\/\/www.stickcol.com\/de\/wp-json\/wp\/v2\/pages\/144848"}],"wp:attachment":[{"href":"https:\/\/www.stickcol.com\/de\/wp-json\/wp\/v2\/media?parent=144836"}],"curies":[{"name":"wp","href":"https:\/\/api.w.org\/{rel}","templated":true}]}}