{"id":144840,"date":"2025-02-08T18:53:43","date_gmt":"2025-02-08T18:53:43","guid":{"rendered":"https:\/\/www.stickcol.com\/catalogo\/"},"modified":"2025-04-09T13:48:40","modified_gmt":"2025-04-09T13:48:40","slug":"katalog","status":"publish","type":"page","link":"https:\/\/www.stickcol.com\/de\/katalog\/","title":{"rendered":"Katalog"},"content":{"rendered":"<div class=\"wpb-content-wrapper\"><p>[vc_row row_height_percent=&#8220;0&#8243; back_color=&#8220;color-wayh&#8220; back_image=&#8220;141746&#8243; back_position=&#8220;center bottom&#8220; parallax=&#8220;yes&#8220; overlay_color=&#8220;color-wayh&#8220; overlay_alpha=&#8220;35&#8243; gutter_size=&#8220;3&#8243; column_width_percent=&#8220;100&#8243; shift_y=&#8220;0&#8243; z_index=&#8220;0&#8243; top_divider=&#8220;gradient&#8220; content_parallax=&#8220;0&#8243; uncode_shortcode_id=&#8220;273708&#8243; back_color_type=&#8220;uncode-palette&#8220; overlay_color_type=&#8220;uncode-palette&#8220; row_height_pixel=&#8220;400&#8243;][vc_column column_width_use_pixel=&#8220;yes&#8220; position_vertical=&#8220;middle&#8220; align_horizontal=&#8220;align_center&#8220; gutter_size=&#8220;2&#8243; style=&#8220;dark&#8220; overlay_alpha=&#8220;50&#8243; shift_x=&#8220;0&#8243; shift_y=&#8220;0&#8243; shift_y_down=&#8220;0&#8243; z_index=&#8220;0&#8243; medium_width=&#8220;0&#8243; mobile_width=&#8220;0&#8243; width=&#8220;1\/1&#8243; column_width_pixel=&#8220;1100&#8243; uncode_shortcode_id=&#8220;141607&#8243;][vc_custom_heading heading_semantic=&#8220;h1&#8243; text_size=&#8220;fontsize-338686&#8243; uncode_shortcode_id=&#8220;128379&#8243;]Entdecken Sie unser komplettes Angebot an Klebstoffl\u00f6sungen[\/vc_custom_heading][\/vc_column][\/vc_row][vc_row row_height_percent=&#8220;0&#8243; override_padding=&#8220;yes&#8220; h_padding=&#8220;2&#8243; top_padding=&#8220;5&#8243; bottom_padding=&#8220;4&#8243; overlay_alpha=&#8220;50&#8243; equal_height=&#8220;yes&#8220; gutter_size=&#8220;3&#8243; column_width_percent=&#8220;100&#8243; shift_y=&#8220;0&#8243; z_index=&#8220;0&#8243; inverted_device_order=&#8220;yes&#8220; content_parallax=&#8220;0&#8243; uncode_shortcode_id=&#8220;175919&#8243;][vc_column column_width_percent=&#8220;100&#8243; position_vertical=&#8220;middle&#8220; gutter_size=&#8220;3&#8243; overlay_alpha=&#8220;50&#8243; shift_x=&#8220;0&#8243; shift_y=&#8220;0&#8243; shift_y_down=&#8220;0&#8243; z_index=&#8220;0&#8243; medium_width=&#8220;0&#8243; mobile_width=&#8220;0&#8243; width=&#8220;1\/2&#8243;][vc_row_inner row_inner_height_percent=&#8220;0&#8243; overlay_alpha=&#8220;50&#8243; gutter_size=&#8220;2&#8243; shift_y=&#8220;0&#8243; z_index=&#8220;0&#8243; limit_content=&#8220;&#8220;][vc_column_inner column_width_percent=&#8220;100&#8243; gutter_size=&#8220;3&#8243; overlay_alpha=&#8220;50&#8243; shift_x=&#8220;0&#8243; shift_y=&#8220;-2&#8243; shift_y_fixed=&#8220;yes&#8220; shift_y_down=&#8220;0&#8243; z_index=&#8220;0&#8243; medium_width=&#8220;4&#8243; mobile_width=&#8220;4&#8243; css_animation=&#8220;bottom-t-top&#8220; animation_speed=&#8220;500&#8243; animation_delay=&#8220;100&#8243; parallax_intensity=&#8220;2&#8243; width=&#8220;1\/2&#8243; uncode_shortcode_id=&#8220;196125&#8243;][vc_single_image media=&#8220;141976&#8243; media_width_percent=&#8220;100&#8243; media_ratio=&#8220;nine-sixteen&#8220; uncode_shortcode_id=&#8220;565907&#8243;][\/vc_column_inner][vc_column_inner column_width_percent=&#8220;100&#8243; gutter_size=&#8220;3&#8243; overlay_alpha=&#8220;50&#8243; shift_x=&#8220;0&#8243; shift_y=&#8220;0&#8243; shift_y_fixed=&#8220;yes&#8220; shift_y_down=&#8220;-2&#8243; z_index=&#8220;0&#8243; medium_width=&#8220;4&#8243; mobile_width=&#8220;4&#8243; css_animation=&#8220;bottom-t-top&#8220; animation_speed=&#8220;500&#8243; animation_delay=&#8220;200&#8243; parallax_intensity=&#8220;3&#8243; width=&#8220;1\/2&#8243; uncode_shortcode_id=&#8220;158612&#8243;][vc_single_image media=&#8220;143345&#8243; media_width_percent=&#8220;100&#8243; media_ratio=&#8220;nine-sixteen&#8220; uncode_shortcode_id=&#8220;272074&#8243;][\/vc_column_inner][\/vc_row_inner][\/vc_column][vc_column column_width_percent=&#8220;100&#8243; position_vertical=&#8220;middle&#8220; gutter_size=&#8220;3&#8243; overlay_alpha=&#8220;50&#8243; shift_x=&#8220;0&#8243; shift_y=&#8220;0&#8243; shift_y_down=&#8220;0&#8243; z_index=&#8220;0&#8243; medium_width=&#8220;0&#8243; mobile_width=&#8220;0&#8243; width=&#8220;1\/2&#8243;][vc_custom_heading heading_semantic=&#8220;h3&#8243; text_size=&#8220;fontsize-155944&#8243; uncode_shortcode_id=&#8220;123830&#8243;]Hei\u00dfkleber[\/vc_custom_heading][vc_column_text uncode_shortcode_id=&#8220;141900&#8243;]Im Laufe der Jahre haben wir zahlreiche Formulierungen speziell f\u00fcr die L\u00f6sung handwerklicher und industrieller Probleme erforscht. Die erzielten Ergebnisse haben die unterschiedlichsten Anforderungen erf\u00fcllt. Die Dynamik und Produktionsflexibilit\u00e4t unserer Struktur haben es uns erm\u00f6glicht, unsere Kunden stets maximal zufrieden zu stellen.[\/vc_column_text][vc_button button_color=&#8220;accent&#8220; size=&#8220;btn-lg&#8220; border_width=&#8220;0&#8243; link=&#8220;url:https%3A%2F%2Fwww.stickcol.com%2Fde%2Fheisskleber%2F|title:Adesivi%20Termofusibili&#8220; button_color_type=&#8220;uncode-palette&#8220; uncode_shortcode_id=&#8220;983873&#8243;]Entdecken Sie die gesamte Palette[\/vc_button][\/vc_column][\/vc_row][vc_row row_height_percent=&#8220;0&#8243; override_padding=&#8220;yes&#8220; h_padding=&#8220;2&#8243; top_padding=&#8220;4&#8243; bottom_padding=&#8220;4&#8243; overlay_alpha=&#8220;50&#8243; equal_height=&#8220;yes&#8220; gutter_size=&#8220;3&#8243; column_width_percent=&#8220;100&#8243; shift_y=&#8220;0&#8243; z_index=&#8220;0&#8243; content_parallax=&#8220;0&#8243; uncode_shortcode_id=&#8220;488545&#8243;][vc_column column_width_percent=&#8220;100&#8243; position_vertical=&#8220;middle&#8220; gutter_size=&#8220;3&#8243; overlay_alpha=&#8220;50&#8243; shift_x=&#8220;0&#8243; shift_y=&#8220;0&#8243; shift_y_down=&#8220;0&#8243; z_index=&#8220;0&#8243; medium_width=&#8220;0&#8243; mobile_width=&#8220;0&#8243; width=&#8220;1\/2&#8243;][vc_custom_heading heading_semantic=&#8220;h3&#8243; text_size=&#8220;fontsize-155944&#8243; uncode_shortcode_id=&#8220;483638&#8243;]Vinylacetat-Kleber[\/vc_custom_heading][vc_column_text uncode_shortcode_id=&#8220;153837&#8243;]Unsere Vinylklebstoffe sind f\u00fcr den keramischen Bereich bestimmt, in dem Industrialisierung und handwerkliches K\u00f6nnen miteinander verschmelzen. Spezifische Mischungen f\u00fcr die Herstellung von Mosaiken, egal ob sie von Hand oder automatisch zusammengesetzt werden, finden Sie das richtige Produkt unter unseren vorgeschlagenen Formeln.[\/vc_column_text][vc_button button_color=&#8220;accent&#8220; size=&#8220;btn-lg&#8220; border_width=&#8220;0&#8243; link=&#8220;url:https%3A%2F%2Fwww.stickcol.com%2Fde%2Fvinylacetat-kleber%2F|title:Colle%20Viniliche&#8220; button_color_type=&#8220;uncode-palette&#8220; uncode_shortcode_id=&#8220;758888&#8243;]Entdecken Sie die gesamte Palette[\/vc_button][\/vc_column][vc_column column_width_percent=&#8220;100&#8243; position_vertical=&#8220;middle&#8220; gutter_size=&#8220;3&#8243; overlay_alpha=&#8220;50&#8243; shift_x=&#8220;0&#8243; shift_y=&#8220;0&#8243; shift_y_down=&#8220;0&#8243; z_index=&#8220;0&#8243; medium_width=&#8220;0&#8243; mobile_width=&#8220;0&#8243; width=&#8220;1\/2&#8243;][vc_row_inner row_inner_height_percent=&#8220;0&#8243; overlay_alpha=&#8220;50&#8243; gutter_size=&#8220;2&#8243; shift_y=&#8220;0&#8243; z_index=&#8220;0&#8243; limit_content=&#8220;&#8220;][vc_column_inner column_width_percent=&#8220;100&#8243; gutter_size=&#8220;3&#8243; overlay_alpha=&#8220;50&#8243; shift_x=&#8220;0&#8243; shift_y=&#8220;-2&#8243; shift_y_fixed=&#8220;yes&#8220; shift_y_down=&#8220;0&#8243; z_index=&#8220;0&#8243; medium_width=&#8220;4&#8243; mobile_width=&#8220;4&#8243; css_animation=&#8220;bottom-t-top&#8220; animation_delay=&#8220;500&#8243; parallax_intensity=&#8220;2&#8243; width=&#8220;1\/2&#8243; uncode_shortcode_id=&#8220;109261&#8243;][vc_single_image media=&#8220;141976&#8243; media_width_percent=&#8220;100&#8243; media_ratio=&#8220;nine-sixteen&#8220; uncode_shortcode_id=&#8220;126513&#8243;][\/vc_column_inner][vc_column_inner column_width_percent=&#8220;100&#8243; gutter_size=&#8220;3&#8243; overlay_alpha=&#8220;50&#8243; shift_x=&#8220;0&#8243; shift_y=&#8220;0&#8243; shift_y_fixed=&#8220;yes&#8220; shift_y_down=&#8220;-2&#8243; z_index=&#8220;0&#8243; medium_width=&#8220;4&#8243; mobile_width=&#8220;4&#8243; css_animation=&#8220;bottom-t-top&#8220; animation_speed=&#8220;500&#8243; animation_delay=&#8220;600&#8243; parallax_intensity=&#8220;3&#8243; width=&#8220;1\/2&#8243; uncode_shortcode_id=&#8220;148854&#8243;][vc_single_image media=&#8220;141996&#8243; media_width_percent=&#8220;100&#8243; media_ratio=&#8220;nine-sixteen&#8220; uncode_shortcode_id=&#8220;133192&#8243;][\/vc_column_inner][\/vc_row_inner][\/vc_column][\/vc_row][vc_row row_height_percent=&#8220;0&#8243; override_padding=&#8220;yes&#8220; h_padding=&#8220;2&#8243; top_padding=&#8220;4&#8243; bottom_padding=&#8220;5&#8243; overlay_alpha=&#8220;50&#8243; gutter_size=&#8220;4&#8243; column_width_percent=&#8220;100&#8243; shift_y=&#8220;0&#8243; z_index=&#8220;0&#8243; content_parallax=&#8220;0&#8243; uncode_shortcode_id=&#8220;751112&#8243;][vc_column column_width_percent=&#8220;100&#8243; gutter_size=&#8220;3&#8243; overlay_alpha=&#8220;50&#8243; shift_x=&#8220;0&#8243; shift_y=&#8220;0&#8243; shift_y_down=&#8220;0&#8243; z_index=&#8220;0&#8243; medium_width=&#8220;4&#8243; mobile_width=&#8220;0&#8243; width=&#8220;6\/12&#8243; el_class=&#8220;image-card image-card-triple&#8220; uncode_shortcode_id=&#8220;327674&#8243;][vc_single_image media=&#8220;142824&#8243; media_width_percent=&#8220;100&#8243; media_ratio=&#8220;one-one&#8220; alignment=&#8220;right&#8220; shadow=&#8220;yes&#8220; shadow_weight=&#8220;std&#8220; css_animation=&#8220;parallax&#8220; parallax_intensity=&#8220;3&#8243; uncode_shortcode_id=&#8220;149721&#8243;][vc_single_image media=&#8220;142868&#8243; media_width_percent=&#8220;100&#8243; media_ratio=&#8220;one-one&#8220; alignment=&#8220;right&#8220; shadow=&#8220;yes&#8220; shadow_weight=&#8220;std&#8220; uncode_shortcode_id=&#8220;907676&#8243;][vc_single_image media=&#8220;142852&#8243; media_width_percent=&#8220;100&#8243; media_ratio=&#8220;one-one&#8220; alignment=&#8220;right&#8220; shadow=&#8220;yes&#8220; shadow_weight=&#8220;std&#8220; css_animation=&#8220;parallax&#8220; parallax_intensity=&#8220;2&#8243; uncode_shortcode_id=&#8220;298575&#8243;][\/vc_column][vc_column column_width_percent=&#8220;100&#8243; position_horizontal=&#8220;left&#8220; position_vertical=&#8220;middle&#8220; gutter_size=&#8220;3&#8243; overlay_alpha=&#8220;50&#8243; shift_x=&#8220;0&#8243; shift_y=&#8220;0&#8243; shift_y_down=&#8220;0&#8243; z_index=&#8220;0&#8243; medium_width=&#8220;4&#8243; align_mobile=&#8220;align_center_mobile&#8220; mobile_width=&#8220;0&#8243; width=&#8220;6\/12&#8243; uncode_shortcode_id=&#8220;573911&#8243;][vc_custom_heading heading_semantic=&#8220;h3&#8243; text_size=&#8220;fontsize-155944&#8243; sub_lead=&#8220;yes&#8220; uncode_shortcode_id=&#8220;179200&#8243;]Hei\u00dfklebepistolen[\/vc_custom_heading][vc_column_text uncode_shortcode_id=&#8220;117810&#8243;]Im Laufe der Jahre haben wir unser Angebot an Applikatoren ausgew\u00e4hlt und perfektioniert, indem wir die zuverl\u00e4ssigsten und leistungsst\u00e4rksten unter ihnen f\u00fcr unsere Klebstoffe ausgew\u00e4hlt haben. So haben wir eine erfolgreiche Kombination f\u00fcr ein kompromissloses Ergebnis erreicht.[\/vc_column_text][vc_button button_color=&#8220;accent&#8220; size=&#8220;btn-lg&#8220; border_width=&#8220;0&#8243; link=&#8220;url:https%3A%2F%2Fwww.stickcol.com%2Fde%2Fheissklebepistolen%2F|title:Applicatori%20Stick|&#8220; button_color_type=&#8220;uncode-palette&#8220; uncode_shortcode_id=&#8220;323309&#8243;]Entdecken Sie die gesamte Palette[\/vc_button][\/vc_column][\/vc_row]<\/p>\n<\/div>","protected":false},"excerpt":{"rendered":"<p>[vc_row row_height_percent=&#8220;0&#8243; back_color=&#8220;color-wayh&#8220; back_image=&#8220;141746&#8243; back_position=&#8220;center bottom&#8220; parallax=&#8220;yes&#8220; overlay_color=&#8220;color-wayh&#8220; overlay_alpha=&#8220;35&#8243; gutter_size=&#8220;3&#8243; column_width_percent=&#8220;100&#8243; shift_y=&#8220;0&#8243; z_index=&#8220;0&#8243; top_divider=&#8220;gradient&#8220; content_parallax=&#8220;0&#8243; uncode_shortcode_id=&#8220;273708&#8243; back_color_type=&#8220;uncode-palette&#8220; overlay_color_type=&#8220;uncode-palette&#8220; row_height_pixel=&#8220;400&#8243;][vc_column column_width_use_pixel=&#8220;yes&#8220; [&hellip;]<\/p>\n","protected":false},"author":1,"featured_media":0,"parent":0,"menu_order":0,"comment_status":"closed","ping_status":"closed","template":"","meta":{"footnotes":""},"class_list":["post-144840","page","type-page","status-publish","hentry"],"yoast_head":"<!-- This site is optimized with the Yoast SEO plugin v26.7 - https:\/\/yoast.com\/wordpress\/plugins\/seo\/ -->\n<title>Katalog - Stick Col s.r.l.<\/title>\n<meta name=\"description\" content=\"Entdecken Sie unser komplettes Angebot an Klebstoffl\u00f6sungenHei\u00dfkleberIm Laufe der Jahre haben wir zahlreiche Formulierungen speziell f\u00fcr die L\u00f6sung\" \/>\n<meta name=\"robots\" content=\"index, follow, max-snippet:-1, max-image-preview:large, max-video-preview:-1\" \/>\n<link rel=\"canonical\" href=\"https:\/\/www.stickcol.com\/catalogo\/\" \/>\n<meta property=\"og:locale\" content=\"de_DE\" \/>\n<meta property=\"og:type\" content=\"article\" \/>\n<meta property=\"og:title\" content=\"Katalog - Stick Col s.r.l.\" \/>\n<meta property=\"og:description\" content=\"Entdecken Sie unser komplettes Angebot an Klebstoffl\u00f6sungenHei\u00dfkleberIm Laufe der Jahre haben wir zahlreiche Formulierungen speziell f\u00fcr die L\u00f6sung\" \/>\n<meta property=\"og:url\" content=\"https:\/\/www.stickcol.com\/catalogo\/\" \/>\n<meta property=\"og:site_name\" content=\"Stick Col s.r.l.\" \/>\n<meta property=\"article:modified_time\" content=\"2025-04-09T13:48:40+00:00\" \/>\n<meta name=\"twitter:card\" content=\"summary_large_image\" \/>\n<meta name=\"twitter:label1\" content=\"Gesch\u00e4tzte Lesezeit\" \/>\n\t<meta name=\"twitter:data1\" content=\"5\u00a0Minuten\" \/>\n<script type=\"application\/ld+json\" class=\"yoast-schema-graph\">{\"@context\":\"https:\/\/schema.org\",\"@graph\":[{\"@type\":\"WebPage\",\"@id\":\"https:\/\/www.stickcol.com\/catalogo\/\",\"url\":\"https:\/\/www.stickcol.com\/catalogo\/\",\"name\":\"Katalog - Stick Col s.r.l.\",\"isPartOf\":{\"@id\":\"https:\/\/www.stickcol.com\/#website\"},\"datePublished\":\"2025-02-08T18:53:43+00:00\",\"dateModified\":\"2025-04-09T13:48:40+00:00\",\"description\":\"Entdecken Sie unser komplettes Angebot an Klebstoffl\u00f6sungenHei\u00dfkleberIm Laufe der Jahre haben wir zahlreiche Formulierungen speziell f\u00fcr die L\u00f6sung\",\"breadcrumb\":{\"@id\":\"https:\/\/www.stickcol.com\/catalogo\/#breadcrumb\"},\"inLanguage\":\"de\",\"potentialAction\":[{\"@type\":\"ReadAction\",\"target\":[\"https:\/\/www.stickcol.com\/catalogo\/\"]}]},{\"@type\":\"BreadcrumbList\",\"@id\":\"https:\/\/www.stickcol.com\/catalogo\/#breadcrumb\",\"itemListElement\":[{\"@type\":\"ListItem\",\"position\":1,\"name\":\"Home\",\"item\":\"https:\/\/www.stickcol.com\/de\/\"},{\"@type\":\"ListItem\",\"position\":2,\"name\":\"Katalog\"}]},{\"@type\":\"WebSite\",\"@id\":\"https:\/\/www.stickcol.com\/#website\",\"url\":\"https:\/\/www.stickcol.com\/\",\"name\":\"Stick Col s.r.l.\",\"description\":\"Adesivi Termofusibili - Colle Viniliche - Analisi test e laboratorio\",\"potentialAction\":[{\"@type\":\"SearchAction\",\"target\":{\"@type\":\"EntryPoint\",\"urlTemplate\":\"https:\/\/www.stickcol.com\/?s={search_term_string}\"},\"query-input\":{\"@type\":\"PropertyValueSpecification\",\"valueRequired\":true,\"valueName\":\"search_term_string\"}}],\"inLanguage\":\"de\"}]}<\/script>\n<!-- \/ Yoast SEO plugin. -->","yoast_head_json":{"title":"Katalog - Stick Col s.r.l.","description":"Entdecken Sie unser komplettes Angebot an Klebstoffl\u00f6sungenHei\u00dfkleberIm Laufe der Jahre haben wir zahlreiche Formulierungen speziell f\u00fcr die L\u00f6sung","robots":{"index":"index","follow":"follow","max-snippet":"max-snippet:-1","max-image-preview":"max-image-preview:large","max-video-preview":"max-video-preview:-1"},"canonical":"https:\/\/www.stickcol.com\/catalogo\/","og_locale":"de_DE","og_type":"article","og_title":"Katalog - Stick Col s.r.l.","og_description":"Entdecken Sie unser komplettes Angebot an Klebstoffl\u00f6sungenHei\u00dfkleberIm Laufe der Jahre haben wir zahlreiche Formulierungen speziell f\u00fcr die L\u00f6sung","og_url":"https:\/\/www.stickcol.com\/catalogo\/","og_site_name":"Stick Col s.r.l.","article_modified_time":"2025-04-09T13:48:40+00:00","twitter_card":"summary_large_image","twitter_misc":{"Gesch\u00e4tzte Lesezeit":"5\u00a0Minuten"},"schema":{"@context":"https:\/\/schema.org","@graph":[{"@type":"WebPage","@id":"https:\/\/www.stickcol.com\/catalogo\/","url":"https:\/\/www.stickcol.com\/catalogo\/","name":"Katalog - Stick Col s.r.l.","isPartOf":{"@id":"https:\/\/www.stickcol.com\/#website"},"datePublished":"2025-02-08T18:53:43+00:00","dateModified":"2025-04-09T13:48:40+00:00","description":"Entdecken Sie unser komplettes Angebot an Klebstoffl\u00f6sungenHei\u00dfkleberIm Laufe der Jahre haben wir zahlreiche Formulierungen speziell f\u00fcr die L\u00f6sung","breadcrumb":{"@id":"https:\/\/www.stickcol.com\/catalogo\/#breadcrumb"},"inLanguage":"de","potentialAction":[{"@type":"ReadAction","target":["https:\/\/www.stickcol.com\/catalogo\/"]}]},{"@type":"BreadcrumbList","@id":"https:\/\/www.stickcol.com\/catalogo\/#breadcrumb","itemListElement":[{"@type":"ListItem","position":1,"name":"Home","item":"https:\/\/www.stickcol.com\/de\/"},{"@type":"ListItem","position":2,"name":"Katalog"}]},{"@type":"WebSite","@id":"https:\/\/www.stickcol.com\/#website","url":"https:\/\/www.stickcol.com\/","name":"Stick Col s.r.l.","description":"Adesivi Termofusibili - Colle Viniliche - Analisi test e laboratorio","potentialAction":[{"@type":"SearchAction","target":{"@type":"EntryPoint","urlTemplate":"https:\/\/www.stickcol.com\/?s={search_term_string}"},"query-input":{"@type":"PropertyValueSpecification","valueRequired":true,"valueName":"search_term_string"}}],"inLanguage":"de"}]}},"_links":{"self":[{"href":"https:\/\/www.stickcol.com\/de\/wp-json\/wp\/v2\/pages\/144840","targetHints":{"allow":["GET"]}}],"collection":[{"href":"https:\/\/www.stickcol.com\/de\/wp-json\/wp\/v2\/pages"}],"about":[{"href":"https:\/\/www.stickcol.com\/de\/wp-json\/wp\/v2\/types\/page"}],"author":[{"embeddable":true,"href":"https:\/\/www.stickcol.com\/de\/wp-json\/wp\/v2\/users\/1"}],"replies":[{"embeddable":true,"href":"https:\/\/www.stickcol.com\/de\/wp-json\/wp\/v2\/comments?post=144840"}],"version-history":[{"count":0,"href":"https:\/\/www.stickcol.com\/de\/wp-json\/wp\/v2\/pages\/144840\/revisions"}],"wp:attachment":[{"href":"https:\/\/www.stickcol.com\/de\/wp-json\/wp\/v2\/media?parent=144840"}],"curies":[{"name":"wp","href":"https:\/\/api.w.org\/{rel}","templated":true}]}}