{"id":144844,"date":"2025-01-29T10:03:22","date_gmt":"2025-01-29T10:03:22","guid":{"rendered":"https:\/\/www.stickcol.com\/home-page-stick-col\/"},"modified":"2025-06-25T08:17:59","modified_gmt":"2025-06-25T08:17:59","slug":"home-page-stick-col","status":"publish","type":"page","link":"https:\/\/www.stickcol.com\/de\/","title":{"rendered":"Home Page Stick Col de"},"content":{"rendered":"<div class=\"wpb-content-wrapper\"><p>[vc_row row_height_percent=&#8220;45&#8243; back_image=&#8220;145479&#8243; back_position=&#8220;center center&#8220; overlay_alpha=&#8220;50&#8243; gutter_size=&#8220;3&#8243; column_width_percent=&#8220;100&#8243; shift_y=&#8220;0&#8243; z_index=&#8220;0&#8243; content_parallax=&#8220;0&#8243; uncode_shortcode_id=&#8220;232107&#8243; row_height_pixel=&#8220;450&#8243;][vc_column width=&#8220;1\/1&#8243;][\/vc_column][\/vc_row][vc_row unlock_row_content=&#8220;yes&#8220; row_height_percent=&#8220;0&#8243; override_padding=&#8220;yes&#8220; h_padding=&#8220;3&#8243; top_padding=&#8220;2&#8243; bottom_padding=&#8220;2&#8243; overlay_alpha=&#8220;50&#8243; gutter_size=&#8220;3&#8243; column_width_percent=&#8220;100&#8243; shift_y=&#8220;0&#8243; z_index=&#8220;0&#8243; content_parallax=&#8220;0&#8243; uncode_shortcode_id=&#8220;962758&#8243;][vc_column column_width_percent=&#8220;100&#8243; gutter_size=&#8220;2&#8243; override_padding=&#8220;yes&#8220; column_padding=&#8220;2&#8243; expand_height=&#8220;yes&#8220; back_color=&#8220;color-xsdn&#8220; overlay_alpha=&#8220;50&#8243; radius=&#8220;std&#8220; shift_x=&#8220;0&#8243; shift_y=&#8220;-3&#8243; shift_y_fixed=&#8220;yes&#8220; shift_y_down=&#8220;0&#8243; z_index=&#8220;0&#8243; medium_width=&#8220;0&#8243; mobile_width=&#8220;0&#8243; css_animation=&#8220;bottom-t-top&#8220; animation_delay=&#8220;500&#8243; width=&#8220;1\/2&#8243; uncode_shortcode_id=&#8220;210823&#8243; back_color_type=&#8220;uncode-palette&#8220;][vc_column_text text_lead=&#8220;small&#8220; text_color=&#8220;accent&#8220; uncode_shortcode_id=&#8220;191572&#8243; text_color_type=&#8220;uncode-palette&#8220;]HEISSKLEBER UND VINYLACETAT-KLEBER[\/vc_column_text][vc_custom_heading heading_semantic=&#8220;h1&#8243; text_size=&#8220;h1&#8243; text_transform=&#8220;uppercase&#8220; separator_color=&#8220;yes&#8220; separator_double=&#8220;yes&#8220; heading_display=&#8220;inline&#8220; separator=&#8220;yes&#8220; uncode_shortcode_id=&#8220;153519&#8243;]Einzigartige Haft- und Klebel\u00f6sungen[\/vc_custom_heading][vc_button button_color=&#8220;accent&#8220; size=&#8220;btn-link&#8220; icon_position=&#8220;right&#8220; scale_mobile=&#8220;no&#8220; button_color_type=&#8220;uncode-palette&#8220; icon=&#8220;fa fa-long-arrow-right&#8220; uncode_shortcode_id=&#8220;423785&#8243; link=&#8220;url:https%3A%2F%2Fwww.stickcol.com%2Fde%2Fkatalog%2F|title:Katalog&#8220;]zum Katalog[\/vc_button][\/vc_column][vc_column column_width_percent=&#8220;100&#8243; gutter_size=&#8220;3&#8243; overlay_alpha=&#8220;50&#8243; shift_x=&#8220;0&#8243; shift_y=&#8220;0&#8243; shift_y_down=&#8220;0&#8243; z_index=&#8220;0&#8243; medium_width=&#8220;0&#8243; mobile_width=&#8220;0&#8243; css_animation=&#8220;alpha-anim&#8220; animation_speed=&#8220;500&#8243; animation_delay=&#8220;300&#8243; width=&#8220;1\/2&#8243; uncode_shortcode_id=&#8220;947063&#8243;][vc_column_text uncode_shortcode_id=&#8220;121041&#8243;]Stick Col srl befindet sich seit 45 Jahren an der Seite ihrer Kunden und setzt sich bei der L\u00f6sung der Bed\u00fcrfnisse von Verbindungen und Adh\u00e4sion in allen Sektoren der industriellen Produktion ein.[\/vc_column_text][vc_column_text uncode_shortcode_id=&#8220;975921&#8243;]Immer auf den neuesten Stand der chemisch-technologischen M\u00f6glichkeiten und aufmerksam auf die neuen Regeln der europ\u00e4ischen Chemie, bietet Stick Col srl die ideale Unterst\u00fctzung in der Branche der Klebstoffe und Bindemittel.[\/vc_column_text][\/vc_column][\/vc_row][vc_row unlock_row_content=&#8220;yes&#8220; row_height_percent=&#8220;0&#8243; override_padding=&#8220;yes&#8220; h_padding=&#8220;0&#8243; top_padding=&#8220;2&#8243; bottom_padding=&#8220;3&#8243; overlay_alpha=&#8220;50&#8243; gutter_size=&#8220;2&#8243; column_width_percent=&#8220;100&#8243; shift_y=&#8220;0&#8243; z_index=&#8220;0&#8243; content_parallax=&#8220;0&#8243; uncode_shortcode_id=&#8220;884893&#8243;][vc_column column_width_percent=&#8220;100&#8243; gutter_size=&#8220;4&#8243; overlay_alpha=&#8220;50&#8243; shift_x=&#8220;0&#8243; shift_y=&#8220;0&#8243; shift_y_down=&#8220;0&#8243; z_index=&#8220;0&#8243; medium_width=&#8220;0&#8243; mobile_width=&#8220;0&#8243; width=&#8220;1\/1&#8243;][uncode_index el_id=&#8220;index-8356449878&#8243; index_type=&#8220;carousel&#8220; loop=&#8220;size:7|order_by:rand|post_type:page|tax_query:192,189,195,186|taxonomy_count:10&#8243; carousel_lg=&#8220;3&#8243; carousel_md=&#8220;3&#8243; carousel_sm=&#8220;2&#8243; thumb_size=&#8220;four-three&#8220; gutter_size=&#8220;2&#8243; post_items=&#8220;media|featured|onpost|poster,date,title,text|excerpt|90,category|bordered|topright|hide-icon&#8220; portfolio_items=&#8220;media|featured|onpost|original,title,text|excerpt|30&#8243; carousel_height=&#8220;equal&#8220; carousel_interval=&#8220;0&#8243; carousel_navspeed=&#8220;400&#8243; carousel_loop=&#8220;yes&#8220; carousel_nav=&#8220;yes&#8220; carousel_nav_mobile=&#8220;yes&#8220; stage_padding=&#8220;10&#8243; single_text=&#8220;overlay&#8220; single_shape=&#8220;round&#8220; radius=&#8220;std&#8220; single_overlay_color=&#8220;color-wayh&#8220; single_overlay_coloration=&#8220;bottom_gradient&#8220; single_overlay_opacity=&#8220;34&#8243; single_overlay_visible=&#8220;yes&#8220; single_overlay_anim=&#8220;no&#8220; single_text_visible=&#8220;yes&#8220; single_text_anim=&#8220;no&#8220; single_h_align_mobile=&#8220;left&#8220; single_v_position=&#8220;bottom&#8220; single_padding=&#8220;1&#8243; single_text_reduced=&#8220;yes&#8220; single_title_semantic=&#8220;h4&#8243; single_title_dimension=&#8220;h4&#8243; single_title_weight=&#8220;500&#8243; single_title_transform=&#8220;uppercase&#8220; single_border=&#8220;yes&#8220; single_css_animation=&#8220;bottom-t-top&#8220; single_animation_speed=&#8220;800&#8243; single_animation_delay=&#8220;200&#8243; single_animation_first=&#8220;yes&#8220; uncode_shortcode_id=&#8220;161031&#8243; items=&#8220;eyIxNDIzMjVfaSI6eyJzaW5nbGVfbGluayI6InVybDpodHRwcyUzQSUyRiUyRmRlbW8uY2VtYW5leHQuaW5mbyUyRnN0aWNrY29sJTJGYWRlc2l2aS10ZXJtb2Z1c2liaWxpJTJGJTNGdGF4X3BvcnRmb2xpb19jYXRlZ29yeSUzRHN0aWNrJTI2dW5maWx0ZXIlM0QxIn0sIjE0MjMzMV9pIjp7InNpbmdsZV9saW5rIjoidXJsOmh0dHBzJTNBJTJGJTJGZGVtby5jZW1hbmV4dC5pbmZvJTJGc3RpY2tjb2wlMkZhZGVzaXZpLXRlcm1vZnVzaWJpbGklMkYlM0Z0YXhfcG9ydGZvbGlvX2NhdGVnb3J5JTNEY2lsaW5kcmV0dGklMjZ1bmZpbHRlciUzRDEifSwiMTQyMzMzX2kiOnsic2luZ2xlX2xpbmsiOiJ1cmw6aHR0cHMlM0ElMkYlMkZkZW1vLmNlbWFuZXh0LmluZm8lMkZzdGlja2NvbCUyRmFkZXNpdmktdGVybW9mdXNpYmlsaSUyRiUzRnRheF9wb3J0Zm9saW9fY2F0ZWdvcnklM0RncmFudWxpJTI2dW5maWx0ZXIlM0QxIn0sIjE0NDgxOF9pIjp7InNpbmdsZV9saW5rIjoidXJsOmh0dHBzJTNBJTJGJTJGd3d3LnN0aWNrY29sLmNvbSUyRmRlJTJGaGVpc3NrbGViZXItenlsaW5kZXIlMkZ8dGl0bGU6WnlsaW5kZXIifSwiMTQ0ODEwX2kiOnsic2luZ2xlX2xpbmsiOiJ1cmw6aHR0cHMlM0ElMkYlMkZ3d3cuc3RpY2tjb2wuY29tJTJGZGUlMkZ2aW55bGFjZXRhdC1rbGViZXIlMkZ8dGl0bGU6VmlueWxhY2V0YXQtS2xlYmVyIn0sIjE0NDgxNF9pIjp7InNpbmdsZV9saW5rIjoidXJsOmh0dHBzJTNBJTJGJTJGd3d3LnN0aWNrY29sLmNvbSUyRmRlJTJGaGVpc3NrbGViZXItZ3JhbnVsYXQlMkZ8dGl0bGU6R3JhbnVsYXQifSwiMTQ0ODIyX2kiOnsic2luZ2xlX2xpbmsiOiJ1cmw6aHR0cHMlM0ElMkYlMkZ3d3cuc3RpY2tjb2wuY29tJTJGZGUlMkZoZWlzc2tsZWJlci1zdGljayUyRnx0aXRsZTpTdGljayJ9fQ==&#8220;][\/vc_column][\/vc_row][vc_row unlock_row_content=&#8220;yes&#8220; row_height_percent=&#8220;0&#8243; override_padding=&#8220;yes&#8220; h_padding=&#8220;0&#8243; top_padding=&#8220;0&#8243; bottom_padding=&#8220;0&#8243; overlay_alpha=&#8220;50&#8243; gutter_size=&#8220;3&#8243; column_width_percent=&#8220;100&#8243; shift_y=&#8220;0&#8243; z_index=&#8220;0&#8243; content_parallax=&#8220;0&#8243; uncode_shortcode_id=&#8220;131064&#8243; row_height_pixel=&#8220;2px&#8220;][vc_column width=&#8220;1\/1&#8243;][vc_separator sep_color=&#8220;&#8220; uncode_shortcode_id=&#8220;118571&#8243; el_width=&#8220;100%&#8220; el_height=&#8220;1&#8243;][\/vc_column][\/vc_row][vc_row unlock_row_content=&#8220;yes&#8220; row_height_percent=&#8220;0&#8243; override_padding=&#8220;yes&#8220; h_padding=&#8220;3&#8243; top_padding=&#8220;5&#8243; bottom_padding=&#8220;5&#8243; overlay_alpha=&#8220;50&#8243; gutter_size=&#8220;3&#8243; column_width_percent=&#8220;100&#8243; shift_y=&#8220;0&#8243; z_index=&#8220;0&#8243; content_parallax=&#8220;0&#8243; uncode_shortcode_id=&#8220;541490&#8243;][vc_column column_width_percent=&#8220;100&#8243; gutter_size=&#8220;4&#8243; overlay_alpha=&#8220;50&#8243; shift_x=&#8220;0&#8243; shift_y=&#8220;0&#8243; shift_y_down=&#8220;0&#8243; z_index=&#8220;0&#8243; medium_width=&#8220;0&#8243; mobile_width=&#8220;0&#8243; css_animation=&#8220;bottom-t-top&#8220; animation_speed=&#8220;600&#8243; animation_delay=&#8220;200&#8243; width=&#8220;1\/1&#8243; uncode_shortcode_id=&#8220;171440&#8243;][vc_row_inner row_inner_height_percent=&#8220;0&#8243; overlay_alpha=&#8220;50&#8243; gutter_size=&#8220;6&#8243; shift_y=&#8220;0&#8243; z_index=&#8220;0&#8243; limit_content=&#8220;&#8220; uncode_shortcode_id=&#8220;775063&#8243;][vc_column_inner column_width_percent=&#8220;100&#8243; position_vertical=&#8220;middle&#8220; gutter_size=&#8220;3&#8243; overlay_alpha=&#8220;50&#8243; shift_x=&#8220;0&#8243; shift_y=&#8220;0&#8243; shift_y_down=&#8220;0&#8243; z_index=&#8220;0&#8243; medium_width=&#8220;0&#8243; mobile_width=&#8220;0&#8243; width=&#8220;10\/12&#8243; uncode_shortcode_id=&#8220;400306&#8243;][vc_custom_heading heading_semantic=&#8220;h3&#8243; text_size=&#8220;h3&#8243; text_weight=&#8220;400&#8243; uncode_shortcode_id=&#8220;550725&#8243;]Unser eigenes Labor ist das Herzst\u00fcck unserer Forschung und Entwicklung.[\/vc_custom_heading][vc_custom_heading heading_semantic=&#8220;h3&#8243; text_size=&#8220;fontsize-338686&#8243; uncode_shortcode_id=&#8220;787759&#8243;]Die perfekte Bindung:<br \/>\nUnsere Erfahrung im Dienste Ihres Klebebedarfs.[\/vc_custom_heading][\/vc_column_inner][vc_column_inner column_width_percent=&#8220;100&#8243; gutter_size=&#8220;3&#8243; overlay_alpha=&#8220;50&#8243; shift_x=&#8220;0&#8243; shift_y=&#8220;0&#8243; shift_y_down=&#8220;0&#8243; z_index=&#8220;0&#8243; medium_visibility=&#8220;yes&#8220; medium_width=&#8220;0&#8243; mobile_visibility=&#8220;yes&#8220; mobile_width=&#8220;0&#8243; width=&#8220;2\/12&#8243; uncode_shortcode_id=&#8220;180920&#8243;][\/vc_column_inner][\/vc_row_inner][vc_separator sep_color=&#8220;&#8220; uncode_shortcode_id=&#8220;131089&#8243; sep_color_type=&#8220;uncode-solid&#8220; sep_color_solid=&#8220;#c6c5c0&#8243;][vc_row_inner row_inner_height_percent=&#8220;0&#8243; overlay_alpha=&#8220;50&#8243; equal_height=&#8220;yes&#8220; gutter_size=&#8220;4&#8243; shift_y=&#8220;0&#8243; z_index=&#8220;0&#8243; limit_content=&#8220;&#8220;][vc_column_inner column_width_percent=&#8220;90&#8243; position_horizontal=&#8220;left&#8220; gutter_size=&#8220;3&#8243; overlay_alpha=&#8220;50&#8243; radius=&#8220;sm&#8220; shift_x=&#8220;0&#8243; shift_y=&#8220;0&#8243; shift_y_down=&#8220;0&#8243; z_index=&#8220;0&#8243; medium_width=&#8220;3&#8243; mobile_width=&#8220;0&#8243; width=&#8220;1\/3&#8243; uncode_shortcode_id=&#8220;170130&#8243;][vc_icon position=&#8220;left&#8220; title_aligned_icon=&#8220;yes&#8220; icon=&#8220;fa fa-cogs&#8220; icon_color=&#8220;accent&#8220; background_style=&#8220;fa-rounded&#8220; size=&#8220;fa-2x&#8220; heading_semantic=&#8220;h4&#8243; text_size=&#8220;h2&#8243; text_weight=&#8220;600&#8243; add_margin=&#8220;yes&#8220; title=&#8220;Individuell angepasste Produktion&#8220; link=&#8220;|||&#8220; uncode_shortcode_id=&#8220;166643&#8243; icon_color_type=&#8220;uncode-palette&#8220;]Formeln, Verpackung, Etikettierung, Durchmesser, L\u00e4nge auf Anfrage des Kunden.[\/vc_icon][\/vc_column_inner][vc_column_inner column_width_percent=&#8220;90&#8243; position_horizontal=&#8220;left&#8220; gutter_size=&#8220;3&#8243; overlay_alpha=&#8220;50&#8243; radius=&#8220;sm&#8220; shift_x=&#8220;0&#8243; shift_y=&#8220;0&#8243; shift_y_down=&#8220;0&#8243; z_index=&#8220;0&#8243; medium_width=&#8220;3&#8243; mobile_width=&#8220;0&#8243; width=&#8220;1\/3&#8243; uncode_shortcode_id=&#8220;523406&#8243;][vc_icon position=&#8220;left&#8220; title_aligned_icon=&#8220;yes&#8220; icon=&#8220;fa fa-share-square-o&#8220; icon_color=&#8220;accent&#8220; background_style=&#8220;fa-rounded&#8220; size=&#8220;fa-2x&#8220; heading_semantic=&#8220;h4&#8243; text_size=&#8220;h2&#8243; text_weight=&#8220;600&#8243; add_margin=&#8220;yes&#8220; title=&#8220;Herstellung F\u00fcr Dritte&#8220; link=&#8220;|||&#8220; uncode_shortcode_id=&#8220;477226&#8243; icon_color_type=&#8220;uncode-palette&#8220;]Aus Rohstoffen, die vom Kunden gew\u00e4hlt und geliefert werden.[\/vc_icon][\/vc_column_inner][vc_column_inner column_width_percent=&#8220;90&#8243; position_horizontal=&#8220;left&#8220; gutter_size=&#8220;3&#8243; overlay_alpha=&#8220;50&#8243; radius=&#8220;sm&#8220; shift_x=&#8220;0&#8243; shift_y=&#8220;0&#8243; shift_y_down=&#8220;0&#8243; z_index=&#8220;0&#8243; medium_width=&#8220;3&#8243; mobile_width=&#8220;0&#8243; width=&#8220;1\/3&#8243; link_to=&#8220;|||&#8220; uncode_shortcode_id=&#8220;581465&#8243;][vc_icon position=&#8220;left&#8220; title_aligned_icon=&#8220;yes&#8220; icon=&#8220;fa fa-flask&#8220; icon_color=&#8220;accent&#8220; background_style=&#8220;fa-rounded&#8220; size=&#8220;fa-2x&#8220; heading_semantic=&#8220;h4&#8243; text_size=&#8220;h2&#8243; text_weight=&#8220;600&#8243; add_margin=&#8220;yes&#8220; title=&#8220;Forschung und Entwicklung&#8220; link=&#8220;|||&#8220; uncode_shortcode_id=&#8220;234170&#8243; icon_color_type=&#8220;uncode-palette&#8220;]Um unseren Kunden immer die besten und die innovativsten Technologien zu bieten.[\/vc_icon][\/vc_column_inner][\/vc_row_inner][vc_row_inner row_inner_height_percent=&#8220;0&#8243; overlay_alpha=&#8220;50&#8243; equal_height=&#8220;yes&#8220; gutter_size=&#8220;4&#8243; shift_y=&#8220;0&#8243; z_index=&#8220;0&#8243; limit_content=&#8220;&#8220;][vc_column_inner column_width_percent=&#8220;90&#8243; position_horizontal=&#8220;left&#8220; gutter_size=&#8220;3&#8243; overlay_alpha=&#8220;50&#8243; radius=&#8220;sm&#8220; shift_x=&#8220;0&#8243; shift_y=&#8220;0&#8243; shift_y_down=&#8220;0&#8243; z_index=&#8220;0&#8243; medium_width=&#8220;3&#8243; mobile_width=&#8220;0&#8243; width=&#8220;1\/3&#8243; uncode_shortcode_id=&#8220;103996&#8243;][vc_icon position=&#8220;left&#8220; title_aligned_icon=&#8220;yes&#8220; icon=&#8220;fa fa-leaf&#8220; icon_color=&#8220;accent&#8220; background_style=&#8220;fa-rounded&#8220; size=&#8220;fa-2x&#8220; heading_semantic=&#8220;h4&#8243; text_size=&#8220;h2&#8243; text_weight=&#8220;600&#8243; add_margin=&#8220;yes&#8220; title=&#8220;Respekt f\u00fcr die Umwelt&#8220; link=&#8220;|||&#8220; uncode_shortcode_id=&#8220;185161&#8243; icon_color_type=&#8220;uncode-palette&#8220;]Kontrolle, Auswahl und \u00dcberwachung der verwendeten Rohstoffe.[\/vc_icon][\/vc_column_inner][vc_column_inner column_width_percent=&#8220;90&#8243; position_horizontal=&#8220;left&#8220; gutter_size=&#8220;3&#8243; overlay_alpha=&#8220;50&#8243; radius=&#8220;sm&#8220; shift_x=&#8220;0&#8243; shift_y=&#8220;0&#8243; shift_y_down=&#8220;0&#8243; z_index=&#8220;0&#8243; medium_width=&#8220;3&#8243; mobile_width=&#8220;0&#8243; width=&#8220;1\/3&#8243; uncode_shortcode_id=&#8220;153328&#8243;][vc_icon position=&#8220;left&#8220; title_aligned_icon=&#8220;yes&#8220; icon=&#8220;fa fa-compress&#8220; icon_color=&#8220;accent&#8220; background_style=&#8220;fa-rounded&#8220; size=&#8220;fa-2x&#8220; heading_semantic=&#8220;h4&#8243; text_size=&#8220;h2&#8243; text_weight=&#8220;600&#8243; add_margin=&#8220;yes&#8220; title=&#8220;Klebe- und Verbindungstests&#8220; link=&#8220;|||&#8220; uncode_shortcode_id=&#8220;872604&#8243; icon_color_type=&#8220;uncode-palette&#8220;]Um sichere Ergebnisse zu garantieren.[\/vc_icon][\/vc_column_inner][vc_column_inner column_width_percent=&#8220;90&#8243; position_horizontal=&#8220;left&#8220; gutter_size=&#8220;3&#8243; overlay_alpha=&#8220;50&#8243; radius=&#8220;sm&#8220; shift_x=&#8220;0&#8243; shift_y=&#8220;0&#8243; shift_y_down=&#8220;0&#8243; z_index=&#8220;0&#8243; medium_width=&#8220;3&#8243; mobile_width=&#8220;0&#8243; width=&#8220;1\/3&#8243; link_to=&#8220;|||&#8220; uncode_shortcode_id=&#8220;188489&#8243;][vc_icon position=&#8220;left&#8220; title_aligned_icon=&#8220;yes&#8220; icon=&#8220;fa fa-bolt&#8220; icon_color=&#8220;accent&#8220; background_style=&#8220;fa-rounded&#8220; size=&#8220;fa-2x&#8220; heading_semantic=&#8220;h4&#8243; text_size=&#8220;h2&#8243; text_weight=&#8220;600&#8243; add_margin=&#8220;yes&#8220; title=&#8220;Laboratorium f\u00fcr Analyse von Hei\u00df- und Vinylklebern&#8220; link=&#8220;|||&#8220; uncode_shortcode_id=&#8220;146095&#8243; icon_color_type=&#8220;uncode-palette&#8220;]F\u00fcr das Erreichen Ihres Ziels.[\/vc_icon][\/vc_column_inner][\/vc_row_inner][\/vc_column][\/vc_row]<\/p>\n<\/div>","protected":false},"excerpt":{"rendered":"<p>[vc_row row_height_percent=&#8220;45&#8243; back_image=&#8220;145479&#8243; back_position=&#8220;center center&#8220; overlay_alpha=&#8220;50&#8243; gutter_size=&#8220;3&#8243; column_width_percent=&#8220;100&#8243; shift_y=&#8220;0&#8243; z_index=&#8220;0&#8243; content_parallax=&#8220;0&#8243; uncode_shortcode_id=&#8220;232107&#8243; row_height_pixel=&#8220;450&#8243;][vc_column width=&#8220;1\/1&#8243;][\/vc_column][\/vc_row][vc_row unlock_row_content=&#8220;yes&#8220; row_height_percent=&#8220;0&#8243; override_padding=&#8220;yes&#8220; h_padding=&#8220;3&#8243; top_padding=&#8220;2&#8243; bottom_padding=&#8220;2&#8243; [&hellip;]<\/p>\n","protected":false},"author":1,"featured_media":0,"parent":0,"menu_order":0,"comment_status":"closed","ping_status":"closed","template":"","meta":{"footnotes":""},"class_list":["post-144844","page","type-page","status-publish","hentry"],"yoast_head":"<!-- This site is optimized with the Yoast SEO plugin v26.7 - https:\/\/yoast.com\/wordpress\/plugins\/seo\/ -->\n<title>HEISSKLEBER UND VINYLACETAT-KLEBER - Stick Col s.r.l.<\/title>\n<meta name=\"description\" content=\"HEISSKLEBER UND VINYLACETAT-KLEBEREinzigartige Haft- und Klebel\u00f6sungenzum KatalogStick Col srl befindet sich seit 45 Jahren an der Seite ihrer Kunden und\" \/>\n<meta name=\"robots\" content=\"index, follow, max-snippet:-1, max-image-preview:large, max-video-preview:-1\" \/>\n<link rel=\"canonical\" href=\"https:\/\/www.stickcol.com\/de\/\" \/>\n<meta property=\"og:locale\" content=\"de_DE\" \/>\n<meta property=\"og:type\" content=\"article\" \/>\n<meta property=\"og:title\" content=\"HEISSKLEBER UND VINYLACETAT-KLEBER - Stick Col s.r.l.\" \/>\n<meta property=\"og:description\" content=\"HEISSKLEBER UND VINYLACETAT-KLEBEREinzigartige Haft- und Klebel\u00f6sungenzum KatalogStick Col srl befindet sich seit 45 Jahren an der Seite ihrer Kunden und\" \/>\n<meta property=\"og:url\" content=\"https:\/\/www.stickcol.com\/de\/\" \/>\n<meta property=\"og:site_name\" content=\"Stick Col s.r.l.\" \/>\n<meta property=\"article:modified_time\" content=\"2025-06-25T08:17:59+00:00\" \/>\n<meta name=\"twitter:card\" content=\"summary_large_image\" \/>\n<meta name=\"twitter:label1\" content=\"Gesch\u00e4tzte Lesezeit\" \/>\n\t<meta name=\"twitter:data1\" content=\"3\u00a0Minuten\" \/>\n<script type=\"application\/ld+json\" class=\"yoast-schema-graph\">{\"@context\":\"https:\/\/schema.org\",\"@graph\":[{\"@type\":\"WebPage\",\"@id\":\"https:\/\/www.stickcol.com\/de\/\",\"url\":\"https:\/\/www.stickcol.com\/de\/\",\"name\":\"HEISSKLEBER UND VINYLACETAT-KLEBER - Stick Col s.r.l.\",\"isPartOf\":{\"@id\":\"https:\/\/www.stickcol.com\/#website\"},\"datePublished\":\"2025-01-29T10:03:22+00:00\",\"dateModified\":\"2025-06-25T08:17:59+00:00\",\"description\":\"HEISSKLEBER UND VINYLACETAT-KLEBEREinzigartige Haft- und Klebel\u00f6sungenzum KatalogStick Col srl befindet sich seit 45 Jahren an der Seite ihrer Kunden und\",\"breadcrumb\":{\"@id\":\"https:\/\/www.stickcol.com\/de\/#breadcrumb\"},\"inLanguage\":\"de\",\"potentialAction\":[{\"@type\":\"ReadAction\",\"target\":[\"https:\/\/www.stickcol.com\/de\/\"]}]},{\"@type\":\"BreadcrumbList\",\"@id\":\"https:\/\/www.stickcol.com\/de\/#breadcrumb\",\"itemListElement\":[{\"@type\":\"ListItem\",\"position\":1,\"name\":\"Home\",\"item\":\"https:\/\/www.stickcol.com\/de\/\"},{\"@type\":\"ListItem\",\"position\":2,\"name\":\"Home Page Stick Col de\"}]},{\"@type\":\"WebSite\",\"@id\":\"https:\/\/www.stickcol.com\/#website\",\"url\":\"https:\/\/www.stickcol.com\/\",\"name\":\"Stick Col s.r.l.\",\"description\":\"Adesivi Termofusibili - Colle Viniliche - Analisi test e laboratorio\",\"potentialAction\":[{\"@type\":\"SearchAction\",\"target\":{\"@type\":\"EntryPoint\",\"urlTemplate\":\"https:\/\/www.stickcol.com\/?s={search_term_string}\"},\"query-input\":{\"@type\":\"PropertyValueSpecification\",\"valueRequired\":true,\"valueName\":\"search_term_string\"}}],\"inLanguage\":\"de\"}]}<\/script>\n<!-- \/ Yoast SEO plugin. -->","yoast_head_json":{"title":"HEISSKLEBER UND VINYLACETAT-KLEBER - Stick Col s.r.l.","description":"HEISSKLEBER UND VINYLACETAT-KLEBEREinzigartige Haft- und Klebel\u00f6sungenzum KatalogStick Col srl befindet sich seit 45 Jahren an der Seite ihrer Kunden und","robots":{"index":"index","follow":"follow","max-snippet":"max-snippet:-1","max-image-preview":"max-image-preview:large","max-video-preview":"max-video-preview:-1"},"canonical":"https:\/\/www.stickcol.com\/de\/","og_locale":"de_DE","og_type":"article","og_title":"HEISSKLEBER UND VINYLACETAT-KLEBER - Stick Col s.r.l.","og_description":"HEISSKLEBER UND VINYLACETAT-KLEBEREinzigartige Haft- und Klebel\u00f6sungenzum KatalogStick Col srl befindet sich seit 45 Jahren an der Seite ihrer Kunden und","og_url":"https:\/\/www.stickcol.com\/de\/","og_site_name":"Stick Col s.r.l.","article_modified_time":"2025-06-25T08:17:59+00:00","twitter_card":"summary_large_image","twitter_misc":{"Gesch\u00e4tzte Lesezeit":"3\u00a0Minuten"},"schema":{"@context":"https:\/\/schema.org","@graph":[{"@type":"WebPage","@id":"https:\/\/www.stickcol.com\/de\/","url":"https:\/\/www.stickcol.com\/de\/","name":"HEISSKLEBER UND VINYLACETAT-KLEBER - Stick Col s.r.l.","isPartOf":{"@id":"https:\/\/www.stickcol.com\/#website"},"datePublished":"2025-01-29T10:03:22+00:00","dateModified":"2025-06-25T08:17:59+00:00","description":"HEISSKLEBER UND VINYLACETAT-KLEBEREinzigartige Haft- und Klebel\u00f6sungenzum KatalogStick Col srl befindet sich seit 45 Jahren an der Seite ihrer Kunden und","breadcrumb":{"@id":"https:\/\/www.stickcol.com\/de\/#breadcrumb"},"inLanguage":"de","potentialAction":[{"@type":"ReadAction","target":["https:\/\/www.stickcol.com\/de\/"]}]},{"@type":"BreadcrumbList","@id":"https:\/\/www.stickcol.com\/de\/#breadcrumb","itemListElement":[{"@type":"ListItem","position":1,"name":"Home","item":"https:\/\/www.stickcol.com\/de\/"},{"@type":"ListItem","position":2,"name":"Home Page Stick Col de"}]},{"@type":"WebSite","@id":"https:\/\/www.stickcol.com\/#website","url":"https:\/\/www.stickcol.com\/","name":"Stick Col s.r.l.","description":"Adesivi Termofusibili - Colle Viniliche - Analisi test e laboratorio","potentialAction":[{"@type":"SearchAction","target":{"@type":"EntryPoint","urlTemplate":"https:\/\/www.stickcol.com\/?s={search_term_string}"},"query-input":{"@type":"PropertyValueSpecification","valueRequired":true,"valueName":"search_term_string"}}],"inLanguage":"de"}]}},"_links":{"self":[{"href":"https:\/\/www.stickcol.com\/de\/wp-json\/wp\/v2\/pages\/144844","targetHints":{"allow":["GET"]}}],"collection":[{"href":"https:\/\/www.stickcol.com\/de\/wp-json\/wp\/v2\/pages"}],"about":[{"href":"https:\/\/www.stickcol.com\/de\/wp-json\/wp\/v2\/types\/page"}],"author":[{"embeddable":true,"href":"https:\/\/www.stickcol.com\/de\/wp-json\/wp\/v2\/users\/1"}],"replies":[{"embeddable":true,"href":"https:\/\/www.stickcol.com\/de\/wp-json\/wp\/v2\/comments?post=144844"}],"version-history":[{"count":2,"href":"https:\/\/www.stickcol.com\/de\/wp-json\/wp\/v2\/pages\/144844\/revisions"}],"predecessor-version":[{"id":146545,"href":"https:\/\/www.stickcol.com\/de\/wp-json\/wp\/v2\/pages\/144844\/revisions\/146545"}],"wp:attachment":[{"href":"https:\/\/www.stickcol.com\/de\/wp-json\/wp\/v2\/media?parent=144844"}],"curies":[{"name":"wp","href":"https:\/\/api.w.org\/{rel}","templated":true}]}}