{"id":144848,"date":"2021-03-18T14:13:41","date_gmt":"2021-03-18T14:13:41","guid":{"rendered":"https:\/\/www.stickcol.com\/servizi\/"},"modified":"2025-04-09T13:32:49","modified_gmt":"2025-04-09T13:32:49","slug":"dienste","status":"publish","type":"page","link":"https:\/\/www.stickcol.com\/de\/dienste\/","title":{"rendered":"Dienste"},"content":{"rendered":"<div class=\"wpb-content-wrapper\"><p>[vc_row row_height_percent=&#8220;0&#8243; back_color=&#8220;color-wayh&#8220; back_image=&#8220;141746&#8243; back_position=&#8220;center bottom&#8220; parallax=&#8220;yes&#8220; overlay_color=&#8220;color-wayh&#8220; overlay_alpha=&#8220;35&#8243; gutter_size=&#8220;3&#8243; column_width_percent=&#8220;100&#8243; shift_y=&#8220;0&#8243; z_index=&#8220;0&#8243; top_divider=&#8220;gradient&#8220; content_parallax=&#8220;0&#8243; uncode_shortcode_id=&#8220;116004&#8243; back_color_type=&#8220;uncode-palette&#8220; overlay_color_type=&#8220;uncode-palette&#8220; row_height_pixel=&#8220;400&#8243;][vc_column column_width_use_pixel=&#8220;yes&#8220; position_vertical=&#8220;middle&#8220; align_horizontal=&#8220;align_center&#8220; gutter_size=&#8220;2&#8243; style=&#8220;dark&#8220; overlay_alpha=&#8220;50&#8243; shift_x=&#8220;0&#8243; shift_y=&#8220;0&#8243; shift_y_down=&#8220;0&#8243; z_index=&#8220;0&#8243; medium_width=&#8220;0&#8243; mobile_width=&#8220;0&#8243; width=&#8220;1\/1&#8243; column_width_pixel=&#8220;1100&#8243; uncode_shortcode_id=&#8220;141607&#8243;][vc_custom_heading heading_semantic=&#8220;h1&#8243; text_size=&#8220;fontsize-338686&#8243; uncode_shortcode_id=&#8220;984814&#8243;]W\u00e4hlen Sie unsere Produkte f\u00fcr eine erfolgreiche Verklebung![\/vc_custom_heading][\/vc_column][\/vc_row][vc_row row_height_percent=&#8220;0&#8243; override_padding=&#8220;yes&#8220; h_padding=&#8220;2&#8243; top_padding=&#8220;3&#8243; bottom_padding=&#8220;3&#8243; back_color=&#8220;color-xsdn&#8220; overlay_alpha=&#8220;50&#8243; gutter_size=&#8220;3&#8243; column_width_percent=&#8220;100&#8243; shift_y=&#8220;0&#8243; z_index=&#8220;0&#8243; top_divider=&#8220;gradient&#8220; bottom_divider=&#8220;gradient&#8220; inverted_device_order=&#8220;yes&#8220; content_parallax=&#8220;0&#8243; uncode_shortcode_id=&#8220;158822&#8243; back_color_type=&#8220;uncode-palette&#8220;][vc_column column_width_percent=&#8220;100&#8243; gutter_size=&#8220;3&#8243; overlay_alpha=&#8220;50&#8243; shift_x=&#8220;0&#8243; shift_y=&#8220;0&#8243; shift_y_down=&#8220;0&#8243; z_index=&#8220;0&#8243; medium_width=&#8220;0&#8243; mobile_width=&#8220;0&#8243; css_animation=&#8220;alpha-anim&#8220; animation_speed=&#8220;1000&#8243; width=&#8220;1\/4&#8243; uncode_shortcode_id=&#8220;327424&#8243;][vc_row_inner row_inner_height_percent=&#8220;0&#8243; overlay_alpha=&#8220;50&#8243; gutter_size=&#8220;4&#8243; shift_y=&#8220;0&#8243; z_index=&#8220;0&#8243; limit_content=&#8220;&#8220;][vc_column_inner column_width_percent=&#8220;100&#8243; gutter_size=&#8220;3&#8243; overlay_alpha=&#8220;50&#8243; shift_x=&#8220;0&#8243; shift_y=&#8220;0&#8243; shift_y_down=&#8220;0&#8243; z_index=&#8220;0&#8243; medium_width=&#8220;4&#8243; mobile_width=&#8220;0&#8243; width=&#8220;1\/1&#8243; uncode_shortcode_id=&#8220;151535&#8243;][vc_custom_heading text_size=&#8220;h3&#8243; uncode_shortcode_id=&#8220;814794&#8243;]Men\u00fc Dienstleistungen[\/vc_custom_heading][uncode_list larger=&#8220;yes&#8220; icon=&#8220;fa fa-minus2&#8243; uncode_shortcode_id=&#8220;521009&#8243;]<\/p>\n<ul>\n<li><a href=\"https:\/\/www.stickcol.com\/de\/dienste\/branchen\/\">Branchen<\/a><\/li>\n<li><a href=\"https:\/\/www.stickcol.com\/de\/dienste\/geographische-gebiete\/\">Geographische Gebiete<\/a><\/li>\n<li><a href=\"https:\/\/www.stickcol.com\/de\/dienste\/kundendienste\/\">Kundendienste<\/a><\/li>\n<\/ul>\n<p>[\/uncode_list][\/vc_column_inner][\/vc_row_inner][\/vc_column][vc_column column_width_percent=&#8220;100&#8243; position_vertical=&#8220;middle&#8220; gutter_size=&#8220;3&#8243; overlay_alpha=&#8220;50&#8243; shift_x=&#8220;0&#8243; shift_y=&#8220;0&#8243; shift_y_down=&#8220;0&#8243; z_index=&#8220;0&#8243; medium_width=&#8220;0&#8243; mobile_width=&#8220;0&#8243; css_animation=&#8220;alpha-anim&#8220; animation_speed=&#8220;1000&#8243; width=&#8220;3\/4&#8243; uncode_shortcode_id=&#8220;484410&#8243;][vc_custom_heading text_size=&#8220;h3&#8243; text_height=&#8220;fontheight-357766&#8243; uncode_shortcode_id=&#8220;154417&#8243;]Die Stick Col srl genie\u00dft Hochachtung, da sie es versteht, ihre Kunden bei den Anforderungen, die an sie von den M\u00e4rkten gestellt werden, zu begleiten.<br \/>\nDie Stick Col srl ist daher ein idealer Partner von allen neuen Zielen und Bed\u00fcrfnissen, die aus den kreativen Ideen der Unternehmer entstehen.[\/vc_custom_heading][vc_column_text text_lead=&#8220;yes&#8220; uncode_shortcode_id=&#8220;797401&#8243;]<strong>Pers\u00f6nlich angepasste Produktionen:<\/strong><br \/>\nSchachteln, S\u00e4cke, Logos, Farben: alles kann man mit dem Produkt Stick Col srl pers\u00f6nlich anpassen.<br \/>\nFragen Sie nach der Durchf\u00fchrbarkeit Ihres Projekts: wir freuen uns, Ihnen die M\u00f6glichkeiten zu zeigen.<br \/>\nWir verwandeln Ihre Rohstoffe in Kleber in Stick, Granulat, Zylinder usw.[\/vc_column_text][vc_column_text text_lead=&#8220;yes&#8220; uncode_shortcode_id=&#8220;185256&#8243;]Unser Laboratorium steht f\u00fcr die Analyse Ihrer Proben und Klebe- und Verbindungstests von Oberfl\u00e4chen zur Verf\u00fcgung, die von Ihnen vorgeschlagen werden.[\/vc_column_text][vc_column_text text_lead=&#8220;yes&#8220; uncode_shortcode_id=&#8220;139046&#8243;]Das Laboratorium ist auch das Herz der Forschung und Entwicklung neuer Formeln und f\u00fcr Untersuchungen an neuen Rohstoffen. Die Entwicklung neuer Produkte ergibt sich aus den Anfragen der Kunden und auch aus dem Willen der Stick Col, den Hei\u00dfkleber immer vielseitiger und anpassungsf\u00e4higer an jede Situation zu machen.[\/vc_column_text][\/vc_column][\/vc_row][vc_row row_height_percent=&#8220;0&#8243; override_padding=&#8220;yes&#8220; h_padding=&#8220;2&#8243; top_padding=&#8220;5&#8243; bottom_padding=&#8220;5&#8243; back_color=&#8220;color-lxmt&#8220; overlay_alpha=&#8220;50&#8243; equal_height=&#8220;yes&#8220; gutter_size=&#8220;4&#8243; column_width_percent=&#8220;100&#8243; shift_y=&#8220;0&#8243; z_index=&#8220;0&#8243;][vc_column column_width_percent=&#8220;100&#8243; gutter_size=&#8220;2&#8243; override_padding=&#8220;yes&#8220; column_padding=&#8220;2&#8243; overlay_alpha=&#8220;50&#8243; preserve_border=&#8220;yes&#8220; preserve_border_tablet=&#8220;yes&#8220; border_color=&#8220;accent&#8220; border_style=&#8220;solid&#8220; shift_x=&#8220;0&#8243; shift_y=&#8220;0&#8243; shift_y_down=&#8220;0&#8243; z_index=&#8220;0&#8243; medium_width=&#8220;0&#8243; mobile_width=&#8220;0&#8243; width=&#8220;1\/3&#8243; css=&#8220;.vc_custom_1740514343415{border-left-width: 2px !important;padding-top: 0px !important;padding-right: 0px !important;padding-bottom: 0px !important;}&#8220; uncode_shortcode_id=&#8220;178187&#8243; border_color_type=&#8220;uncode-palette&#8220;][vc_custom_heading text_color=&#8220;color-wvjs&#8220; heading_semantic=&#8220;h5&#8243; text_size=&#8220;fontsize-160000&#8243; text_transform=&#8220;uppercase&#8220; text_space=&#8220;fontspace-135905&#8243; uncode_shortcode_id=&#8220;130360&#8243; text_color_type=&#8220;uncode-palette&#8220;]<a href=\"https:\/\/www.stickcol.com\/de\/dienste\/branchen\/\">ENTER<\/a>[\/vc_custom_heading][vc_custom_heading uncode_shortcode_id=&#8220;800826&#8243;]<a href=\"https:\/\/www.stickcol.com\/de\/dienste\/branchen\/\">Branchen<\/a>[\/vc_custom_heading][vc_column_text uncode_shortcode_id=&#8220;193353&#8243;]Industrie \/ Papierverarbeitung \/ Handarbeit \/ Graphik \/ Stoffe \/ M\u00f6beln \/ Elektronik \/ Hobby \/ Handwerk \/ Kosmetik \/ Keramik.[\/vc_column_text][\/vc_column][vc_column column_width_percent=&#8220;100&#8243; gutter_size=&#8220;2&#8243; override_padding=&#8220;yes&#8220; column_padding=&#8220;2&#8243; overlay_alpha=&#8220;50&#8243; preserve_border=&#8220;yes&#8220; preserve_border_tablet=&#8220;yes&#8220; border_color=&#8220;accent&#8220; border_style=&#8220;solid&#8220; shift_x=&#8220;0&#8243; shift_y=&#8220;0&#8243; shift_y_down=&#8220;0&#8243; z_index=&#8220;0&#8243; medium_width=&#8220;0&#8243; mobile_width=&#8220;0&#8243; width=&#8220;1\/3&#8243; css=&#8220;.vc_custom_1740514653566{border-left-width: 2px !important;padding-top: 0px !important;padding-right: 0px !important;padding-bottom: 0px !important;}&#8220; uncode_shortcode_id=&#8220;331601&#8243; border_color_type=&#8220;uncode-palette&#8220;][vc_custom_heading text_color=&#8220;color-wvjs&#8220; heading_semantic=&#8220;h5&#8243; text_size=&#8220;fontsize-160000&#8243; text_transform=&#8220;uppercase&#8220; text_space=&#8220;fontspace-135905&#8243; uncode_shortcode_id=&#8220;152907&#8243; text_color_type=&#8220;uncode-palette&#8220;]<a href=\"https:\/\/www.stickcol.com\/de\/dienste\/geographische-gebiete\/\">ENTER<\/a>[\/vc_custom_heading][vc_custom_heading uncode_shortcode_id=&#8220;136349&#8243;]<a href=\"https:\/\/www.stickcol.com\/de\/dienste\/geographische-gebiete\/\">Geographische Gebiete<\/a>[\/vc_custom_heading][vc_column_text uncode_shortcode_id=&#8220;705647&#8243;]Italien \/ Westeuropa.<br \/>\nStick Col befindet sich in dem neuralgischen Punkt von Europa f\u00fcr die Herstellung von Keramik, Verkleidung und Luxusautos.[\/vc_column_text][\/vc_column][vc_column column_width_percent=&#8220;100&#8243; gutter_size=&#8220;2&#8243; override_padding=&#8220;yes&#8220; column_padding=&#8220;2&#8243; overlay_alpha=&#8220;50&#8243; preserve_border=&#8220;yes&#8220; preserve_border_tablet=&#8220;yes&#8220; border_color=&#8220;accent&#8220; border_style=&#8220;solid&#8220; shift_x=&#8220;0&#8243; shift_y=&#8220;0&#8243; shift_y_down=&#8220;0&#8243; z_index=&#8220;0&#8243; medium_width=&#8220;0&#8243; mobile_width=&#8220;0&#8243; width=&#8220;1\/3&#8243; css=&#8220;.vc_custom_1740514691365{border-left-width: 2px !important;padding-top: 0px !important;padding-right: 0px !important;padding-bottom: 0px !important;}&#8220; uncode_shortcode_id=&#8220;896397&#8243; border_color_type=&#8220;uncode-palette&#8220;][vc_custom_heading text_color=&#8220;color-wvjs&#8220; heading_semantic=&#8220;h5&#8243; text_size=&#8220;fontsize-160000&#8243; text_transform=&#8220;uppercase&#8220; text_space=&#8220;fontspace-135905&#8243; uncode_shortcode_id=&#8220;175948&#8243; text_color_type=&#8220;uncode-palette&#8220;]<a href=\"https:\/\/www.stickcol.com\/de\/dienste\/kundendienste\/\">ENTER<\/a>[\/vc_custom_heading][vc_custom_heading uncode_shortcode_id=&#8220;251397&#8243;]<a href=\"https:\/\/www.stickcol.com\/de\/dienste\/kundendienste\/\">Kundendienste<\/a>[\/vc_custom_heading][vc_column_text uncode_shortcode_id=&#8220;929745&#8243;]Kundenspezifische Produktionen \/ Produktion f\u00fcr Dritte \/ Thermische und Vinyl-Analyse-Laboratorien \/ Adh\u00e4sions- und Klebetests \/ Forschung und Entwicklung.[\/vc_column_text][\/vc_column][\/vc_row][vc_row row_height_percent=&#8220;0&#8243; override_padding=&#8220;yes&#8220; h_padding=&#8220;2&#8243; top_padding=&#8220;5&#8243; bottom_padding=&#8220;5&#8243; back_color=&#8220;accent&#8220; back_image=&#8220;141746&#8243; parallax=&#8220;yes&#8220; overlay_color=&#8220;accent&#8220; overlay_alpha=&#8220;70&#8243; gutter_size=&#8220;4&#8243; column_width_percent=&#8220;100&#8243; shift_y=&#8220;0&#8243; z_index=&#8220;0&#8243; content_parallax=&#8220;0&#8243; uncode_shortcode_id=&#8220;165056&#8243; back_color_type=&#8220;uncode-palette&#8220; overlay_color_type=&#8220;uncode-palette&#8220;][vc_column column_width_use_pixel=&#8220;yes&#8220; position_vertical=&#8220;middle&#8220; align_horizontal=&#8220;align_center&#8220; gutter_size=&#8220;3&#8243; style=&#8220;dark&#8220; overlay_alpha=&#8220;50&#8243; shift_x=&#8220;0&#8243; shift_y=&#8220;0&#8243; shift_y_down=&#8220;0&#8243; z_index=&#8220;0&#8243; medium_width=&#8220;0&#8243; mobile_width=&#8220;0&#8243; width=&#8220;1\/1&#8243; column_width_pixel=&#8220;1000&#8243; uncode_shortcode_id=&#8220;768203&#8243;][vc_custom_heading heading_semantic=&#8220;h4&#8243; text_size=&#8220;fontsize-155944&#8243; text_weight=&#8220;400&#8243; uncode_shortcode_id=&#8220;742099&#8243;]Wir entwickeln ma\u00dfgeschneiderte Klebstoffl\u00f6sungen f\u00fcr Ihre spezifischen Bed\u00fcrfnisse[\/vc_custom_heading][\/vc_column][\/vc_row][vc_row row_height_percent=&#8220;0&#8243; override_padding=&#8220;yes&#8220; h_padding=&#8220;2&#8243; top_padding=&#8220;5&#8243; bottom_padding=&#8220;5&#8243; back_color=&#8220;color-lxmt&#8220; overlay_alpha=&#8220;50&#8243; gutter_size=&#8220;4&#8243; column_width_percent=&#8220;100&#8243; shift_y=&#8220;0&#8243; z_index=&#8220;0&#8243;][vc_column column_width_percent=&#8220;100&#8243; gutter_size=&#8220;3&#8243; font_family=&#8220;font-846016&#8243; overlay_alpha=&#8220;50&#8243; shift_x=&#8220;0&#8243; shift_y=&#8220;0&#8243; shift_y_down=&#8220;0&#8243; z_index=&#8220;0&#8243; medium_width=&#8220;3&#8243; mobile_width=&#8220;0&#8243; width=&#8220;1\/3&#8243; uncode_shortcode_id=&#8220;206056&#8243;][vc_custom_heading heading_semantic=&#8220;h3&#8243; uncode_shortcode_id=&#8220;150569&#8243;]Branchen[\/vc_custom_heading][uncode_list icon=&#8220;fa fa-check2&#8243; icon_color=&#8220;accent&#8220; uncode_shortcode_id=&#8220;118066&#8243; icon_color_type=&#8220;uncode-palette&#8220;]<\/p>\n<ul>\n<li>Industry<\/li>\n<li>Paperwork<\/li>\n<li>Do-it-yourself<\/li>\n<li>Graphics<\/li>\n<li>Textiles<\/li>\n<li>Furniture<\/li>\n<li>Electronics<\/li>\n<li>Hobbies<\/li>\n<li>Crafts<\/li>\n<li>Cosmetics<\/li>\n<li>Ceramics<\/li>\n<\/ul>\n<p>[\/uncode_list][\/vc_column][vc_column column_width_percent=&#8220;100&#8243; gutter_size=&#8220;3&#8243; font_family=&#8220;font-846016&#8243; overlay_alpha=&#8220;50&#8243; shift_x=&#8220;0&#8243; shift_y=&#8220;0&#8243; shift_y_down=&#8220;0&#8243; z_index=&#8220;0&#8243; medium_width=&#8220;3&#8243; mobile_width=&#8220;0&#8243; width=&#8220;1\/3&#8243; uncode_shortcode_id=&#8220;152010&#8243;][vc_custom_heading heading_semantic=&#8220;h3&#8243; uncode_shortcode_id=&#8220;206653&#8243;]Geographische Gebiete[\/vc_custom_heading][uncode_list icon=&#8220;fa fa-check2&#8243; icon_color=&#8220;accent&#8220; uncode_shortcode_id=&#8220;567311&#8243; icon_color_type=&#8220;uncode-palette&#8220;]<\/p>\n<ul>\n<li>Italia<\/li>\n<li>Francia<\/li>\n<li>Germania<\/li>\n<li>Svezia<\/li>\n<li>Belgio<\/li>\n<li>Austria<\/li>\n<li>Inghilterra<\/li>\n<li>Tunisia<\/li>\n<li>Albania<\/li>\n<li>Norvegia<\/li>\n<li>Spagna<\/li>\n<li>Portogallo<\/li>\n<\/ul>\n<p>[\/uncode_list][\/vc_column][vc_column column_width_percent=&#8220;100&#8243; gutter_size=&#8220;3&#8243; font_family=&#8220;font-846016&#8243; overlay_alpha=&#8220;50&#8243; shift_x=&#8220;0&#8243; shift_y=&#8220;0&#8243; shift_y_down=&#8220;0&#8243; z_index=&#8220;0&#8243; medium_width=&#8220;3&#8243; mobile_width=&#8220;0&#8243; width=&#8220;1\/3&#8243; uncode_shortcode_id=&#8220;162689&#8243;][vc_custom_heading heading_semantic=&#8220;h3&#8243; uncode_shortcode_id=&#8220;786510&#8243;]Kundendienste[\/vc_custom_heading][uncode_list icon=&#8220;fa fa-check2&#8243; icon_color=&#8220;accent&#8220; uncode_shortcode_id=&#8220;165790&#8243; icon_color_type=&#8220;uncode-palette&#8220;]<\/p>\n<ul>\n<li>Ma\u00dfgeschneiderte Produktionen<\/li>\n<li>Produktion f\u00fcr Dritte<\/li>\n<li>Labor f\u00fcr Schmelzklebstoff- und Vinylpr\u00fcfungen<\/li>\n<li>Klebe- und Adh\u00e4sionstests<\/li>\n<li>Forschung und Entwicklung<\/li>\n<\/ul>\n<p>[\/uncode_list][\/vc_column][\/vc_row]<\/p>\n<\/div>","protected":false},"excerpt":{"rendered":"<p>[vc_row row_height_percent=&#8220;0&#8243; back_color=&#8220;color-wayh&#8220; back_image=&#8220;141746&#8243; back_position=&#8220;center bottom&#8220; parallax=&#8220;yes&#8220; overlay_color=&#8220;color-wayh&#8220; overlay_alpha=&#8220;35&#8243; gutter_size=&#8220;3&#8243; column_width_percent=&#8220;100&#8243; shift_y=&#8220;0&#8243; z_index=&#8220;0&#8243; top_divider=&#8220;gradient&#8220; content_parallax=&#8220;0&#8243; uncode_shortcode_id=&#8220;116004&#8243; back_color_type=&#8220;uncode-palette&#8220; overlay_color_type=&#8220;uncode-palette&#8220; row_height_pixel=&#8220;400&#8243;][vc_column column_width_use_pixel=&#8220;yes&#8220; [&hellip;]<\/p>\n","protected":false},"author":1,"featured_media":0,"parent":0,"menu_order":0,"comment_status":"closed","ping_status":"closed","template":"","meta":{"footnotes":""},"class_list":["post-144848","page","type-page","status-publish","hentry"],"yoast_head":"<!-- This site is optimized with the Yoast SEO plugin v26.7 - https:\/\/yoast.com\/wordpress\/plugins\/seo\/ -->\n<title>Dienste - Stick Col s.r.l.<\/title>\n<meta name=\"description\" content=\"W\u00e4hlen Sie unsere Produkte f\u00fcr eine erfolgreiche Verklebung!Men\u00fc Dienstleistungen Branchen Geographische Gebiete Kundendienste Die Stick Col srl genie\u00dft\" \/>\n<meta name=\"robots\" content=\"index, follow, max-snippet:-1, max-image-preview:large, max-video-preview:-1\" \/>\n<link rel=\"canonical\" href=\"https:\/\/www.stickcol.com\/servizi\/\" \/>\n<meta property=\"og:locale\" content=\"de_DE\" \/>\n<meta property=\"og:type\" content=\"article\" \/>\n<meta property=\"og:title\" content=\"Dienste - Stick Col s.r.l.\" \/>\n<meta property=\"og:description\" content=\"W\u00e4hlen Sie unsere Produkte f\u00fcr eine erfolgreiche Verklebung!Men\u00fc Dienstleistungen Branchen Geographische Gebiete Kundendienste Die Stick Col srl genie\u00dft\" \/>\n<meta property=\"og:url\" content=\"https:\/\/www.stickcol.com\/servizi\/\" \/>\n<meta property=\"og:site_name\" content=\"Stick Col s.r.l.\" \/>\n<meta property=\"article:modified_time\" content=\"2025-04-09T13:32:49+00:00\" \/>\n<meta name=\"twitter:card\" content=\"summary_large_image\" \/>\n<meta name=\"twitter:label1\" content=\"Gesch\u00e4tzte Lesezeit\" \/>\n\t<meta name=\"twitter:data1\" content=\"7\u00a0Minuten\" \/>\n<script type=\"application\/ld+json\" class=\"yoast-schema-graph\">{\"@context\":\"https:\/\/schema.org\",\"@graph\":[{\"@type\":\"WebPage\",\"@id\":\"https:\/\/www.stickcol.com\/servizi\/\",\"url\":\"https:\/\/www.stickcol.com\/servizi\/\",\"name\":\"Dienste - Stick Col s.r.l.\",\"isPartOf\":{\"@id\":\"https:\/\/www.stickcol.com\/#website\"},\"datePublished\":\"2021-03-18T14:13:41+00:00\",\"dateModified\":\"2025-04-09T13:32:49+00:00\",\"description\":\"W\u00e4hlen Sie unsere Produkte f\u00fcr eine erfolgreiche Verklebung!Men\u00fc Dienstleistungen Branchen Geographische Gebiete Kundendienste Die Stick Col srl genie\u00dft\",\"breadcrumb\":{\"@id\":\"https:\/\/www.stickcol.com\/servizi\/#breadcrumb\"},\"inLanguage\":\"de\",\"potentialAction\":[{\"@type\":\"ReadAction\",\"target\":[\"https:\/\/www.stickcol.com\/servizi\/\"]}]},{\"@type\":\"BreadcrumbList\",\"@id\":\"https:\/\/www.stickcol.com\/servizi\/#breadcrumb\",\"itemListElement\":[{\"@type\":\"ListItem\",\"position\":1,\"name\":\"Home\",\"item\":\"https:\/\/www.stickcol.com\/de\/\"},{\"@type\":\"ListItem\",\"position\":2,\"name\":\"Dienste\"}]},{\"@type\":\"WebSite\",\"@id\":\"https:\/\/www.stickcol.com\/#website\",\"url\":\"https:\/\/www.stickcol.com\/\",\"name\":\"Stick Col s.r.l.\",\"description\":\"Adesivi Termofusibili - Colle Viniliche - Analisi test e laboratorio\",\"potentialAction\":[{\"@type\":\"SearchAction\",\"target\":{\"@type\":\"EntryPoint\",\"urlTemplate\":\"https:\/\/www.stickcol.com\/?s={search_term_string}\"},\"query-input\":{\"@type\":\"PropertyValueSpecification\",\"valueRequired\":true,\"valueName\":\"search_term_string\"}}],\"inLanguage\":\"de\"}]}<\/script>\n<!-- \/ Yoast SEO plugin. -->","yoast_head_json":{"title":"Dienste - Stick Col s.r.l.","description":"W\u00e4hlen Sie unsere Produkte f\u00fcr eine erfolgreiche Verklebung!Men\u00fc Dienstleistungen Branchen Geographische Gebiete Kundendienste Die Stick Col srl genie\u00dft","robots":{"index":"index","follow":"follow","max-snippet":"max-snippet:-1","max-image-preview":"max-image-preview:large","max-video-preview":"max-video-preview:-1"},"canonical":"https:\/\/www.stickcol.com\/servizi\/","og_locale":"de_DE","og_type":"article","og_title":"Dienste - Stick Col s.r.l.","og_description":"W\u00e4hlen Sie unsere Produkte f\u00fcr eine erfolgreiche Verklebung!Men\u00fc Dienstleistungen Branchen Geographische Gebiete Kundendienste Die Stick Col srl genie\u00dft","og_url":"https:\/\/www.stickcol.com\/servizi\/","og_site_name":"Stick Col s.r.l.","article_modified_time":"2025-04-09T13:32:49+00:00","twitter_card":"summary_large_image","twitter_misc":{"Gesch\u00e4tzte Lesezeit":"7\u00a0Minuten"},"schema":{"@context":"https:\/\/schema.org","@graph":[{"@type":"WebPage","@id":"https:\/\/www.stickcol.com\/servizi\/","url":"https:\/\/www.stickcol.com\/servizi\/","name":"Dienste - Stick Col s.r.l.","isPartOf":{"@id":"https:\/\/www.stickcol.com\/#website"},"datePublished":"2021-03-18T14:13:41+00:00","dateModified":"2025-04-09T13:32:49+00:00","description":"W\u00e4hlen Sie unsere Produkte f\u00fcr eine erfolgreiche Verklebung!Men\u00fc Dienstleistungen Branchen Geographische Gebiete Kundendienste Die Stick Col srl genie\u00dft","breadcrumb":{"@id":"https:\/\/www.stickcol.com\/servizi\/#breadcrumb"},"inLanguage":"de","potentialAction":[{"@type":"ReadAction","target":["https:\/\/www.stickcol.com\/servizi\/"]}]},{"@type":"BreadcrumbList","@id":"https:\/\/www.stickcol.com\/servizi\/#breadcrumb","itemListElement":[{"@type":"ListItem","position":1,"name":"Home","item":"https:\/\/www.stickcol.com\/de\/"},{"@type":"ListItem","position":2,"name":"Dienste"}]},{"@type":"WebSite","@id":"https:\/\/www.stickcol.com\/#website","url":"https:\/\/www.stickcol.com\/","name":"Stick Col s.r.l.","description":"Adesivi Termofusibili - Colle Viniliche - Analisi test e laboratorio","potentialAction":[{"@type":"SearchAction","target":{"@type":"EntryPoint","urlTemplate":"https:\/\/www.stickcol.com\/?s={search_term_string}"},"query-input":{"@type":"PropertyValueSpecification","valueRequired":true,"valueName":"search_term_string"}}],"inLanguage":"de"}]}},"_links":{"self":[{"href":"https:\/\/www.stickcol.com\/de\/wp-json\/wp\/v2\/pages\/144848","targetHints":{"allow":["GET"]}}],"collection":[{"href":"https:\/\/www.stickcol.com\/de\/wp-json\/wp\/v2\/pages"}],"about":[{"href":"https:\/\/www.stickcol.com\/de\/wp-json\/wp\/v2\/types\/page"}],"author":[{"embeddable":true,"href":"https:\/\/www.stickcol.com\/de\/wp-json\/wp\/v2\/users\/1"}],"replies":[{"embeddable":true,"href":"https:\/\/www.stickcol.com\/de\/wp-json\/wp\/v2\/comments?post=144848"}],"version-history":[{"count":0,"href":"https:\/\/www.stickcol.com\/de\/wp-json\/wp\/v2\/pages\/144848\/revisions"}],"wp:attachment":[{"href":"https:\/\/www.stickcol.com\/de\/wp-json\/wp\/v2\/media?parent=144848"}],"curies":[{"name":"wp","href":"https:\/\/api.w.org\/{rel}","templated":true}]}}