{"id":146110,"date":"2025-05-06T08:37:19","date_gmt":"2025-05-06T08:37:19","guid":{"rendered":"https:\/\/www.stickcol.com\/?page_id=146110"},"modified":"2025-05-09T13:36:49","modified_gmt":"2025-05-09T13:36:49","slug":"bau","status":"publish","type":"page","link":"https:\/\/www.stickcol.com\/de\/dienste\/branchen\/bau\/","title":{"rendered":"Bau"},"content":{"rendered":"<div class=\"wpb-content-wrapper\"><p>[vc_row row_height_percent=&#8220;0&#8243; back_color=&#8220;color-wayh&#8220; back_image=&#8220;146113&#8243; back_position=&#8220;center bottom&#8220; parallax=&#8220;yes&#8220; overlay_color=&#8220;color-wayh&#8220; overlay_alpha=&#8220;35&#8243; gutter_size=&#8220;3&#8243; column_width_percent=&#8220;100&#8243; shift_y=&#8220;0&#8243; z_index=&#8220;0&#8243; top_divider=&#8220;gradient&#8220; content_parallax=&#8220;0&#8243; uncode_shortcode_id=&#8220;313177&#8243; back_color_type=&#8220;uncode-palette&#8220; overlay_color_type=&#8220;uncode-palette&#8220; row_height_pixel=&#8220;400&#8243;][vc_column column_width_use_pixel=&#8220;yes&#8220; position_vertical=&#8220;middle&#8220; align_horizontal=&#8220;align_center&#8220; gutter_size=&#8220;2&#8243; style=&#8220;dark&#8220; overlay_alpha=&#8220;50&#8243; shift_x=&#8220;0&#8243; shift_y=&#8220;0&#8243; shift_y_down=&#8220;0&#8243; z_index=&#8220;0&#8243; medium_width=&#8220;0&#8243; mobile_width=&#8220;0&#8243; width=&#8220;1\/1&#8243; column_width_pixel=&#8220;1100&#8243; uncode_shortcode_id=&#8220;141607&#8243;][vc_custom_heading heading_semantic=&#8220;h1&#8243; text_size=&#8220;fontsize-338686&#8243; uncode_shortcode_id=&#8220;160400&#8243;]Bau[\/vc_custom_heading][vc_empty_space empty_h=&#8220;2&#8243;][\/vc_column][\/vc_row][vc_row row_height_percent=&#8220;0&#8243; override_padding=&#8220;yes&#8220; h_padding=&#8220;2&#8243; top_padding=&#8220;3&#8243; bottom_padding=&#8220;3&#8243; back_color=&#8220;color-xsdn&#8220; overlay_alpha=&#8220;50&#8243; gutter_size=&#8220;3&#8243; column_width_percent=&#8220;100&#8243; shift_y=&#8220;0&#8243; z_index=&#8220;0&#8243; top_divider=&#8220;gradient&#8220; bottom_divider=&#8220;gradient&#8220; inverted_device_order=&#8220;yes&#8220; content_parallax=&#8220;0&#8243; uncode_shortcode_id=&#8220;158822&#8243; back_color_type=&#8220;uncode-palette&#8220;][vc_column column_width_percent=&#8220;100&#8243; gutter_size=&#8220;3&#8243; overlay_alpha=&#8220;50&#8243; shift_x=&#8220;0&#8243; shift_y=&#8220;0&#8243; shift_y_down=&#8220;0&#8243; z_index=&#8220;0&#8243; medium_width=&#8220;0&#8243; mobile_width=&#8220;0&#8243; css_animation=&#8220;alpha-anim&#8220; animation_speed=&#8220;1000&#8243; width=&#8220;1\/4&#8243; uncode_shortcode_id=&#8220;327424&#8243;][vc_row_inner row_inner_height_percent=&#8220;0&#8243; overlay_alpha=&#8220;50&#8243; gutter_size=&#8220;4&#8243; shift_y=&#8220;0&#8243; z_index=&#8220;0&#8243; limit_content=&#8220;&#8220;][vc_column_inner column_width_percent=&#8220;100&#8243; gutter_size=&#8220;3&#8243; overlay_alpha=&#8220;50&#8243; shift_x=&#8220;0&#8243; shift_y=&#8220;0&#8243; shift_y_down=&#8220;0&#8243; z_index=&#8220;0&#8243; medium_width=&#8220;4&#8243; mobile_width=&#8220;0&#8243; width=&#8220;1\/1&#8243; uncode_shortcode_id=&#8220;151535&#8243;][vc_custom_heading text_size=&#8220;h3&#8243; uncode_shortcode_id=&#8220;318377&#8243;]Men\u00fc Branchen<br \/>\n[\/vc_custom_heading][vc_wp_custommenu nav_menu=&#8220;220&#8243;][\/vc_column_inner][\/vc_row_inner][\/vc_column][vc_column column_width_percent=&#8220;100&#8243; position_vertical=&#8220;middle&#8220; gutter_size=&#8220;3&#8243; overlay_alpha=&#8220;50&#8243; shift_x=&#8220;0&#8243; shift_y=&#8220;0&#8243; shift_y_down=&#8220;0&#8243; z_index=&#8220;0&#8243; medium_width=&#8220;0&#8243; mobile_width=&#8220;0&#8243; css_animation=&#8220;alpha-anim&#8220; animation_speed=&#8220;1000&#8243; width=&#8220;3\/4&#8243; uncode_shortcode_id=&#8220;484410&#8243;][vc_column_text text_lead=&#8220;yes&#8220; uncode_shortcode_id=&#8220;334069&#8243;]Befestigungen, F\u00fcllungen, vor\u00fcbergehende oder dauerhafte Montagen, Drahtfixierungen: Im Bauwesen sind die m\u00f6glichen Anwendungen von Schmelzklebstoff-Sticks unbegrenzt.[\/vc_column_text][\/vc_column][\/vc_row][vc_row][vc_column width=&#8220;1\/1&#8243;][uncode_block id=&#8220;146351&#8243;][\/vc_column][\/vc_row]<\/p>\n<\/div>","protected":false},"excerpt":{"rendered":"<p>[vc_row row_height_percent=&#8220;0&#8243; back_color=&#8220;color-wayh&#8220; back_image=&#8220;146113&#8243; back_position=&#8220;center bottom&#8220; parallax=&#8220;yes&#8220; overlay_color=&#8220;color-wayh&#8220; overlay_alpha=&#8220;35&#8243; gutter_size=&#8220;3&#8243; column_width_percent=&#8220;100&#8243; shift_y=&#8220;0&#8243; z_index=&#8220;0&#8243; top_divider=&#8220;gradient&#8220; content_parallax=&#8220;0&#8243; uncode_shortcode_id=&#8220;313177&#8243; back_color_type=&#8220;uncode-palette&#8220; overlay_color_type=&#8220;uncode-palette&#8220; row_height_pixel=&#8220;400&#8243;][vc_column column_width_use_pixel=&#8220;yes&#8220; [&hellip;]<\/p>\n","protected":false},"author":2,"featured_media":146116,"parent":144836,"menu_order":0,"comment_status":"closed","ping_status":"closed","template":"","meta":{"footnotes":""},"class_list":["post-146110","page","type-page","status-publish","has-post-thumbnail","hentry","page_category-branchen"],"yoast_head":"<!-- This site is optimized with the Yoast SEO plugin v26.7 - https:\/\/yoast.com\/wordpress\/plugins\/seo\/ -->\n<title>Bau - Stick Col s.r.l.<\/title>\n<meta name=\"description\" content=\"BauMen\u00fc Branchen Befestigungen, F\u00fcllungen, vor\u00fcbergehende oder dauerhafte Montagen, Drahtfixierungen: Im Bauwesen sind die m\u00f6glichen Anwendungen von\" \/>\n<meta name=\"robots\" content=\"index, follow, max-snippet:-1, max-image-preview:large, max-video-preview:-1\" \/>\n<link rel=\"canonical\" href=\"https:\/\/www.stickcol.com\/de\/dienste\/branchen\/bau\/\" \/>\n<meta property=\"og:locale\" content=\"de_DE\" \/>\n<meta property=\"og:type\" content=\"article\" \/>\n<meta property=\"og:title\" content=\"Bau - Stick Col s.r.l.\" \/>\n<meta property=\"og:description\" content=\"BauMen\u00fc Branchen Befestigungen, F\u00fcllungen, vor\u00fcbergehende oder dauerhafte Montagen, Drahtfixierungen: Im Bauwesen sind die m\u00f6glichen Anwendungen von\" \/>\n<meta property=\"og:url\" content=\"https:\/\/www.stickcol.com\/de\/dienste\/branchen\/bau\/\" \/>\n<meta property=\"og:site_name\" content=\"Stick Col s.r.l.\" \/>\n<meta property=\"article:modified_time\" content=\"2025-05-09T13:36:49+00:00\" \/>\n<meta property=\"og:image\" content=\"https:\/\/www.stickcol.com\/wp-content\/uploads\/2025\/05\/settorimerceologici.8.webp\" \/>\n\t<meta property=\"og:image:width\" content=\"1251\" \/>\n\t<meta property=\"og:image:height\" content=\"780\" \/>\n\t<meta property=\"og:image:type\" content=\"image\/webp\" \/>\n<meta name=\"twitter:card\" content=\"summary_large_image\" \/>\n<meta name=\"twitter:label1\" content=\"Gesch\u00e4tzte Lesezeit\" \/>\n\t<meta name=\"twitter:data1\" content=\"2\u00a0Minuten\" \/>\n<script type=\"application\/ld+json\" class=\"yoast-schema-graph\">{\"@context\":\"https:\/\/schema.org\",\"@graph\":[{\"@type\":\"WebPage\",\"@id\":\"https:\/\/www.stickcol.com\/de\/dienste\/branchen\/bau\/\",\"url\":\"https:\/\/www.stickcol.com\/de\/dienste\/branchen\/bau\/\",\"name\":\"Bau - Stick Col s.r.l.\",\"isPartOf\":{\"@id\":\"https:\/\/www.stickcol.com\/#website\"},\"primaryImageOfPage\":{\"@id\":\"https:\/\/www.stickcol.com\/de\/dienste\/branchen\/bau\/#primaryimage\"},\"image\":{\"@id\":\"https:\/\/www.stickcol.com\/de\/dienste\/branchen\/bau\/#primaryimage\"},\"thumbnailUrl\":\"https:\/\/www.stickcol.com\/wp-content\/uploads\/2025\/05\/settorimerceologici.8.webp\",\"datePublished\":\"2025-05-06T08:37:19+00:00\",\"dateModified\":\"2025-05-09T13:36:49+00:00\",\"description\":\"BauMen\u00fc Branchen Befestigungen, F\u00fcllungen, vor\u00fcbergehende oder dauerhafte Montagen, Drahtfixierungen: Im Bauwesen sind die m\u00f6glichen Anwendungen von\",\"breadcrumb\":{\"@id\":\"https:\/\/www.stickcol.com\/de\/dienste\/branchen\/bau\/#breadcrumb\"},\"inLanguage\":\"de\",\"potentialAction\":[{\"@type\":\"ReadAction\",\"target\":[\"https:\/\/www.stickcol.com\/de\/dienste\/branchen\/bau\/\"]}]},{\"@type\":\"ImageObject\",\"inLanguage\":\"de\",\"@id\":\"https:\/\/www.stickcol.com\/de\/dienste\/branchen\/bau\/#primaryimage\",\"url\":\"https:\/\/www.stickcol.com\/wp-content\/uploads\/2025\/05\/settorimerceologici.8.webp\",\"contentUrl\":\"https:\/\/www.stickcol.com\/wp-content\/uploads\/2025\/05\/settorimerceologici.8.webp\",\"width\":1251,\"height\":780},{\"@type\":\"BreadcrumbList\",\"@id\":\"https:\/\/www.stickcol.com\/de\/dienste\/branchen\/bau\/#breadcrumb\",\"itemListElement\":[{\"@type\":\"ListItem\",\"position\":1,\"name\":\"Home\",\"item\":\"https:\/\/www.stickcol.com\/de\/\"},{\"@type\":\"ListItem\",\"position\":2,\"name\":\"Dienste\",\"item\":\"https:\/\/www.stickcol.com\/servizi\/\"},{\"@type\":\"ListItem\",\"position\":3,\"name\":\"Branchen\",\"item\":\"https:\/\/www.stickcol.com\/de\/dienste\/branchen\/\"},{\"@type\":\"ListItem\",\"position\":4,\"name\":\"Bau\"}]},{\"@type\":\"WebSite\",\"@id\":\"https:\/\/www.stickcol.com\/#website\",\"url\":\"https:\/\/www.stickcol.com\/\",\"name\":\"Stick Col s.r.l.\",\"description\":\"Adesivi Termofusibili - Colle Viniliche - Analisi test e laboratorio\",\"potentialAction\":[{\"@type\":\"SearchAction\",\"target\":{\"@type\":\"EntryPoint\",\"urlTemplate\":\"https:\/\/www.stickcol.com\/?s={search_term_string}\"},\"query-input\":{\"@type\":\"PropertyValueSpecification\",\"valueRequired\":true,\"valueName\":\"search_term_string\"}}],\"inLanguage\":\"de\"}]}<\/script>\n<!-- \/ Yoast SEO plugin. -->","yoast_head_json":{"title":"Bau - Stick Col s.r.l.","description":"BauMen\u00fc Branchen Befestigungen, F\u00fcllungen, vor\u00fcbergehende oder dauerhafte Montagen, Drahtfixierungen: Im Bauwesen sind die m\u00f6glichen Anwendungen von","robots":{"index":"index","follow":"follow","max-snippet":"max-snippet:-1","max-image-preview":"max-image-preview:large","max-video-preview":"max-video-preview:-1"},"canonical":"https:\/\/www.stickcol.com\/de\/dienste\/branchen\/bau\/","og_locale":"de_DE","og_type":"article","og_title":"Bau - Stick Col s.r.l.","og_description":"BauMen\u00fc Branchen Befestigungen, F\u00fcllungen, vor\u00fcbergehende oder dauerhafte Montagen, Drahtfixierungen: Im Bauwesen sind die m\u00f6glichen Anwendungen von","og_url":"https:\/\/www.stickcol.com\/de\/dienste\/branchen\/bau\/","og_site_name":"Stick Col s.r.l.","article_modified_time":"2025-05-09T13:36:49+00:00","og_image":[{"width":1251,"height":780,"url":"https:\/\/www.stickcol.com\/wp-content\/uploads\/2025\/05\/settorimerceologici.8.webp","type":"image\/webp"}],"twitter_card":"summary_large_image","twitter_misc":{"Gesch\u00e4tzte Lesezeit":"2\u00a0Minuten"},"schema":{"@context":"https:\/\/schema.org","@graph":[{"@type":"WebPage","@id":"https:\/\/www.stickcol.com\/de\/dienste\/branchen\/bau\/","url":"https:\/\/www.stickcol.com\/de\/dienste\/branchen\/bau\/","name":"Bau - Stick Col s.r.l.","isPartOf":{"@id":"https:\/\/www.stickcol.com\/#website"},"primaryImageOfPage":{"@id":"https:\/\/www.stickcol.com\/de\/dienste\/branchen\/bau\/#primaryimage"},"image":{"@id":"https:\/\/www.stickcol.com\/de\/dienste\/branchen\/bau\/#primaryimage"},"thumbnailUrl":"https:\/\/www.stickcol.com\/wp-content\/uploads\/2025\/05\/settorimerceologici.8.webp","datePublished":"2025-05-06T08:37:19+00:00","dateModified":"2025-05-09T13:36:49+00:00","description":"BauMen\u00fc Branchen Befestigungen, F\u00fcllungen, vor\u00fcbergehende oder dauerhafte Montagen, Drahtfixierungen: Im Bauwesen sind die m\u00f6glichen Anwendungen von","breadcrumb":{"@id":"https:\/\/www.stickcol.com\/de\/dienste\/branchen\/bau\/#breadcrumb"},"inLanguage":"de","potentialAction":[{"@type":"ReadAction","target":["https:\/\/www.stickcol.com\/de\/dienste\/branchen\/bau\/"]}]},{"@type":"ImageObject","inLanguage":"de","@id":"https:\/\/www.stickcol.com\/de\/dienste\/branchen\/bau\/#primaryimage","url":"https:\/\/www.stickcol.com\/wp-content\/uploads\/2025\/05\/settorimerceologici.8.webp","contentUrl":"https:\/\/www.stickcol.com\/wp-content\/uploads\/2025\/05\/settorimerceologici.8.webp","width":1251,"height":780},{"@type":"BreadcrumbList","@id":"https:\/\/www.stickcol.com\/de\/dienste\/branchen\/bau\/#breadcrumb","itemListElement":[{"@type":"ListItem","position":1,"name":"Home","item":"https:\/\/www.stickcol.com\/de\/"},{"@type":"ListItem","position":2,"name":"Dienste","item":"https:\/\/www.stickcol.com\/servizi\/"},{"@type":"ListItem","position":3,"name":"Branchen","item":"https:\/\/www.stickcol.com\/de\/dienste\/branchen\/"},{"@type":"ListItem","position":4,"name":"Bau"}]},{"@type":"WebSite","@id":"https:\/\/www.stickcol.com\/#website","url":"https:\/\/www.stickcol.com\/","name":"Stick Col s.r.l.","description":"Adesivi Termofusibili - Colle Viniliche - Analisi test e laboratorio","potentialAction":[{"@type":"SearchAction","target":{"@type":"EntryPoint","urlTemplate":"https:\/\/www.stickcol.com\/?s={search_term_string}"},"query-input":{"@type":"PropertyValueSpecification","valueRequired":true,"valueName":"search_term_string"}}],"inLanguage":"de"}]}},"_links":{"self":[{"href":"https:\/\/www.stickcol.com\/de\/wp-json\/wp\/v2\/pages\/146110","targetHints":{"allow":["GET"]}}],"collection":[{"href":"https:\/\/www.stickcol.com\/de\/wp-json\/wp\/v2\/pages"}],"about":[{"href":"https:\/\/www.stickcol.com\/de\/wp-json\/wp\/v2\/types\/page"}],"author":[{"embeddable":true,"href":"https:\/\/www.stickcol.com\/de\/wp-json\/wp\/v2\/users\/2"}],"replies":[{"embeddable":true,"href":"https:\/\/www.stickcol.com\/de\/wp-json\/wp\/v2\/comments?post=146110"}],"version-history":[{"count":0,"href":"https:\/\/www.stickcol.com\/de\/wp-json\/wp\/v2\/pages\/146110\/revisions"}],"up":[{"embeddable":true,"href":"https:\/\/www.stickcol.com\/de\/wp-json\/wp\/v2\/pages\/144836"}],"wp:featuredmedia":[{"embeddable":true,"href":"https:\/\/www.stickcol.com\/de\/wp-json\/wp\/v2\/media\/146116"}],"wp:attachment":[{"href":"https:\/\/www.stickcol.com\/de\/wp-json\/wp\/v2\/media?parent=146110"}],"curies":[{"name":"wp","href":"https:\/\/api.w.org\/{rel}","templated":true}]}}