{"id":144831,"date":"2025-02-10T19:41:08","date_gmt":"2025-02-10T19:41:08","guid":{"rendered":"https:\/\/www.stickcol.com\/aree-geografiche\/"},"modified":"2025-04-03T15:19:29","modified_gmt":"2025-04-03T15:19:29","slug":"zones-geographiques","status":"publish","type":"page","link":"https:\/\/www.stickcol.com\/fr\/services\/zones-geographiques\/","title":{"rendered":"Zones G\u00e9ographiques"},"content":{"rendered":"<div class=\"wpb-content-wrapper\"><p>[vc_row row_height_percent=\u00a0\u00bb0&Prime; back_color=\u00a0\u00bbcolor-wayh\u00a0\u00bb back_image=\u00a0\u00bb141746&Prime; back_position=\u00a0\u00bbcenter bottom\u00a0\u00bb parallax=\u00a0\u00bbyes\u00a0\u00bb overlay_color=\u00a0\u00bbcolor-wayh\u00a0\u00bb overlay_alpha=\u00a0\u00bb35&Prime; gutter_size=\u00a0\u00bb3&Prime; column_width_percent=\u00a0\u00bb100&Prime; shift_y=\u00a0\u00bb0&Prime; z_index=\u00a0\u00bb0&Prime; top_divider=\u00a0\u00bbgradient\u00a0\u00bb content_parallax=\u00a0\u00bb0&Prime; uncode_shortcode_id=\u00a0\u00bb460703&Prime; back_color_type=\u00a0\u00bbuncode-palette\u00a0\u00bb overlay_color_type=\u00a0\u00bbuncode-palette\u00a0\u00bb row_height_pixel=\u00a0\u00bb400&Prime;][vc_column column_width_use_pixel=\u00a0\u00bbyes\u00a0\u00bb position_vertical=\u00a0\u00bbmiddle\u00a0\u00bb align_horizontal=\u00a0\u00bbalign_center\u00a0\u00bb gutter_size=\u00a0\u00bb2&Prime; style=\u00a0\u00bbdark\u00a0\u00bb overlay_alpha=\u00a0\u00bb50&Prime; shift_x=\u00a0\u00bb0&Prime; shift_y=\u00a0\u00bb0&Prime; shift_y_down=\u00a0\u00bb0&Prime; z_index=\u00a0\u00bb0&Prime; medium_width=\u00a0\u00bb0&Prime; mobile_width=\u00a0\u00bb0&Prime; width=\u00a0\u00bb1\/1&Prime; column_width_pixel=\u00a0\u00bb1100&Prime; uncode_shortcode_id=\u00a0\u00bb141607&Prime;][vc_custom_heading heading_semantic=\u00a0\u00bbh1&Prime; text_size=\u00a0\u00bbfontsize-338686&Prime; uncode_shortcode_id=\u00a0\u00bb730781&Prime;]Flexibilit\u00e9 et adaptabilit\u00e9 : notre processus d&rsquo;approvisionnement s&rsquo;adapte \u00e0 vos demandes[\/vc_custom_heading][vc_empty_space empty_h=\u00a0\u00bb2&Prime;][\/vc_column][\/vc_row][vc_row row_height_percent=\u00a0\u00bb0&Prime; override_padding=\u00a0\u00bbyes\u00a0\u00bb h_padding=\u00a0\u00bb2&Prime; top_padding=\u00a0\u00bb3&Prime; bottom_padding=\u00a0\u00bb3&Prime; back_color=\u00a0\u00bbcolor-xsdn\u00a0\u00bb overlay_alpha=\u00a0\u00bb50&Prime; gutter_size=\u00a0\u00bb3&Prime; column_width_percent=\u00a0\u00bb100&Prime; shift_y=\u00a0\u00bb0&Prime; z_index=\u00a0\u00bb0&Prime; top_divider=\u00a0\u00bbgradient\u00a0\u00bb bottom_divider=\u00a0\u00bbgradient\u00a0\u00bb inverted_device_order=\u00a0\u00bbyes\u00a0\u00bb content_parallax=\u00a0\u00bb0&Prime; uncode_shortcode_id=\u00a0\u00bb158822&Prime; back_color_type=\u00a0\u00bbuncode-palette\u00a0\u00bb][vc_column column_width_percent=\u00a0\u00bb100&Prime; gutter_size=\u00a0\u00bb3&Prime; overlay_alpha=\u00a0\u00bb50&Prime; shift_x=\u00a0\u00bb0&Prime; shift_y=\u00a0\u00bb0&Prime; shift_y_down=\u00a0\u00bb0&Prime; z_index=\u00a0\u00bb0&Prime; medium_width=\u00a0\u00bb0&Prime; mobile_width=\u00a0\u00bb0&Prime; css_animation=\u00a0\u00bbalpha-anim\u00a0\u00bb animation_speed=\u00a0\u00bb1000&Prime; width=\u00a0\u00bb1\/4&Prime; uncode_shortcode_id=\u00a0\u00bb327424&Prime;][vc_row_inner row_inner_height_percent=\u00a0\u00bb0&Prime; overlay_alpha=\u00a0\u00bb50&Prime; gutter_size=\u00a0\u00bb4&Prime; shift_y=\u00a0\u00bb0&Prime; z_index=\u00a0\u00bb0&Prime; limit_content=\u00a0\u00bb\u00a0\u00bb][vc_column_inner column_width_percent=\u00a0\u00bb100&Prime; gutter_size=\u00a0\u00bb3&Prime; overlay_alpha=\u00a0\u00bb50&Prime; shift_x=\u00a0\u00bb0&Prime; shift_y=\u00a0\u00bb0&Prime; shift_y_down=\u00a0\u00bb0&Prime; z_index=\u00a0\u00bb0&Prime; medium_width=\u00a0\u00bb4&Prime; mobile_width=\u00a0\u00bb0&Prime; width=\u00a0\u00bb1\/1&Prime; uncode_shortcode_id=\u00a0\u00bb151535&Prime;][vc_custom_heading text_size=\u00a0\u00bbh3&Prime; uncode_shortcode_id=\u00a0\u00bb203169&Prime;]Menu Services[\/vc_custom_heading][uncode_list larger=\u00a0\u00bbyes\u00a0\u00bb icon=\u00a0\u00bbfa fa-minus2&Prime; uncode_shortcode_id=\u00a0\u00bb187065&Prime;]<\/p>\n<ul>\n<li><a href=\"https:\/\/www.stickcol.com\/fr\/services\/secteurs-commerciaux\/\">Secteurs Commerciaux<\/a><\/li>\n<li><a style=\"color: #ea5b2b;\" href=\"https:\/\/www.stickcol.com\/fr\/services\/zones-geographiques\/\">Zones G\u00e9ographiques<\/a><\/li>\n<li><a href=\"https:\/\/www.stickcol.com\/fr\/services\/services-pour-les-clients\/\">Services pour les Clients<\/a><\/li>\n<\/ul>\n<p>[\/uncode_list][\/vc_column_inner][\/vc_row_inner][\/vc_column][vc_column column_width_percent=\u00a0\u00bb100&Prime; position_vertical=\u00a0\u00bbmiddle\u00a0\u00bb gutter_size=\u00a0\u00bb3&Prime; overlay_alpha=\u00a0\u00bb50&Prime; shift_x=\u00a0\u00bb0&Prime; shift_y=\u00a0\u00bb0&Prime; shift_y_down=\u00a0\u00bb0&Prime; z_index=\u00a0\u00bb0&Prime; medium_width=\u00a0\u00bb0&Prime; mobile_width=\u00a0\u00bb0&Prime; css_animation=\u00a0\u00bbalpha-anim\u00a0\u00bb animation_speed=\u00a0\u00bb1000&Prime; width=\u00a0\u00bb3\/4&Prime; uncode_shortcode_id=\u00a0\u00bb484410&Prime;][vc_custom_heading text_size=\u00a0\u00bbh3&Prime; text_height=\u00a0\u00bbfontheight-357766&Prime; uncode_shortcode_id=\u00a0\u00bb306760&Prime;]Les zones g\u00e9ographiques couvertes par Stick Col sont tr\u00e8s vastes, car son usine de production se situe au c\u0153ur logistique de la production de la c\u00e9ramique et du rev\u00eatement.[\/vc_custom_heading][vc_custom_heading text_size=\u00a0\u00bbh3&Prime; text_height=\u00a0\u00bbfontheight-357766&Prime; uncode_shortcode_id=\u00a0\u00bb835801&Prime;]Ceci la rend comp\u00e9titive \u00e9galement du point de vue des transports, car la zone est desservie par des Transitaires et Transporteurs provenant du monde entier et vers le monde entier.[\/vc_custom_heading][vc_single_image media=\u00a0\u00bb142260&Prime; media_width_percent=\u00a0\u00bb100&Prime; uncode_shortcode_id=\u00a0\u00bb664762&Prime;][vc_row_inner limit_content=\u00a0\u00bb\u00a0\u00bb][vc_column_inner width=\u00a0\u00bb1\/2&Prime;][vc_raw_html]JTNDaWZyYW1lJTIwc3JjJTNEJTIyaHR0cHMlM0ElMkYlMkZ3d3cuZ29vZ2xlLmNvbSUyRm1hcHMlMkZlbWJlZCUzRnBiJTNEJTIxMW0xOCUyMTFtMTIlMjExbTMlMjExZDU5MDYuMTM2MDY5OTc0NTE4JTIxMmQxMC44MzkxOTgxMTMyODc3MzYlMjEzZDQ0LjUzOTA2NjM5NDU2NDU3JTIxMm0zJTIxMWYwJTIxMmYwJTIxM2YwJTIxM20yJTIxMWkxMDI0JTIxMmk3NjglMjE0ZjEzLjElMjEzbTMlMjExbTIlMjExczB4NDc3ZmUzM2ZlYmJiMDIxOSUyNTNBMHhkMmQ1OTkwZjRjZTA4YmQ1JTIxMnNTdGljayUyNTIwQ29sJTI1MjBTcmwlMjE1ZTElMjEzbTIlMjExc2l0JTIxMnNpdCUyMTR2MTc0MDUxNDc3OTE1OCUyMTVtMiUyMTFzaXQlMjEyc2l0JTIyJTIwd2lkdGglM0QlMjIxMDAlMjUlMjIlMjBoZWlnaHQlM0QlMjI0NTAlMjIlMjBzdHlsZSUzRCUyMmJvcmRlciUzQTAlM0IlMjIlMjBhbGxvd2Z1bGxzY3JlZW4lM0QlMjIlMjIlMjBsb2FkaW5nJTNEJTIybGF6eSUyMiUyMHJlZmVycmVycG9saWN5JTNEJTIybm8tcmVmZXJyZXItd2hlbi1kb3duZ3JhZGUlMjIlM0UlM0MlMkZpZnJhbWUlM0U=[\/vc_raw_html][\/vc_column_inner][vc_column_inner width=\u00a0\u00bb1\/2&Prime;][vc_column_text text_lead=\u00a0\u00bbyes\u00a0\u00bb uncode_shortcode_id=\u00a0\u00bb953416&Prime;]<strong>Logistique:<\/strong><br \/>\nLa zone est strat\u00e9gique du point de vue logistique parce que fr\u00e9quent\u00e9e tous les jours par des transporteurs avec des destinations dans le monde entier.[\/vc_column_text][\/vc_column_inner][\/vc_row_inner][\/vc_column][\/vc_row]<\/p>\n<\/div>","protected":false},"excerpt":{"rendered":"<p>[vc_row row_height_percent=\u00a0\u00bb0&Prime; back_color=\u00a0\u00bbcolor-wayh\u00a0\u00bb back_image=\u00a0\u00bb141746&Prime; back_position=\u00a0\u00bbcenter bottom\u00a0\u00bb parallax=\u00a0\u00bbyes\u00a0\u00bb overlay_color=\u00a0\u00bbcolor-wayh\u00a0\u00bb overlay_alpha=\u00a0\u00bb35&Prime; gutter_size=\u00a0\u00bb3&Prime; column_width_percent=\u00a0\u00bb100&Prime; shift_y=\u00a0\u00bb0&Prime; z_index=\u00a0\u00bb0&Prime; top_divider=\u00a0\u00bbgradient\u00a0\u00bb content_parallax=\u00a0\u00bb0&Prime; uncode_shortcode_id=\u00a0\u00bb460703&Prime; back_color_type=\u00a0\u00bbuncode-palette\u00a0\u00bb overlay_color_type=\u00a0\u00bbuncode-palette\u00a0\u00bb row_height_pixel=\u00a0\u00bb400&Prime;][vc_column column_width_use_pixel=\u00a0\u00bbyes\u00a0\u00bb [&hellip;]<\/p>\n","protected":false},"author":1,"featured_media":0,"parent":144847,"menu_order":0,"comment_status":"closed","ping_status":"closed","template":"","meta":{"footnotes":""},"class_list":["post-144831","page","type-page","status-publish","hentry"],"yoast_head":"<!-- This site is optimized with the Yoast SEO plugin v26.7 - https:\/\/yoast.com\/wordpress\/plugins\/seo\/ -->\n<title>Zones G\u00e9ographiques - Stick Col s.r.l.<\/title>\n<meta name=\"description\" content=\"Flexibilit\u00e9 et adaptabilit\u00e9 : notre processus d&#039;approvisionnement s&#039;adapte \u00e0 vos demandesMenu Services Secteurs Commerciaux Zones G\u00e9ographiques Services\" \/>\n<meta name=\"robots\" content=\"index, follow, max-snippet:-1, max-image-preview:large, max-video-preview:-1\" \/>\n<link rel=\"canonical\" href=\"https:\/\/www.stickcol.com\/servizi\/aree-geografiche\/\" \/>\n<meta property=\"og:locale\" content=\"fr_FR\" \/>\n<meta property=\"og:type\" content=\"article\" \/>\n<meta property=\"og:title\" content=\"Zones G\u00e9ographiques - Stick Col s.r.l.\" \/>\n<meta property=\"og:description\" content=\"Flexibilit\u00e9 et adaptabilit\u00e9 : notre processus d&#039;approvisionnement s&#039;adapte \u00e0 vos demandesMenu Services Secteurs Commerciaux Zones G\u00e9ographiques Services\" \/>\n<meta property=\"og:url\" content=\"https:\/\/www.stickcol.com\/servizi\/aree-geografiche\/\" \/>\n<meta property=\"og:site_name\" content=\"Stick Col s.r.l.\" \/>\n<meta property=\"article:modified_time\" content=\"2025-04-03T15:19:29+00:00\" \/>\n<meta name=\"twitter:card\" content=\"summary_large_image\" \/>\n<meta name=\"twitter:label1\" content=\"Dur\u00e9e de lecture estim\u00e9e\" \/>\n\t<meta name=\"twitter:data1\" content=\"3 minutes\" \/>\n<script type=\"application\/ld+json\" class=\"yoast-schema-graph\">{\"@context\":\"https:\/\/schema.org\",\"@graph\":[{\"@type\":\"WebPage\",\"@id\":\"https:\/\/www.stickcol.com\/servizi\/aree-geografiche\/\",\"url\":\"https:\/\/www.stickcol.com\/servizi\/aree-geografiche\/\",\"name\":\"Zones G\u00e9ographiques - Stick Col s.r.l.\",\"isPartOf\":{\"@id\":\"https:\/\/www.stickcol.com\/#website\"},\"datePublished\":\"2025-02-10T19:41:08+00:00\",\"dateModified\":\"2025-04-03T15:19:29+00:00\",\"description\":\"Flexibilit\u00e9 et adaptabilit\u00e9 : notre processus d'approvisionnement s'adapte \u00e0 vos demandesMenu Services Secteurs Commerciaux Zones G\u00e9ographiques Services\",\"breadcrumb\":{\"@id\":\"https:\/\/www.stickcol.com\/servizi\/aree-geografiche\/#breadcrumb\"},\"inLanguage\":\"fr-FR\",\"potentialAction\":[{\"@type\":\"ReadAction\",\"target\":[\"https:\/\/www.stickcol.com\/servizi\/aree-geografiche\/\"]}]},{\"@type\":\"BreadcrumbList\",\"@id\":\"https:\/\/www.stickcol.com\/servizi\/aree-geografiche\/#breadcrumb\",\"itemListElement\":[{\"@type\":\"ListItem\",\"position\":1,\"name\":\"Home\",\"item\":\"https:\/\/www.stickcol.com\/fr\/\"},{\"@type\":\"ListItem\",\"position\":2,\"name\":\"SERVICES\",\"item\":\"https:\/\/www.stickcol.com\/fr\/services\/\"},{\"@type\":\"ListItem\",\"position\":3,\"name\":\"Zones G\u00e9ographiques\"}]},{\"@type\":\"WebSite\",\"@id\":\"https:\/\/www.stickcol.com\/#website\",\"url\":\"https:\/\/www.stickcol.com\/\",\"name\":\"Stick Col s.r.l.\",\"description\":\"Adesivi Termofusibili - Colle Viniliche - Analisi test e laboratorio\",\"potentialAction\":[{\"@type\":\"SearchAction\",\"target\":{\"@type\":\"EntryPoint\",\"urlTemplate\":\"https:\/\/www.stickcol.com\/?s={search_term_string}\"},\"query-input\":{\"@type\":\"PropertyValueSpecification\",\"valueRequired\":true,\"valueName\":\"search_term_string\"}}],\"inLanguage\":\"fr-FR\"}]}<\/script>\n<!-- \/ Yoast SEO plugin. -->","yoast_head_json":{"title":"Zones G\u00e9ographiques - Stick Col s.r.l.","description":"Flexibilit\u00e9 et adaptabilit\u00e9 : notre processus d'approvisionnement s'adapte \u00e0 vos demandesMenu Services Secteurs Commerciaux Zones G\u00e9ographiques Services","robots":{"index":"index","follow":"follow","max-snippet":"max-snippet:-1","max-image-preview":"max-image-preview:large","max-video-preview":"max-video-preview:-1"},"canonical":"https:\/\/www.stickcol.com\/servizi\/aree-geografiche\/","og_locale":"fr_FR","og_type":"article","og_title":"Zones G\u00e9ographiques - Stick Col s.r.l.","og_description":"Flexibilit\u00e9 et adaptabilit\u00e9 : notre processus d'approvisionnement s'adapte \u00e0 vos demandesMenu Services Secteurs Commerciaux Zones G\u00e9ographiques Services","og_url":"https:\/\/www.stickcol.com\/servizi\/aree-geografiche\/","og_site_name":"Stick Col s.r.l.","article_modified_time":"2025-04-03T15:19:29+00:00","twitter_card":"summary_large_image","twitter_misc":{"Dur\u00e9e de lecture estim\u00e9e":"3 minutes"},"schema":{"@context":"https:\/\/schema.org","@graph":[{"@type":"WebPage","@id":"https:\/\/www.stickcol.com\/servizi\/aree-geografiche\/","url":"https:\/\/www.stickcol.com\/servizi\/aree-geografiche\/","name":"Zones G\u00e9ographiques - Stick Col s.r.l.","isPartOf":{"@id":"https:\/\/www.stickcol.com\/#website"},"datePublished":"2025-02-10T19:41:08+00:00","dateModified":"2025-04-03T15:19:29+00:00","description":"Flexibilit\u00e9 et adaptabilit\u00e9 : notre processus d'approvisionnement s'adapte \u00e0 vos demandesMenu Services Secteurs Commerciaux Zones G\u00e9ographiques Services","breadcrumb":{"@id":"https:\/\/www.stickcol.com\/servizi\/aree-geografiche\/#breadcrumb"},"inLanguage":"fr-FR","potentialAction":[{"@type":"ReadAction","target":["https:\/\/www.stickcol.com\/servizi\/aree-geografiche\/"]}]},{"@type":"BreadcrumbList","@id":"https:\/\/www.stickcol.com\/servizi\/aree-geografiche\/#breadcrumb","itemListElement":[{"@type":"ListItem","position":1,"name":"Home","item":"https:\/\/www.stickcol.com\/fr\/"},{"@type":"ListItem","position":2,"name":"SERVICES","item":"https:\/\/www.stickcol.com\/fr\/services\/"},{"@type":"ListItem","position":3,"name":"Zones G\u00e9ographiques"}]},{"@type":"WebSite","@id":"https:\/\/www.stickcol.com\/#website","url":"https:\/\/www.stickcol.com\/","name":"Stick Col s.r.l.","description":"Adesivi Termofusibili - Colle Viniliche - Analisi test e laboratorio","potentialAction":[{"@type":"SearchAction","target":{"@type":"EntryPoint","urlTemplate":"https:\/\/www.stickcol.com\/?s={search_term_string}"},"query-input":{"@type":"PropertyValueSpecification","valueRequired":true,"valueName":"search_term_string"}}],"inLanguage":"fr-FR"}]}},"_links":{"self":[{"href":"https:\/\/www.stickcol.com\/fr\/wp-json\/wp\/v2\/pages\/144831","targetHints":{"allow":["GET"]}}],"collection":[{"href":"https:\/\/www.stickcol.com\/fr\/wp-json\/wp\/v2\/pages"}],"about":[{"href":"https:\/\/www.stickcol.com\/fr\/wp-json\/wp\/v2\/types\/page"}],"author":[{"embeddable":true,"href":"https:\/\/www.stickcol.com\/fr\/wp-json\/wp\/v2\/users\/1"}],"replies":[{"embeddable":true,"href":"https:\/\/www.stickcol.com\/fr\/wp-json\/wp\/v2\/comments?post=144831"}],"version-history":[{"count":0,"href":"https:\/\/www.stickcol.com\/fr\/wp-json\/wp\/v2\/pages\/144831\/revisions"}],"up":[{"embeddable":true,"href":"https:\/\/www.stickcol.com\/fr\/wp-json\/wp\/v2\/pages\/144847"}],"wp:attachment":[{"href":"https:\/\/www.stickcol.com\/fr\/wp-json\/wp\/v2\/media?parent=144831"}],"curies":[{"name":"wp","href":"https:\/\/api.w.org\/{rel}","templated":true}]}}