{"id":144847,"date":"2021-03-18T14:13:41","date_gmt":"2021-03-18T14:13:41","guid":{"rendered":"https:\/\/www.stickcol.com\/servizi\/"},"modified":"2025-04-03T15:28:51","modified_gmt":"2025-04-03T15:28:51","slug":"services","status":"publish","type":"page","link":"https:\/\/www.stickcol.com\/fr\/services\/","title":{"rendered":"SERVICES"},"content":{"rendered":"<div class=\"wpb-content-wrapper\"><p>[vc_row row_height_percent=\u00a0\u00bb0&Prime; back_color=\u00a0\u00bbcolor-wayh\u00a0\u00bb back_image=\u00a0\u00bb141746&Prime; back_position=\u00a0\u00bbcenter bottom\u00a0\u00bb parallax=\u00a0\u00bbyes\u00a0\u00bb overlay_color=\u00a0\u00bbcolor-wayh\u00a0\u00bb overlay_alpha=\u00a0\u00bb35&Prime; gutter_size=\u00a0\u00bb3&Prime; column_width_percent=\u00a0\u00bb100&Prime; shift_y=\u00a0\u00bb0&Prime; z_index=\u00a0\u00bb0&Prime; top_divider=\u00a0\u00bbgradient\u00a0\u00bb content_parallax=\u00a0\u00bb0&Prime; uncode_shortcode_id=\u00a0\u00bb116004&Prime; back_color_type=\u00a0\u00bbuncode-palette\u00a0\u00bb overlay_color_type=\u00a0\u00bbuncode-palette\u00a0\u00bb row_height_pixel=\u00a0\u00bb400&Prime;][vc_column column_width_use_pixel=\u00a0\u00bbyes\u00a0\u00bb position_vertical=\u00a0\u00bbmiddle\u00a0\u00bb align_horizontal=\u00a0\u00bbalign_center\u00a0\u00bb gutter_size=\u00a0\u00bb2&Prime; style=\u00a0\u00bbdark\u00a0\u00bb overlay_alpha=\u00a0\u00bb50&Prime; shift_x=\u00a0\u00bb0&Prime; shift_y=\u00a0\u00bb0&Prime; shift_y_down=\u00a0\u00bb0&Prime; z_index=\u00a0\u00bb0&Prime; medium_width=\u00a0\u00bb0&Prime; mobile_width=\u00a0\u00bb0&Prime; width=\u00a0\u00bb1\/1&Prime; column_width_pixel=\u00a0\u00bb1100&Prime; uncode_shortcode_id=\u00a0\u00bb141607&Prime;][vc_custom_heading heading_semantic=\u00a0\u00bbh1&Prime; text_size=\u00a0\u00bbfontsize-338686&Prime; uncode_shortcode_id=\u00a0\u00bb269318&Prime;]Choisissez nos produits pour un collage r\u00e9ussi![\/vc_custom_heading][vc_empty_space empty_h=\u00a0\u00bb2&Prime;][\/vc_column][\/vc_row][vc_row row_height_percent=\u00a0\u00bb0&Prime; override_padding=\u00a0\u00bbyes\u00a0\u00bb h_padding=\u00a0\u00bb2&Prime; top_padding=\u00a0\u00bb3&Prime; bottom_padding=\u00a0\u00bb3&Prime; back_color=\u00a0\u00bbcolor-xsdn\u00a0\u00bb overlay_alpha=\u00a0\u00bb50&Prime; gutter_size=\u00a0\u00bb3&Prime; column_width_percent=\u00a0\u00bb100&Prime; shift_y=\u00a0\u00bb0&Prime; z_index=\u00a0\u00bb0&Prime; top_divider=\u00a0\u00bbgradient\u00a0\u00bb bottom_divider=\u00a0\u00bbgradient\u00a0\u00bb inverted_device_order=\u00a0\u00bbyes\u00a0\u00bb content_parallax=\u00a0\u00bb0&Prime; uncode_shortcode_id=\u00a0\u00bb158822&Prime; back_color_type=\u00a0\u00bbuncode-palette\u00a0\u00bb][vc_column column_width_percent=\u00a0\u00bb100&Prime; gutter_size=\u00a0\u00bb3&Prime; overlay_alpha=\u00a0\u00bb50&Prime; shift_x=\u00a0\u00bb0&Prime; shift_y=\u00a0\u00bb0&Prime; shift_y_down=\u00a0\u00bb0&Prime; z_index=\u00a0\u00bb0&Prime; medium_width=\u00a0\u00bb0&Prime; mobile_width=\u00a0\u00bb0&Prime; css_animation=\u00a0\u00bbalpha-anim\u00a0\u00bb animation_speed=\u00a0\u00bb1000&Prime; width=\u00a0\u00bb1\/4&Prime; uncode_shortcode_id=\u00a0\u00bb327424&Prime;][vc_row_inner row_inner_height_percent=\u00a0\u00bb0&Prime; overlay_alpha=\u00a0\u00bb50&Prime; gutter_size=\u00a0\u00bb4&Prime; shift_y=\u00a0\u00bb0&Prime; z_index=\u00a0\u00bb0&Prime; limit_content=\u00a0\u00bb\u00a0\u00bb][vc_column_inner column_width_percent=\u00a0\u00bb100&Prime; gutter_size=\u00a0\u00bb3&Prime; overlay_alpha=\u00a0\u00bb50&Prime; shift_x=\u00a0\u00bb0&Prime; shift_y=\u00a0\u00bb0&Prime; shift_y_down=\u00a0\u00bb0&Prime; z_index=\u00a0\u00bb0&Prime; medium_width=\u00a0\u00bb4&Prime; mobile_width=\u00a0\u00bb0&Prime; width=\u00a0\u00bb1\/1&Prime; uncode_shortcode_id=\u00a0\u00bb151535&Prime;][vc_custom_heading text_size=\u00a0\u00bbh3&Prime; uncode_shortcode_id=\u00a0\u00bb157945&Prime;]Menu Services[\/vc_custom_heading][uncode_list larger=\u00a0\u00bbyes\u00a0\u00bb icon=\u00a0\u00bbfa fa-minus2&Prime; uncode_shortcode_id=\u00a0\u00bb159027&Prime;]<\/p>\n<ul>\n<li><a href=\"https:\/\/www.stickcol.com\/fr\/services\/secteurs-commerciaux\/\">Secteurs Commerciaux<\/a><\/li>\n<li><a href=\"https:\/\/www.stickcol.com\/fr\/services\/zones-geographiques\/\">Zones G\u00e9ographiques<\/a><\/li>\n<li><a href=\"https:\/\/www.stickcol.com\/fr\/services\/services-pour-les-clients\/\">Services pour les Clients<\/a><\/li>\n<\/ul>\n<p>[\/uncode_list][\/vc_column_inner][\/vc_row_inner][\/vc_column][vc_column column_width_percent=\u00a0\u00bb100&Prime; position_vertical=\u00a0\u00bbmiddle\u00a0\u00bb gutter_size=\u00a0\u00bb3&Prime; overlay_alpha=\u00a0\u00bb50&Prime; shift_x=\u00a0\u00bb0&Prime; shift_y=\u00a0\u00bb0&Prime; shift_y_down=\u00a0\u00bb0&Prime; z_index=\u00a0\u00bb0&Prime; medium_width=\u00a0\u00bb0&Prime; mobile_width=\u00a0\u00bb0&Prime; css_animation=\u00a0\u00bbalpha-anim\u00a0\u00bb animation_speed=\u00a0\u00bb1000&Prime; width=\u00a0\u00bb3\/4&Prime; uncode_shortcode_id=\u00a0\u00bb484410&Prime;][vc_custom_heading text_size=\u00a0\u00bbh3&Prime; text_height=\u00a0\u00bbfontheight-357766&Prime; uncode_shortcode_id=\u00a0\u00bb408713&Prime;]La Stick Col srl est en mesure de rester leader en termes de consensus obtenus parce qu\u2019elle sait conseiller ses Clients pour r\u00e9pondre aux exigences impos\u00e9es chaque jour par les march\u00e9s.<br \/>\nLa Stick Col srl se propose donc de collaborer \u00e0 la r\u00e9alisation de tous les nouveaux objectifs et projets qui sont d\u00e9velopp\u00e9s \u00e0 partir des id\u00e9es novatrices des entrepreneurs.[\/vc_custom_heading][vc_column_text text_lead=\u00a0\u00bbyes\u00a0\u00bb uncode_shortcode_id=\u00a0\u00bb272663&Prime;]<strong>Productions Personnalis\u00e9es:<\/strong><br \/>\nBo\u00eetes, sachets, Logos, couleurs : tout ce qui concerne le produit Stick Col srl est personnalisable.<br \/>\nSoumettez-nous votre projet : nous serons heureux de vous montrer ses possibilit\u00e9s de r\u00e9alisation.<br \/>\nNous transformons vos mati\u00e8res premi\u00e8res en b\u00e2tonnets, granul\u00e9s, cartouches cylindres, et autre.[\/vc_column_text][vc_column_text text_lead=\u00a0\u00bbyes\u00a0\u00bb uncode_shortcode_id=\u00a0\u00bb120185&Prime;]Notre Laboratoire est \u00e0 votre disposition pour analyser vos \u00e9chantillons et effectuer des tests d\u2019adh\u00e9rence et de collage des surfaces que vous proposez.[\/vc_column_text][vc_column_text text_lead=\u00a0\u00bbyes\u00a0\u00bb uncode_shortcode_id=\u00a0\u00bb179703&Prime;]Notre Laboratoire constitue \u00e9galement le c\u0153ur de la recherche et du projet de nouvelles formules et des tests de nouvelles mati\u00e8res premi\u00e8res. Le d\u00e9veloppement de nouveaux produits est effectu\u00e9 \u00e0 demande des clients mais r\u00e9pond surtout \u00e0 la volont\u00e9 de Stick Col de rendre la colle thermofusible toujours plus polyvalente et appropri\u00e9e pour chaque solution.[\/vc_column_text][\/vc_column][\/vc_row][vc_row row_height_percent=\u00a0\u00bb0&Prime; override_padding=\u00a0\u00bbyes\u00a0\u00bb h_padding=\u00a0\u00bb2&Prime; top_padding=\u00a0\u00bb5&Prime; bottom_padding=\u00a0\u00bb5&Prime; back_color=\u00a0\u00bbcolor-lxmt\u00a0\u00bb overlay_alpha=\u00a0\u00bb50&Prime; equal_height=\u00a0\u00bbyes\u00a0\u00bb gutter_size=\u00a0\u00bb4&Prime; column_width_percent=\u00a0\u00bb100&Prime; shift_y=\u00a0\u00bb0&Prime; z_index=\u00a0\u00bb0&Prime;][vc_column column_width_percent=\u00a0\u00bb100&Prime; gutter_size=\u00a0\u00bb2&Prime; override_padding=\u00a0\u00bbyes\u00a0\u00bb column_padding=\u00a0\u00bb2&Prime; overlay_alpha=\u00a0\u00bb50&Prime; preserve_border=\u00a0\u00bbyes\u00a0\u00bb preserve_border_tablet=\u00a0\u00bbyes\u00a0\u00bb border_color=\u00a0\u00bbaccent\u00a0\u00bb border_style=\u00a0\u00bbsolid\u00a0\u00bb shift_x=\u00a0\u00bb0&Prime; shift_y=\u00a0\u00bb0&Prime; shift_y_down=\u00a0\u00bb0&Prime; z_index=\u00a0\u00bb0&Prime; medium_width=\u00a0\u00bb0&Prime; mobile_width=\u00a0\u00bb0&Prime; width=\u00a0\u00bb1\/3&Prime; css=\u00a0\u00bb.vc_custom_1740514343415{border-left-width: 2px !important;padding-top: 0px !important;padding-right: 0px !important;padding-bottom: 0px !important;}\u00a0\u00bb uncode_shortcode_id=\u00a0\u00bb178187&Prime; border_color_type=\u00a0\u00bbuncode-palette\u00a0\u00bb][vc_custom_heading text_color=\u00a0\u00bbcolor-wvjs\u00a0\u00bb heading_semantic=\u00a0\u00bbh5&Prime; text_size=\u00a0\u00bbfontsize-160000&Prime; text_transform=\u00a0\u00bbuppercase\u00a0\u00bb text_space=\u00a0\u00bbfontspace-135905&Prime; uncode_shortcode_id=\u00a0\u00bb972155&Prime; text_color_type=\u00a0\u00bbuncode-palette\u00a0\u00bb]<a href=\"https:\/\/www.stickcol.com\/fr\/services\/secteurs-commerciaux\/\">ENTR\u00c9E<\/a>[\/vc_custom_heading][vc_custom_heading uncode_shortcode_id=\u00a0\u00bb113502&Prime;]<a href=\"https:\/\/www.stickcol.com\/fr\/services\/secteurs-commerciaux\/\">Secteurs Commerciaux<\/a>[\/vc_custom_heading][vc_column_text uncode_shortcode_id=\u00a0\u00bb211310&Prime;]Industrie \/ Papeterie \/ Bricolage \/ Graphisme \/ Textile \/ Mobile \/ \u00c9lectronique \/ Loisirs \/ Artisanat \/ Cosm\u00e9tique \/ C\u00e9ramique.[\/vc_column_text][\/vc_column][vc_column column_width_percent=\u00a0\u00bb100&Prime; gutter_size=\u00a0\u00bb2&Prime; override_padding=\u00a0\u00bbyes\u00a0\u00bb column_padding=\u00a0\u00bb2&Prime; overlay_alpha=\u00a0\u00bb50&Prime; preserve_border=\u00a0\u00bbyes\u00a0\u00bb preserve_border_tablet=\u00a0\u00bbyes\u00a0\u00bb border_color=\u00a0\u00bbaccent\u00a0\u00bb border_style=\u00a0\u00bbsolid\u00a0\u00bb shift_x=\u00a0\u00bb0&Prime; shift_y=\u00a0\u00bb0&Prime; shift_y_down=\u00a0\u00bb0&Prime; z_index=\u00a0\u00bb0&Prime; medium_width=\u00a0\u00bb0&Prime; mobile_width=\u00a0\u00bb0&Prime; width=\u00a0\u00bb1\/3&Prime; css=\u00a0\u00bb.vc_custom_1740514653566{border-left-width: 2px !important;padding-top: 0px !important;padding-right: 0px !important;padding-bottom: 0px !important;}\u00a0\u00bb uncode_shortcode_id=\u00a0\u00bb331601&Prime; border_color_type=\u00a0\u00bbuncode-palette\u00a0\u00bb][vc_custom_heading text_color=\u00a0\u00bbcolor-wvjs\u00a0\u00bb heading_semantic=\u00a0\u00bbh5&Prime; text_size=\u00a0\u00bbfontsize-160000&Prime; text_transform=\u00a0\u00bbuppercase\u00a0\u00bb text_space=\u00a0\u00bbfontspace-135905&Prime; uncode_shortcode_id=\u00a0\u00bb644219&Prime; text_color_type=\u00a0\u00bbuncode-palette\u00a0\u00bb]<a href=\"https:\/\/www.stickcol.com\/fr\/services\/zones-geographiques\/\">ENTR\u00c9E<\/a>[\/vc_custom_heading][vc_custom_heading uncode_shortcode_id=\u00a0\u00bb248269&Prime;]<a href=\"https:\/\/www.stickcol.com\/fr\/services\/zones-geographiques\/\">Zones G\u00e9ographiques<\/a>[\/vc_custom_heading][vc_column_text uncode_shortcode_id=\u00a0\u00bb111550&Prime;]Italie \/ Europe Occidentale.<br \/>\nStick Col est situ\u00e9e dans le point n\u00e9vralgique d&rsquo;Europe pour la production de: c\u00e9ramiques, rev\u00eatements et automobiles de luxe.[\/vc_column_text][\/vc_column][vc_column column_width_percent=\u00a0\u00bb100&Prime; gutter_size=\u00a0\u00bb2&Prime; override_padding=\u00a0\u00bbyes\u00a0\u00bb column_padding=\u00a0\u00bb2&Prime; overlay_alpha=\u00a0\u00bb50&Prime; preserve_border=\u00a0\u00bbyes\u00a0\u00bb preserve_border_tablet=\u00a0\u00bbyes\u00a0\u00bb border_color=\u00a0\u00bbaccent\u00a0\u00bb border_style=\u00a0\u00bbsolid\u00a0\u00bb shift_x=\u00a0\u00bb0&Prime; shift_y=\u00a0\u00bb0&Prime; shift_y_down=\u00a0\u00bb0&Prime; z_index=\u00a0\u00bb0&Prime; medium_width=\u00a0\u00bb0&Prime; mobile_width=\u00a0\u00bb0&Prime; width=\u00a0\u00bb1\/3&Prime; css=\u00a0\u00bb.vc_custom_1740514691365{border-left-width: 2px !important;padding-top: 0px !important;padding-right: 0px !important;padding-bottom: 0px !important;}\u00a0\u00bb uncode_shortcode_id=\u00a0\u00bb896397&Prime; border_color_type=\u00a0\u00bbuncode-palette\u00a0\u00bb][vc_custom_heading text_color=\u00a0\u00bbcolor-wvjs\u00a0\u00bb heading_semantic=\u00a0\u00bbh5&Prime; text_size=\u00a0\u00bbfontsize-160000&Prime; text_transform=\u00a0\u00bbuppercase\u00a0\u00bb text_space=\u00a0\u00bbfontspace-135905&Prime; uncode_shortcode_id=\u00a0\u00bb708827&Prime; text_color_type=\u00a0\u00bbuncode-palette\u00a0\u00bb]<a href=\"https:\/\/www.stickcol.com\/fr\/services\/services-pour-les-clients\/\">ENTR\u00c9E<\/a>[\/vc_custom_heading][vc_custom_heading uncode_shortcode_id=\u00a0\u00bb177518&Prime;]<a href=\"https:\/\/www.stickcol.com\/fr\/services\/services-pour-les-clients\/\">Services pour les Clients<\/a>[\/vc_custom_heading][vc_column_text uncode_shortcode_id=\u00a0\u00bb188205&Prime;]Productions Personnalis\u00e9es \/ Production Compte de tiers \/ Laboratoire d&rsquo;Analyses Thermofusibles et Vinyliques \/ Test d\u2019Adh\u00e9sions et Collages \/ Recherche et D\u00e9veloppement.[\/vc_column_text][\/vc_column][\/vc_row][vc_row row_height_percent=\u00a0\u00bb0&Prime; override_padding=\u00a0\u00bbyes\u00a0\u00bb h_padding=\u00a0\u00bb2&Prime; top_padding=\u00a0\u00bb5&Prime; bottom_padding=\u00a0\u00bb5&Prime; back_color=\u00a0\u00bbaccent\u00a0\u00bb back_image=\u00a0\u00bb141746&Prime; parallax=\u00a0\u00bbyes\u00a0\u00bb overlay_color=\u00a0\u00bbaccent\u00a0\u00bb overlay_alpha=\u00a0\u00bb70&Prime; gutter_size=\u00a0\u00bb4&Prime; column_width_percent=\u00a0\u00bb100&Prime; shift_y=\u00a0\u00bb0&Prime; z_index=\u00a0\u00bb0&Prime; content_parallax=\u00a0\u00bb0&Prime; uncode_shortcode_id=\u00a0\u00bb165056&Prime; back_color_type=\u00a0\u00bbuncode-palette\u00a0\u00bb overlay_color_type=\u00a0\u00bbuncode-palette\u00a0\u00bb][vc_column column_width_use_pixel=\u00a0\u00bbyes\u00a0\u00bb position_vertical=\u00a0\u00bbmiddle\u00a0\u00bb align_horizontal=\u00a0\u00bbalign_center\u00a0\u00bb gutter_size=\u00a0\u00bb3&Prime; style=\u00a0\u00bbdark\u00a0\u00bb overlay_alpha=\u00a0\u00bb50&Prime; shift_x=\u00a0\u00bb0&Prime; shift_y=\u00a0\u00bb0&Prime; shift_y_down=\u00a0\u00bb0&Prime; z_index=\u00a0\u00bb0&Prime; medium_width=\u00a0\u00bb0&Prime; mobile_width=\u00a0\u00bb0&Prime; width=\u00a0\u00bb1\/1&Prime; column_width_pixel=\u00a0\u00bb1000&Prime; uncode_shortcode_id=\u00a0\u00bb768203&Prime;][vc_custom_heading heading_semantic=\u00a0\u00bbh4&Prime; text_size=\u00a0\u00bbfontsize-155944&Prime; text_weight=\u00a0\u00bb400&Prime; uncode_shortcode_id=\u00a0\u00bb182596&Prime;]Nous d\u00e9veloppons des solutions adh\u00e9sives adapt\u00e9es \u00e0 vos besoins sp\u00e9cifiques[\/vc_custom_heading][\/vc_column][\/vc_row][vc_row row_height_percent=\u00a0\u00bb0&Prime; override_padding=\u00a0\u00bbyes\u00a0\u00bb h_padding=\u00a0\u00bb2&Prime; top_padding=\u00a0\u00bb5&Prime; bottom_padding=\u00a0\u00bb5&Prime; back_color=\u00a0\u00bbcolor-lxmt\u00a0\u00bb overlay_alpha=\u00a0\u00bb50&Prime; gutter_size=\u00a0\u00bb4&Prime; column_width_percent=\u00a0\u00bb100&Prime; shift_y=\u00a0\u00bb0&Prime; z_index=\u00a0\u00bb0&Prime;][vc_column column_width_percent=\u00a0\u00bb100&Prime; gutter_size=\u00a0\u00bb3&Prime; font_family=\u00a0\u00bbfont-846016&Prime; overlay_alpha=\u00a0\u00bb50&Prime; shift_x=\u00a0\u00bb0&Prime; shift_y=\u00a0\u00bb0&Prime; shift_y_down=\u00a0\u00bb0&Prime; z_index=\u00a0\u00bb0&Prime; medium_width=\u00a0\u00bb3&Prime; mobile_width=\u00a0\u00bb0&Prime; width=\u00a0\u00bb1\/3&Prime; uncode_shortcode_id=\u00a0\u00bb206056&Prime;][vc_custom_heading heading_semantic=\u00a0\u00bbh3&Prime; uncode_shortcode_id=\u00a0\u00bb176980&Prime;]Secteurs Commerciaux[\/vc_custom_heading][uncode_list icon=\u00a0\u00bbfa fa-check2&Prime; icon_color=\u00a0\u00bbaccent\u00a0\u00bb uncode_shortcode_id=\u00a0\u00bb762249&Prime; icon_color_type=\u00a0\u00bbuncode-palette\u00a0\u00bb]<\/p>\n<ul>\n<li>Industrie<\/li>\n<li>Ing\u00e9nierie du papier<\/li>\n<li>Faites-le vous-m\u00eame<\/li>\n<li>Graphiques<\/li>\n<li>Textile<\/li>\n<li>Mobile<\/li>\n<li>\u00c9lectronique<\/li>\n<li>Loisirs<\/li>\n<li>Artisanat<\/li>\n<li>Cosm\u00e9tiques<\/li>\n<li>C\u00e9ramique<\/li>\n<\/ul>\n<p>[\/uncode_list][\/vc_column][vc_column column_width_percent=\u00a0\u00bb100&Prime; gutter_size=\u00a0\u00bb3&Prime; font_family=\u00a0\u00bbfont-846016&Prime; overlay_alpha=\u00a0\u00bb50&Prime; shift_x=\u00a0\u00bb0&Prime; shift_y=\u00a0\u00bb0&Prime; shift_y_down=\u00a0\u00bb0&Prime; z_index=\u00a0\u00bb0&Prime; medium_width=\u00a0\u00bb3&Prime; mobile_width=\u00a0\u00bb0&Prime; width=\u00a0\u00bb1\/3&Prime; uncode_shortcode_id=\u00a0\u00bb152010&Prime;][vc_custom_heading heading_semantic=\u00a0\u00bbh3&Prime; uncode_shortcode_id=\u00a0\u00bb544554&Prime;]Zones G\u00e9ographiques[\/vc_custom_heading][uncode_list icon=\u00a0\u00bbfa fa-check2&Prime; icon_color=\u00a0\u00bbaccent\u00a0\u00bb uncode_shortcode_id=\u00a0\u00bb427999&Prime; icon_color_type=\u00a0\u00bbuncode-palette\u00a0\u00bb]<\/p>\n<ul>\n<li>Italie<\/li>\n<li>France<\/li>\n<li>Allemagne<\/li>\n<li>Su\u00e8de<\/li>\n<li>Belgique<\/li>\n<li>Autriche<\/li>\n<li>Angleterre<\/li>\n<li>Tunisie<\/li>\n<li>Albanie<\/li>\n<li>Norv\u00e8ge<\/li>\n<li>Espagne<\/li>\n<li>Portugal<\/li>\n<\/ul>\n<p>[\/uncode_list][\/vc_column][vc_column column_width_percent=\u00a0\u00bb100&Prime; gutter_size=\u00a0\u00bb3&Prime; font_family=\u00a0\u00bbfont-846016&Prime; overlay_alpha=\u00a0\u00bb50&Prime; shift_x=\u00a0\u00bb0&Prime; shift_y=\u00a0\u00bb0&Prime; shift_y_down=\u00a0\u00bb0&Prime; z_index=\u00a0\u00bb0&Prime; medium_width=\u00a0\u00bb3&Prime; mobile_width=\u00a0\u00bb0&Prime; width=\u00a0\u00bb1\/3&Prime; uncode_shortcode_id=\u00a0\u00bb162689&Prime;][vc_custom_heading heading_semantic=\u00a0\u00bbh3&Prime; uncode_shortcode_id=\u00a0\u00bb566981&Prime;]Services pour les Clients[\/vc_custom_heading][uncode_list icon=\u00a0\u00bbfa fa-check2&Prime; icon_color=\u00a0\u00bbaccent\u00a0\u00bb uncode_shortcode_id=\u00a0\u00bb120197&Prime; icon_color_type=\u00a0\u00bbuncode-palette\u00a0\u00bb]<\/p>\n<ul>\n<li>Productions personnalis\u00e9es<\/li>\n<li>Production par un tiers<\/li>\n<li>Laboratoire d&rsquo;analyse des thermofusibles et du vinyle<\/li>\n<li>Tests d&rsquo;adh\u00e9rence et de collage<\/li>\n<li>Recherche et d\u00e9veloppement<\/li>\n<\/ul>\n<p>[\/uncode_list][\/vc_column][\/vc_row]<\/p>\n<\/div>","protected":false},"excerpt":{"rendered":"<p>[vc_row row_height_percent=\u00a0\u00bb0&Prime; back_color=\u00a0\u00bbcolor-wayh\u00a0\u00bb back_image=\u00a0\u00bb141746&Prime; back_position=\u00a0\u00bbcenter bottom\u00a0\u00bb parallax=\u00a0\u00bbyes\u00a0\u00bb overlay_color=\u00a0\u00bbcolor-wayh\u00a0\u00bb overlay_alpha=\u00a0\u00bb35&Prime; gutter_size=\u00a0\u00bb3&Prime; column_width_percent=\u00a0\u00bb100&Prime; shift_y=\u00a0\u00bb0&Prime; z_index=\u00a0\u00bb0&Prime; top_divider=\u00a0\u00bbgradient\u00a0\u00bb content_parallax=\u00a0\u00bb0&Prime; uncode_shortcode_id=\u00a0\u00bb116004&Prime; back_color_type=\u00a0\u00bbuncode-palette\u00a0\u00bb overlay_color_type=\u00a0\u00bbuncode-palette\u00a0\u00bb row_height_pixel=\u00a0\u00bb400&Prime;][vc_column column_width_use_pixel=\u00a0\u00bbyes\u00a0\u00bb [&hellip;]<\/p>\n","protected":false},"author":1,"featured_media":0,"parent":0,"menu_order":0,"comment_status":"closed","ping_status":"closed","template":"","meta":{"footnotes":""},"class_list":["post-144847","page","type-page","status-publish","hentry"],"yoast_head":"<!-- This site is optimized with the Yoast SEO plugin v26.7 - https:\/\/yoast.com\/wordpress\/plugins\/seo\/ -->\n<title>SERVICES - Stick Col s.r.l.<\/title>\n<meta name=\"description\" content=\"Choisissez nos produits pour un collage r\u00e9ussi!Menu Services Secteurs Commerciaux Zones G\u00e9ographiques Services pour les Clients La Stick Col srl est en\" \/>\n<meta name=\"robots\" content=\"index, follow, max-snippet:-1, max-image-preview:large, max-video-preview:-1\" \/>\n<link rel=\"canonical\" href=\"https:\/\/www.stickcol.com\/fr\/services\/\" \/>\n<meta property=\"og:locale\" content=\"fr_FR\" \/>\n<meta property=\"og:type\" content=\"article\" \/>\n<meta property=\"og:title\" content=\"SERVICES - Stick Col s.r.l.\" \/>\n<meta property=\"og:description\" content=\"Choisissez nos produits pour un collage r\u00e9ussi!Menu Services Secteurs Commerciaux Zones G\u00e9ographiques Services pour les Clients La Stick Col srl est en\" \/>\n<meta property=\"og:url\" content=\"https:\/\/www.stickcol.com\/fr\/services\/\" \/>\n<meta property=\"og:site_name\" content=\"Stick Col s.r.l.\" \/>\n<meta property=\"article:modified_time\" content=\"2025-04-03T15:28:51+00:00\" \/>\n<meta name=\"twitter:card\" content=\"summary_large_image\" \/>\n<meta name=\"twitter:label1\" content=\"Dur\u00e9e de lecture estim\u00e9e\" \/>\n\t<meta name=\"twitter:data1\" content=\"7 minutes\" \/>\n<script type=\"application\/ld+json\" class=\"yoast-schema-graph\">{\"@context\":\"https:\/\/schema.org\",\"@graph\":[{\"@type\":\"WebPage\",\"@id\":\"https:\/\/www.stickcol.com\/fr\/services\/\",\"url\":\"https:\/\/www.stickcol.com\/fr\/services\/\",\"name\":\"SERVICES - Stick Col s.r.l.\",\"isPartOf\":{\"@id\":\"https:\/\/www.stickcol.com\/#website\"},\"datePublished\":\"2021-03-18T14:13:41+00:00\",\"dateModified\":\"2025-04-03T15:28:51+00:00\",\"description\":\"Choisissez nos produits pour un collage r\u00e9ussi!Menu Services Secteurs Commerciaux Zones G\u00e9ographiques Services pour les Clients La Stick Col srl est en\",\"breadcrumb\":{\"@id\":\"https:\/\/www.stickcol.com\/fr\/services\/#breadcrumb\"},\"inLanguage\":\"fr-FR\",\"potentialAction\":[{\"@type\":\"ReadAction\",\"target\":[\"https:\/\/www.stickcol.com\/fr\/services\/\"]}]},{\"@type\":\"BreadcrumbList\",\"@id\":\"https:\/\/www.stickcol.com\/fr\/services\/#breadcrumb\",\"itemListElement\":[{\"@type\":\"ListItem\",\"position\":1,\"name\":\"Home\",\"item\":\"https:\/\/www.stickcol.com\/fr\/\"},{\"@type\":\"ListItem\",\"position\":2,\"name\":\"SERVICES\"}]},{\"@type\":\"WebSite\",\"@id\":\"https:\/\/www.stickcol.com\/#website\",\"url\":\"https:\/\/www.stickcol.com\/\",\"name\":\"Stick Col s.r.l.\",\"description\":\"Adesivi Termofusibili - Colle Viniliche - Analisi test e laboratorio\",\"potentialAction\":[{\"@type\":\"SearchAction\",\"target\":{\"@type\":\"EntryPoint\",\"urlTemplate\":\"https:\/\/www.stickcol.com\/?s={search_term_string}\"},\"query-input\":{\"@type\":\"PropertyValueSpecification\",\"valueRequired\":true,\"valueName\":\"search_term_string\"}}],\"inLanguage\":\"fr-FR\"}]}<\/script>\n<!-- \/ Yoast SEO plugin. -->","yoast_head_json":{"title":"SERVICES - Stick Col s.r.l.","description":"Choisissez nos produits pour un collage r\u00e9ussi!Menu Services Secteurs Commerciaux Zones G\u00e9ographiques Services pour les Clients La Stick Col srl est en","robots":{"index":"index","follow":"follow","max-snippet":"max-snippet:-1","max-image-preview":"max-image-preview:large","max-video-preview":"max-video-preview:-1"},"canonical":"https:\/\/www.stickcol.com\/fr\/services\/","og_locale":"fr_FR","og_type":"article","og_title":"SERVICES - Stick Col s.r.l.","og_description":"Choisissez nos produits pour un collage r\u00e9ussi!Menu Services Secteurs Commerciaux Zones G\u00e9ographiques Services pour les Clients La Stick Col srl est en","og_url":"https:\/\/www.stickcol.com\/fr\/services\/","og_site_name":"Stick Col s.r.l.","article_modified_time":"2025-04-03T15:28:51+00:00","twitter_card":"summary_large_image","twitter_misc":{"Dur\u00e9e de lecture estim\u00e9e":"7 minutes"},"schema":{"@context":"https:\/\/schema.org","@graph":[{"@type":"WebPage","@id":"https:\/\/www.stickcol.com\/fr\/services\/","url":"https:\/\/www.stickcol.com\/fr\/services\/","name":"SERVICES - Stick Col s.r.l.","isPartOf":{"@id":"https:\/\/www.stickcol.com\/#website"},"datePublished":"2021-03-18T14:13:41+00:00","dateModified":"2025-04-03T15:28:51+00:00","description":"Choisissez nos produits pour un collage r\u00e9ussi!Menu Services Secteurs Commerciaux Zones G\u00e9ographiques Services pour les Clients La Stick Col srl est en","breadcrumb":{"@id":"https:\/\/www.stickcol.com\/fr\/services\/#breadcrumb"},"inLanguage":"fr-FR","potentialAction":[{"@type":"ReadAction","target":["https:\/\/www.stickcol.com\/fr\/services\/"]}]},{"@type":"BreadcrumbList","@id":"https:\/\/www.stickcol.com\/fr\/services\/#breadcrumb","itemListElement":[{"@type":"ListItem","position":1,"name":"Home","item":"https:\/\/www.stickcol.com\/fr\/"},{"@type":"ListItem","position":2,"name":"SERVICES"}]},{"@type":"WebSite","@id":"https:\/\/www.stickcol.com\/#website","url":"https:\/\/www.stickcol.com\/","name":"Stick Col s.r.l.","description":"Adesivi Termofusibili - Colle Viniliche - Analisi test e laboratorio","potentialAction":[{"@type":"SearchAction","target":{"@type":"EntryPoint","urlTemplate":"https:\/\/www.stickcol.com\/?s={search_term_string}"},"query-input":{"@type":"PropertyValueSpecification","valueRequired":true,"valueName":"search_term_string"}}],"inLanguage":"fr-FR"}]}},"_links":{"self":[{"href":"https:\/\/www.stickcol.com\/fr\/wp-json\/wp\/v2\/pages\/144847","targetHints":{"allow":["GET"]}}],"collection":[{"href":"https:\/\/www.stickcol.com\/fr\/wp-json\/wp\/v2\/pages"}],"about":[{"href":"https:\/\/www.stickcol.com\/fr\/wp-json\/wp\/v2\/types\/page"}],"author":[{"embeddable":true,"href":"https:\/\/www.stickcol.com\/fr\/wp-json\/wp\/v2\/users\/1"}],"replies":[{"embeddable":true,"href":"https:\/\/www.stickcol.com\/fr\/wp-json\/wp\/v2\/comments?post=144847"}],"version-history":[{"count":0,"href":"https:\/\/www.stickcol.com\/fr\/wp-json\/wp\/v2\/pages\/144847\/revisions"}],"wp:attachment":[{"href":"https:\/\/www.stickcol.com\/fr\/wp-json\/wp\/v2\/media?parent=144847"}],"curies":[{"name":"wp","href":"https:\/\/api.w.org\/{rel}","templated":true}]}}