{"id":146142,"date":"2025-05-06T08:45:56","date_gmt":"2025-05-06T08:45:56","guid":{"rendered":"https:\/\/www.stickcol.com\/?page_id=146142"},"modified":"2025-05-09T13:24:09","modified_gmt":"2025-05-09T13:24:09","slug":"textile","status":"publish","type":"page","link":"https:\/\/www.stickcol.com\/fr\/services\/secteurs-commerciaux\/textile\/","title":{"rendered":"Textile"},"content":{"rendered":"<div class=\"wpb-content-wrapper\"><p>[vc_row row_height_percent=\u00a0\u00bb0&Prime; back_color=\u00a0\u00bbcolor-wayh\u00a0\u00bb back_image=\u00a0\u00bb146143&Prime; back_position=\u00a0\u00bbcenter bottom\u00a0\u00bb parallax=\u00a0\u00bbyes\u00a0\u00bb overlay_color=\u00a0\u00bbcolor-wayh\u00a0\u00bb overlay_alpha=\u00a0\u00bb35&Prime; gutter_size=\u00a0\u00bb3&Prime; column_width_percent=\u00a0\u00bb100&Prime; shift_y=\u00a0\u00bb0&Prime; z_index=\u00a0\u00bb0&Prime; top_divider=\u00a0\u00bbgradient\u00a0\u00bb content_parallax=\u00a0\u00bb0&Prime; uncode_shortcode_id=\u00a0\u00bb112625&Prime; back_color_type=\u00a0\u00bbuncode-palette\u00a0\u00bb overlay_color_type=\u00a0\u00bbuncode-palette\u00a0\u00bb row_height_pixel=\u00a0\u00bb400&Prime;][vc_column column_width_use_pixel=\u00a0\u00bbyes\u00a0\u00bb position_vertical=\u00a0\u00bbmiddle\u00a0\u00bb align_horizontal=\u00a0\u00bbalign_center\u00a0\u00bb gutter_size=\u00a0\u00bb2&Prime; style=\u00a0\u00bbdark\u00a0\u00bb overlay_alpha=\u00a0\u00bb50&Prime; shift_x=\u00a0\u00bb0&Prime; shift_y=\u00a0\u00bb0&Prime; shift_y_down=\u00a0\u00bb0&Prime; z_index=\u00a0\u00bb0&Prime; medium_width=\u00a0\u00bb0&Prime; mobile_width=\u00a0\u00bb0&Prime; width=\u00a0\u00bb1\/1&Prime; column_width_pixel=\u00a0\u00bb1100&Prime; uncode_shortcode_id=\u00a0\u00bb141607&Prime;][vc_custom_heading heading_semantic=\u00a0\u00bbh1&Prime; text_size=\u00a0\u00bbfontsize-338686&Prime; uncode_shortcode_id=\u00a0\u00bb698831&Prime;]Textile[\/vc_custom_heading][vc_empty_space empty_h=\u00a0\u00bb2&Prime;][\/vc_column][\/vc_row][vc_row row_height_percent=\u00a0\u00bb0&Prime; override_padding=\u00a0\u00bbyes\u00a0\u00bb h_padding=\u00a0\u00bb2&Prime; top_padding=\u00a0\u00bb3&Prime; bottom_padding=\u00a0\u00bb3&Prime; back_color=\u00a0\u00bbcolor-xsdn\u00a0\u00bb overlay_alpha=\u00a0\u00bb50&Prime; gutter_size=\u00a0\u00bb3&Prime; column_width_percent=\u00a0\u00bb100&Prime; shift_y=\u00a0\u00bb0&Prime; z_index=\u00a0\u00bb0&Prime; top_divider=\u00a0\u00bbgradient\u00a0\u00bb bottom_divider=\u00a0\u00bbgradient\u00a0\u00bb inverted_device_order=\u00a0\u00bbyes\u00a0\u00bb content_parallax=\u00a0\u00bb0&Prime; uncode_shortcode_id=\u00a0\u00bb158822&Prime; back_color_type=\u00a0\u00bbuncode-palette\u00a0\u00bb][vc_column column_width_percent=\u00a0\u00bb100&Prime; gutter_size=\u00a0\u00bb3&Prime; overlay_alpha=\u00a0\u00bb50&Prime; shift_x=\u00a0\u00bb0&Prime; shift_y=\u00a0\u00bb0&Prime; shift_y_down=\u00a0\u00bb0&Prime; z_index=\u00a0\u00bb0&Prime; medium_width=\u00a0\u00bb0&Prime; mobile_width=\u00a0\u00bb0&Prime; css_animation=\u00a0\u00bbalpha-anim\u00a0\u00bb animation_speed=\u00a0\u00bb1000&Prime; width=\u00a0\u00bb1\/4&Prime; uncode_shortcode_id=\u00a0\u00bb327424&Prime;][vc_row_inner row_inner_height_percent=\u00a0\u00bb0&Prime; overlay_alpha=\u00a0\u00bb50&Prime; gutter_size=\u00a0\u00bb4&Prime; shift_y=\u00a0\u00bb0&Prime; z_index=\u00a0\u00bb0&Prime; limit_content=\u00a0\u00bb\u00a0\u00bb][vc_column_inner column_width_percent=\u00a0\u00bb100&Prime; gutter_size=\u00a0\u00bb3&Prime; overlay_alpha=\u00a0\u00bb50&Prime; shift_x=\u00a0\u00bb0&Prime; shift_y=\u00a0\u00bb0&Prime; shift_y_down=\u00a0\u00bb0&Prime; z_index=\u00a0\u00bb0&Prime; medium_width=\u00a0\u00bb4&Prime; mobile_width=\u00a0\u00bb0&Prime; width=\u00a0\u00bb1\/1&Prime; uncode_shortcode_id=\u00a0\u00bb151535&Prime;][vc_custom_heading text_size=\u00a0\u00bbh3&Prime; uncode_shortcode_id=\u00a0\u00bb369454&Prime;]Menu Secteurs d&rsquo;Application[\/vc_custom_heading][vc_wp_custommenu nav_menu=\u00a0\u00bb220&Prime;][\/vc_column_inner][\/vc_row_inner][\/vc_column][vc_column column_width_percent=\u00a0\u00bb100&Prime; position_vertical=\u00a0\u00bbmiddle\u00a0\u00bb gutter_size=\u00a0\u00bb3&Prime; overlay_alpha=\u00a0\u00bb50&Prime; shift_x=\u00a0\u00bb0&Prime; shift_y=\u00a0\u00bb0&Prime; shift_y_down=\u00a0\u00bb0&Prime; z_index=\u00a0\u00bb0&Prime; medium_width=\u00a0\u00bb0&Prime; mobile_width=\u00a0\u00bb0&Prime; css_animation=\u00a0\u00bbalpha-anim\u00a0\u00bb animation_speed=\u00a0\u00bb1000&Prime; width=\u00a0\u00bb3\/4&Prime; uncode_shortcode_id=\u00a0\u00bb484410&Prime;][vc_column_text text_lead=\u00a0\u00bbyes\u00a0\u00bb uncode_shortcode_id=\u00a0\u00bb963157&Prime;]Application de d\u00e9tails sur tissus, d\u00e9cors, patchwork : l&rsquo;adh\u00e9sif thermofusible en stick est indispensable dans la formation de pochettes d&rsquo;exposition pour \u00e9chantillons.[\/vc_column_text][\/vc_column][\/vc_row][vc_row][vc_column width=\u00a0\u00bb1\/1&Prime;][uncode_block id=\u00a0\u00bb146351&Prime;][\/vc_column][\/vc_row]<\/p>\n<\/div>","protected":false},"excerpt":{"rendered":"<p>[vc_row row_height_percent=\u00a0\u00bb0&Prime; back_color=\u00a0\u00bbcolor-wayh\u00a0\u00bb back_image=\u00a0\u00bb146143&Prime; back_position=\u00a0\u00bbcenter bottom\u00a0\u00bb parallax=\u00a0\u00bbyes\u00a0\u00bb overlay_color=\u00a0\u00bbcolor-wayh\u00a0\u00bb overlay_alpha=\u00a0\u00bb35&Prime; gutter_size=\u00a0\u00bb3&Prime; column_width_percent=\u00a0\u00bb100&Prime; shift_y=\u00a0\u00bb0&Prime; z_index=\u00a0\u00bb0&Prime; top_divider=\u00a0\u00bbgradient\u00a0\u00bb content_parallax=\u00a0\u00bb0&Prime; uncode_shortcode_id=\u00a0\u00bb112625&Prime; back_color_type=\u00a0\u00bbuncode-palette\u00a0\u00bb overlay_color_type=\u00a0\u00bbuncode-palette\u00a0\u00bb row_height_pixel=\u00a0\u00bb400&Prime;][vc_column column_width_use_pixel=\u00a0\u00bbyes\u00a0\u00bb [&hellip;]<\/p>\n","protected":false},"author":2,"featured_media":146145,"parent":144835,"menu_order":0,"comment_status":"closed","ping_status":"closed","template":"","meta":{"footnotes":""},"class_list":["post-146142","page","type-page","status-publish","has-post-thumbnail","hentry","page_category-secteurs-commerciaux"],"yoast_head":"<!-- This site is optimized with the Yoast SEO plugin v26.7 - https:\/\/yoast.com\/wordpress\/plugins\/seo\/ -->\n<title>Textile - Stick Col s.r.l.<\/title>\n<meta name=\"description\" content=\"TextileMenu Secteurs d&#039;ApplicationApplication de d\u00e9tails sur tissus, d\u00e9cors, patchwork : l&#039;adh\u00e9sif thermofusible en stick est indispensable dans la\" \/>\n<meta name=\"robots\" content=\"index, follow, max-snippet:-1, max-image-preview:large, max-video-preview:-1\" \/>\n<link rel=\"canonical\" href=\"https:\/\/www.stickcol.com\/servizi\/settori-merceologici\/tessile\/\" \/>\n<meta property=\"og:locale\" content=\"fr_FR\" \/>\n<meta property=\"og:type\" content=\"article\" \/>\n<meta property=\"og:title\" content=\"Textile - Stick Col s.r.l.\" \/>\n<meta property=\"og:description\" content=\"TextileMenu Secteurs d&#039;ApplicationApplication de d\u00e9tails sur tissus, d\u00e9cors, patchwork : l&#039;adh\u00e9sif thermofusible en stick est indispensable dans la\" \/>\n<meta property=\"og:url\" content=\"https:\/\/www.stickcol.com\/servizi\/settori-merceologici\/tessile\/\" \/>\n<meta property=\"og:site_name\" content=\"Stick Col s.r.l.\" \/>\n<meta property=\"article:modified_time\" content=\"2025-05-09T13:24:09+00:00\" \/>\n<meta property=\"og:image\" content=\"https:\/\/www.stickcol.com\/wp-content\/uploads\/2025\/05\/3844.jpg\" \/>\n\t<meta property=\"og:image:width\" content=\"1500\" \/>\n\t<meta property=\"og:image:height\" content=\"1000\" \/>\n\t<meta property=\"og:image:type\" content=\"image\/jpeg\" \/>\n<meta name=\"twitter:card\" content=\"summary_large_image\" \/>\n<meta name=\"twitter:label1\" content=\"Dur\u00e9e de lecture estim\u00e9e\" \/>\n\t<meta name=\"twitter:data1\" content=\"2 minutes\" \/>\n<script type=\"application\/ld+json\" class=\"yoast-schema-graph\">{\"@context\":\"https:\/\/schema.org\",\"@graph\":[{\"@type\":\"WebPage\",\"@id\":\"https:\/\/www.stickcol.com\/servizi\/settori-merceologici\/tessile\/\",\"url\":\"https:\/\/www.stickcol.com\/servizi\/settori-merceologici\/tessile\/\",\"name\":\"Textile - Stick Col s.r.l.\",\"isPartOf\":{\"@id\":\"https:\/\/www.stickcol.com\/#website\"},\"primaryImageOfPage\":{\"@id\":\"https:\/\/www.stickcol.com\/servizi\/settori-merceologici\/tessile\/#primaryimage\"},\"image\":{\"@id\":\"https:\/\/www.stickcol.com\/servizi\/settori-merceologici\/tessile\/#primaryimage\"},\"thumbnailUrl\":\"https:\/\/www.stickcol.com\/wp-content\/uploads\/2025\/05\/3844.jpg\",\"datePublished\":\"2025-05-06T08:45:56+00:00\",\"dateModified\":\"2025-05-09T13:24:09+00:00\",\"description\":\"TextileMenu Secteurs d'ApplicationApplication de d\u00e9tails sur tissus, d\u00e9cors, patchwork : l'adh\u00e9sif thermofusible en stick est indispensable dans la\",\"breadcrumb\":{\"@id\":\"https:\/\/www.stickcol.com\/servizi\/settori-merceologici\/tessile\/#breadcrumb\"},\"inLanguage\":\"fr-FR\",\"potentialAction\":[{\"@type\":\"ReadAction\",\"target\":[\"https:\/\/www.stickcol.com\/servizi\/settori-merceologici\/tessile\/\"]}]},{\"@type\":\"ImageObject\",\"inLanguage\":\"fr-FR\",\"@id\":\"https:\/\/www.stickcol.com\/servizi\/settori-merceologici\/tessile\/#primaryimage\",\"url\":\"https:\/\/www.stickcol.com\/wp-content\/uploads\/2025\/05\/3844.jpg\",\"contentUrl\":\"https:\/\/www.stickcol.com\/wp-content\/uploads\/2025\/05\/3844.jpg\",\"width\":1500,\"height\":1000},{\"@type\":\"BreadcrumbList\",\"@id\":\"https:\/\/www.stickcol.com\/servizi\/settori-merceologici\/tessile\/#breadcrumb\",\"itemListElement\":[{\"@type\":\"ListItem\",\"position\":1,\"name\":\"Home\",\"item\":\"https:\/\/www.stickcol.com\/fr\/\"},{\"@type\":\"ListItem\",\"position\":2,\"name\":\"SERVICES\",\"item\":\"https:\/\/www.stickcol.com\/fr\/services\/\"},{\"@type\":\"ListItem\",\"position\":3,\"name\":\"Secteurs Commerciaux\",\"item\":\"https:\/\/www.stickcol.com\/servizi\/settori-merceologici\/\"},{\"@type\":\"ListItem\",\"position\":4,\"name\":\"Textile\"}]},{\"@type\":\"WebSite\",\"@id\":\"https:\/\/www.stickcol.com\/#website\",\"url\":\"https:\/\/www.stickcol.com\/\",\"name\":\"Stick Col s.r.l.\",\"description\":\"Adesivi Termofusibili - Colle Viniliche - Analisi test e laboratorio\",\"potentialAction\":[{\"@type\":\"SearchAction\",\"target\":{\"@type\":\"EntryPoint\",\"urlTemplate\":\"https:\/\/www.stickcol.com\/?s={search_term_string}\"},\"query-input\":{\"@type\":\"PropertyValueSpecification\",\"valueRequired\":true,\"valueName\":\"search_term_string\"}}],\"inLanguage\":\"fr-FR\"}]}<\/script>\n<!-- \/ Yoast SEO plugin. -->","yoast_head_json":{"title":"Textile - Stick Col s.r.l.","description":"TextileMenu Secteurs d'ApplicationApplication de d\u00e9tails sur tissus, d\u00e9cors, patchwork : l'adh\u00e9sif thermofusible en stick est indispensable dans la","robots":{"index":"index","follow":"follow","max-snippet":"max-snippet:-1","max-image-preview":"max-image-preview:large","max-video-preview":"max-video-preview:-1"},"canonical":"https:\/\/www.stickcol.com\/servizi\/settori-merceologici\/tessile\/","og_locale":"fr_FR","og_type":"article","og_title":"Textile - Stick Col s.r.l.","og_description":"TextileMenu Secteurs d'ApplicationApplication de d\u00e9tails sur tissus, d\u00e9cors, patchwork : l'adh\u00e9sif thermofusible en stick est indispensable dans la","og_url":"https:\/\/www.stickcol.com\/servizi\/settori-merceologici\/tessile\/","og_site_name":"Stick Col s.r.l.","article_modified_time":"2025-05-09T13:24:09+00:00","og_image":[{"width":1500,"height":1000,"url":"https:\/\/www.stickcol.com\/wp-content\/uploads\/2025\/05\/3844.jpg","type":"image\/jpeg"}],"twitter_card":"summary_large_image","twitter_misc":{"Dur\u00e9e de lecture estim\u00e9e":"2 minutes"},"schema":{"@context":"https:\/\/schema.org","@graph":[{"@type":"WebPage","@id":"https:\/\/www.stickcol.com\/servizi\/settori-merceologici\/tessile\/","url":"https:\/\/www.stickcol.com\/servizi\/settori-merceologici\/tessile\/","name":"Textile - Stick Col s.r.l.","isPartOf":{"@id":"https:\/\/www.stickcol.com\/#website"},"primaryImageOfPage":{"@id":"https:\/\/www.stickcol.com\/servizi\/settori-merceologici\/tessile\/#primaryimage"},"image":{"@id":"https:\/\/www.stickcol.com\/servizi\/settori-merceologici\/tessile\/#primaryimage"},"thumbnailUrl":"https:\/\/www.stickcol.com\/wp-content\/uploads\/2025\/05\/3844.jpg","datePublished":"2025-05-06T08:45:56+00:00","dateModified":"2025-05-09T13:24:09+00:00","description":"TextileMenu Secteurs d'ApplicationApplication de d\u00e9tails sur tissus, d\u00e9cors, patchwork : l'adh\u00e9sif thermofusible en stick est indispensable dans la","breadcrumb":{"@id":"https:\/\/www.stickcol.com\/servizi\/settori-merceologici\/tessile\/#breadcrumb"},"inLanguage":"fr-FR","potentialAction":[{"@type":"ReadAction","target":["https:\/\/www.stickcol.com\/servizi\/settori-merceologici\/tessile\/"]}]},{"@type":"ImageObject","inLanguage":"fr-FR","@id":"https:\/\/www.stickcol.com\/servizi\/settori-merceologici\/tessile\/#primaryimage","url":"https:\/\/www.stickcol.com\/wp-content\/uploads\/2025\/05\/3844.jpg","contentUrl":"https:\/\/www.stickcol.com\/wp-content\/uploads\/2025\/05\/3844.jpg","width":1500,"height":1000},{"@type":"BreadcrumbList","@id":"https:\/\/www.stickcol.com\/servizi\/settori-merceologici\/tessile\/#breadcrumb","itemListElement":[{"@type":"ListItem","position":1,"name":"Home","item":"https:\/\/www.stickcol.com\/fr\/"},{"@type":"ListItem","position":2,"name":"SERVICES","item":"https:\/\/www.stickcol.com\/fr\/services\/"},{"@type":"ListItem","position":3,"name":"Secteurs Commerciaux","item":"https:\/\/www.stickcol.com\/servizi\/settori-merceologici\/"},{"@type":"ListItem","position":4,"name":"Textile"}]},{"@type":"WebSite","@id":"https:\/\/www.stickcol.com\/#website","url":"https:\/\/www.stickcol.com\/","name":"Stick Col s.r.l.","description":"Adesivi Termofusibili - Colle Viniliche - Analisi test e laboratorio","potentialAction":[{"@type":"SearchAction","target":{"@type":"EntryPoint","urlTemplate":"https:\/\/www.stickcol.com\/?s={search_term_string}"},"query-input":{"@type":"PropertyValueSpecification","valueRequired":true,"valueName":"search_term_string"}}],"inLanguage":"fr-FR"}]}},"_links":{"self":[{"href":"https:\/\/www.stickcol.com\/fr\/wp-json\/wp\/v2\/pages\/146142","targetHints":{"allow":["GET"]}}],"collection":[{"href":"https:\/\/www.stickcol.com\/fr\/wp-json\/wp\/v2\/pages"}],"about":[{"href":"https:\/\/www.stickcol.com\/fr\/wp-json\/wp\/v2\/types\/page"}],"author":[{"embeddable":true,"href":"https:\/\/www.stickcol.com\/fr\/wp-json\/wp\/v2\/users\/2"}],"replies":[{"embeddable":true,"href":"https:\/\/www.stickcol.com\/fr\/wp-json\/wp\/v2\/comments?post=146142"}],"version-history":[{"count":0,"href":"https:\/\/www.stickcol.com\/fr\/wp-json\/wp\/v2\/pages\/146142\/revisions"}],"up":[{"embeddable":true,"href":"https:\/\/www.stickcol.com\/fr\/wp-json\/wp\/v2\/pages\/144835"}],"wp:featuredmedia":[{"embeddable":true,"href":"https:\/\/www.stickcol.com\/fr\/wp-json\/wp\/v2\/media\/146145"}],"wp:attachment":[{"href":"https:\/\/www.stickcol.com\/fr\/wp-json\/wp\/v2\/media?parent=146142"}],"curies":[{"name":"wp","href":"https:\/\/api.w.org\/{rel}","templated":true}]}}