{"id":146192,"date":"2025-05-06T09:17:02","date_gmt":"2025-05-06T09:17:02","guid":{"rendered":"https:\/\/www.stickcol.com\/?page_id=146192"},"modified":"2025-05-09T13:01:47","modified_gmt":"2025-05-09T13:01:47","slug":"artisanat","status":"publish","type":"page","link":"https:\/\/www.stickcol.com\/fr\/services\/secteurs-commerciaux\/artisanat\/","title":{"rendered":"Artisanat"},"content":{"rendered":"<div class=\"wpb-content-wrapper\"><p>[vc_row row_height_percent=\u00a0\u00bb0&Prime; back_color=\u00a0\u00bbcolor-wayh\u00a0\u00bb back_image=\u00a0\u00bb146193&Prime; back_position=\u00a0\u00bbcenter center\u00a0\u00bb parallax=\u00a0\u00bbyes\u00a0\u00bb overlay_color=\u00a0\u00bbcolor-wayh\u00a0\u00bb overlay_alpha=\u00a0\u00bb35&Prime; gutter_size=\u00a0\u00bb3&Prime; column_width_percent=\u00a0\u00bb100&Prime; shift_y=\u00a0\u00bb0&Prime; z_index=\u00a0\u00bb0&Prime; top_divider=\u00a0\u00bbgradient\u00a0\u00bb content_parallax=\u00a0\u00bb0&Prime; uncode_shortcode_id=\u00a0\u00bb187159&Prime; back_color_type=\u00a0\u00bbuncode-palette\u00a0\u00bb overlay_color_type=\u00a0\u00bbuncode-palette\u00a0\u00bb row_height_pixel=\u00a0\u00bb400&Prime;][vc_column column_width_use_pixel=\u00a0\u00bbyes\u00a0\u00bb position_vertical=\u00a0\u00bbmiddle\u00a0\u00bb align_horizontal=\u00a0\u00bbalign_center\u00a0\u00bb gutter_size=\u00a0\u00bb2&Prime; style=\u00a0\u00bbdark\u00a0\u00bb overlay_alpha=\u00a0\u00bb50&Prime; shift_x=\u00a0\u00bb0&Prime; shift_y=\u00a0\u00bb0&Prime; shift_y_down=\u00a0\u00bb0&Prime; z_index=\u00a0\u00bb0&Prime; medium_width=\u00a0\u00bb0&Prime; mobile_width=\u00a0\u00bb0&Prime; width=\u00a0\u00bb1\/1&Prime; column_width_pixel=\u00a0\u00bb1100&Prime; uncode_shortcode_id=\u00a0\u00bb141607&Prime;][vc_custom_heading heading_semantic=\u00a0\u00bbh1&Prime; text_size=\u00a0\u00bbfontsize-338686&Prime; uncode_shortcode_id=\u00a0\u00bb150321&Prime;]Artisanat[\/vc_custom_heading][vc_empty_space empty_h=\u00a0\u00bb2&Prime;][\/vc_column][\/vc_row][vc_row row_height_percent=\u00a0\u00bb0&Prime; override_padding=\u00a0\u00bbyes\u00a0\u00bb h_padding=\u00a0\u00bb2&Prime; top_padding=\u00a0\u00bb3&Prime; bottom_padding=\u00a0\u00bb3&Prime; back_color=\u00a0\u00bbcolor-xsdn\u00a0\u00bb overlay_alpha=\u00a0\u00bb50&Prime; gutter_size=\u00a0\u00bb3&Prime; column_width_percent=\u00a0\u00bb100&Prime; shift_y=\u00a0\u00bb0&Prime; z_index=\u00a0\u00bb0&Prime; top_divider=\u00a0\u00bbgradient\u00a0\u00bb bottom_divider=\u00a0\u00bbgradient\u00a0\u00bb inverted_device_order=\u00a0\u00bbyes\u00a0\u00bb content_parallax=\u00a0\u00bb0&Prime; uncode_shortcode_id=\u00a0\u00bb158822&Prime; back_color_type=\u00a0\u00bbuncode-palette\u00a0\u00bb][vc_column column_width_percent=\u00a0\u00bb100&Prime; gutter_size=\u00a0\u00bb3&Prime; overlay_alpha=\u00a0\u00bb50&Prime; shift_x=\u00a0\u00bb0&Prime; shift_y=\u00a0\u00bb0&Prime; shift_y_down=\u00a0\u00bb0&Prime; z_index=\u00a0\u00bb0&Prime; medium_width=\u00a0\u00bb0&Prime; mobile_width=\u00a0\u00bb0&Prime; css_animation=\u00a0\u00bbalpha-anim\u00a0\u00bb animation_speed=\u00a0\u00bb1000&Prime; width=\u00a0\u00bb1\/4&Prime; uncode_shortcode_id=\u00a0\u00bb327424&Prime;][vc_row_inner row_inner_height_percent=\u00a0\u00bb0&Prime; overlay_alpha=\u00a0\u00bb50&Prime; gutter_size=\u00a0\u00bb4&Prime; shift_y=\u00a0\u00bb0&Prime; z_index=\u00a0\u00bb0&Prime; limit_content=\u00a0\u00bb\u00a0\u00bb][vc_column_inner column_width_percent=\u00a0\u00bb100&Prime; gutter_size=\u00a0\u00bb3&Prime; overlay_alpha=\u00a0\u00bb50&Prime; shift_x=\u00a0\u00bb0&Prime; shift_y=\u00a0\u00bb0&Prime; shift_y_down=\u00a0\u00bb0&Prime; z_index=\u00a0\u00bb0&Prime; medium_width=\u00a0\u00bb4&Prime; mobile_width=\u00a0\u00bb0&Prime; width=\u00a0\u00bb1\/1&Prime; uncode_shortcode_id=\u00a0\u00bb151535&Prime;][vc_custom_heading text_size=\u00a0\u00bbh3&Prime; uncode_shortcode_id=\u00a0\u00bb175066&Prime;]Menu Secteurs d&rsquo;Application[\/vc_custom_heading][vc_wp_custommenu nav_menu=\u00a0\u00bb220&Prime;][\/vc_column_inner][\/vc_row_inner][\/vc_column][vc_column column_width_percent=\u00a0\u00bb100&Prime; position_vertical=\u00a0\u00bbmiddle\u00a0\u00bb gutter_size=\u00a0\u00bb3&Prime; overlay_alpha=\u00a0\u00bb50&Prime; shift_x=\u00a0\u00bb0&Prime; shift_y=\u00a0\u00bb0&Prime; shift_y_down=\u00a0\u00bb0&Prime; z_index=\u00a0\u00bb0&Prime; medium_width=\u00a0\u00bb0&Prime; mobile_width=\u00a0\u00bb0&Prime; css_animation=\u00a0\u00bbalpha-anim\u00a0\u00bb animation_speed=\u00a0\u00bb1000&Prime; width=\u00a0\u00bb3\/4&Prime; uncode_shortcode_id=\u00a0\u00bb484410&Prime;][vc_column_text text_lead=\u00a0\u00bbyes\u00a0\u00bb uncode_shortcode_id=\u00a0\u00bb388972&Prime;]<\/p>\n<p class=\"my-3 lg:my-4 text-sm sm:text-base lg:text-lg text-neutral-300 leading-normal\">Les artisans sont les pionniers des nouveaux besoins du march\u00e9. Leurs n\u00e9cessit\u00e9s sont toujours des d\u00e9fis vers de nouvelles exigences. Auxquels Stick Col participe avec \u00e9lan et curiosit\u00e9, mettant \u00e0 disposition ses propres exp\u00e9riences et connaissances.<\/p>\n<p>[\/vc_column_text][\/vc_column][\/vc_row][vc_row][vc_column width=\u00a0\u00bb1\/1&Prime;][uncode_block id=\u00a0\u00bb146351&Prime;][\/vc_column][\/vc_row]<\/p>\n<\/div>","protected":false},"excerpt":{"rendered":"<p>[vc_row row_height_percent=\u00a0\u00bb0&Prime; back_color=\u00a0\u00bbcolor-wayh\u00a0\u00bb back_image=\u00a0\u00bb146193&Prime; back_position=\u00a0\u00bbcenter center\u00a0\u00bb parallax=\u00a0\u00bbyes\u00a0\u00bb overlay_color=\u00a0\u00bbcolor-wayh\u00a0\u00bb overlay_alpha=\u00a0\u00bb35&Prime; gutter_size=\u00a0\u00bb3&Prime; column_width_percent=\u00a0\u00bb100&Prime; shift_y=\u00a0\u00bb0&Prime; z_index=\u00a0\u00bb0&Prime; top_divider=\u00a0\u00bbgradient\u00a0\u00bb content_parallax=\u00a0\u00bb0&Prime; uncode_shortcode_id=\u00a0\u00bb187159&Prime; back_color_type=\u00a0\u00bbuncode-palette\u00a0\u00bb overlay_color_type=\u00a0\u00bbuncode-palette\u00a0\u00bb row_height_pixel=\u00a0\u00bb400&Prime;][vc_column column_width_use_pixel=\u00a0\u00bbyes\u00a0\u00bb [&hellip;]<\/p>\n","protected":false},"author":2,"featured_media":146195,"parent":144835,"menu_order":0,"comment_status":"closed","ping_status":"closed","template":"","meta":{"footnotes":""},"class_list":["post-146192","page","type-page","status-publish","has-post-thumbnail","hentry","page_category-secteurs-commerciaux"],"yoast_head":"<!-- This site is optimized with the Yoast SEO plugin v26.7 - https:\/\/yoast.com\/wordpress\/plugins\/seo\/ -->\n<title>Artisanat - Stick Col s.r.l.<\/title>\n<meta name=\"description\" content=\"ArtisanatMenu Secteurs d&#039;Application Les artisans sont les pionniers des nouveaux besoins du march\u00e9. Leurs n\u00e9cessit\u00e9s sont toujours des d\u00e9fis vers de\" \/>\n<meta name=\"robots\" content=\"index, follow, max-snippet:-1, max-image-preview:large, max-video-preview:-1\" \/>\n<link rel=\"canonical\" href=\"https:\/\/www.stickcol.com\/servizi\/settori-merceologici\/artigianato\/\" \/>\n<meta property=\"og:locale\" content=\"fr_FR\" \/>\n<meta property=\"og:type\" content=\"article\" \/>\n<meta property=\"og:title\" content=\"Artisanat - Stick Col s.r.l.\" \/>\n<meta property=\"og:description\" content=\"ArtisanatMenu Secteurs d&#039;Application Les artisans sont les pionniers des nouveaux besoins du march\u00e9. Leurs n\u00e9cessit\u00e9s sont toujours des d\u00e9fis vers de\" \/>\n<meta property=\"og:url\" content=\"https:\/\/www.stickcol.com\/servizi\/settori-merceologici\/artigianato\/\" \/>\n<meta property=\"og:site_name\" content=\"Stick Col s.r.l.\" \/>\n<meta property=\"article:modified_time\" content=\"2025-05-09T13:01:47+00:00\" \/>\n<meta property=\"og:image\" content=\"https:\/\/www.stickcol.com\/wp-content\/uploads\/2025\/05\/2148271008.jpg\" \/>\n\t<meta property=\"og:image:width\" content=\"1500\" \/>\n\t<meta property=\"og:image:height\" content=\"1001\" \/>\n\t<meta property=\"og:image:type\" content=\"image\/jpeg\" \/>\n<meta name=\"twitter:card\" content=\"summary_large_image\" \/>\n<meta name=\"twitter:label1\" content=\"Dur\u00e9e de lecture estim\u00e9e\" \/>\n\t<meta name=\"twitter:data1\" content=\"2 minutes\" \/>\n<script type=\"application\/ld+json\" class=\"yoast-schema-graph\">{\"@context\":\"https:\/\/schema.org\",\"@graph\":[{\"@type\":\"WebPage\",\"@id\":\"https:\/\/www.stickcol.com\/servizi\/settori-merceologici\/artigianato\/\",\"url\":\"https:\/\/www.stickcol.com\/servizi\/settori-merceologici\/artigianato\/\",\"name\":\"Artisanat - Stick Col s.r.l.\",\"isPartOf\":{\"@id\":\"https:\/\/www.stickcol.com\/#website\"},\"primaryImageOfPage\":{\"@id\":\"https:\/\/www.stickcol.com\/servizi\/settori-merceologici\/artigianato\/#primaryimage\"},\"image\":{\"@id\":\"https:\/\/www.stickcol.com\/servizi\/settori-merceologici\/artigianato\/#primaryimage\"},\"thumbnailUrl\":\"https:\/\/www.stickcol.com\/wp-content\/uploads\/2025\/05\/2148271008.jpg\",\"datePublished\":\"2025-05-06T09:17:02+00:00\",\"dateModified\":\"2025-05-09T13:01:47+00:00\",\"description\":\"ArtisanatMenu Secteurs d'Application Les artisans sont les pionniers des nouveaux besoins du march\u00e9. Leurs n\u00e9cessit\u00e9s sont toujours des d\u00e9fis vers de\",\"breadcrumb\":{\"@id\":\"https:\/\/www.stickcol.com\/servizi\/settori-merceologici\/artigianato\/#breadcrumb\"},\"inLanguage\":\"fr-FR\",\"potentialAction\":[{\"@type\":\"ReadAction\",\"target\":[\"https:\/\/www.stickcol.com\/servizi\/settori-merceologici\/artigianato\/\"]}]},{\"@type\":\"ImageObject\",\"inLanguage\":\"fr-FR\",\"@id\":\"https:\/\/www.stickcol.com\/servizi\/settori-merceologici\/artigianato\/#primaryimage\",\"url\":\"https:\/\/www.stickcol.com\/wp-content\/uploads\/2025\/05\/2148271008.jpg\",\"contentUrl\":\"https:\/\/www.stickcol.com\/wp-content\/uploads\/2025\/05\/2148271008.jpg\",\"width\":1500,\"height\":1001},{\"@type\":\"BreadcrumbList\",\"@id\":\"https:\/\/www.stickcol.com\/servizi\/settori-merceologici\/artigianato\/#breadcrumb\",\"itemListElement\":[{\"@type\":\"ListItem\",\"position\":1,\"name\":\"Home\",\"item\":\"https:\/\/www.stickcol.com\/fr\/\"},{\"@type\":\"ListItem\",\"position\":2,\"name\":\"SERVICES\",\"item\":\"https:\/\/www.stickcol.com\/fr\/services\/\"},{\"@type\":\"ListItem\",\"position\":3,\"name\":\"Secteurs Commerciaux\",\"item\":\"https:\/\/www.stickcol.com\/servizi\/settori-merceologici\/\"},{\"@type\":\"ListItem\",\"position\":4,\"name\":\"Artisanat\"}]},{\"@type\":\"WebSite\",\"@id\":\"https:\/\/www.stickcol.com\/#website\",\"url\":\"https:\/\/www.stickcol.com\/\",\"name\":\"Stick Col s.r.l.\",\"description\":\"Adesivi Termofusibili - Colle Viniliche - Analisi test e laboratorio\",\"potentialAction\":[{\"@type\":\"SearchAction\",\"target\":{\"@type\":\"EntryPoint\",\"urlTemplate\":\"https:\/\/www.stickcol.com\/?s={search_term_string}\"},\"query-input\":{\"@type\":\"PropertyValueSpecification\",\"valueRequired\":true,\"valueName\":\"search_term_string\"}}],\"inLanguage\":\"fr-FR\"}]}<\/script>\n<!-- \/ Yoast SEO plugin. -->","yoast_head_json":{"title":"Artisanat - Stick Col s.r.l.","description":"ArtisanatMenu Secteurs d'Application Les artisans sont les pionniers des nouveaux besoins du march\u00e9. Leurs n\u00e9cessit\u00e9s sont toujours des d\u00e9fis vers de","robots":{"index":"index","follow":"follow","max-snippet":"max-snippet:-1","max-image-preview":"max-image-preview:large","max-video-preview":"max-video-preview:-1"},"canonical":"https:\/\/www.stickcol.com\/servizi\/settori-merceologici\/artigianato\/","og_locale":"fr_FR","og_type":"article","og_title":"Artisanat - Stick Col s.r.l.","og_description":"ArtisanatMenu Secteurs d'Application Les artisans sont les pionniers des nouveaux besoins du march\u00e9. Leurs n\u00e9cessit\u00e9s sont toujours des d\u00e9fis vers de","og_url":"https:\/\/www.stickcol.com\/servizi\/settori-merceologici\/artigianato\/","og_site_name":"Stick Col s.r.l.","article_modified_time":"2025-05-09T13:01:47+00:00","og_image":[{"width":1500,"height":1001,"url":"https:\/\/www.stickcol.com\/wp-content\/uploads\/2025\/05\/2148271008.jpg","type":"image\/jpeg"}],"twitter_card":"summary_large_image","twitter_misc":{"Dur\u00e9e de lecture estim\u00e9e":"2 minutes"},"schema":{"@context":"https:\/\/schema.org","@graph":[{"@type":"WebPage","@id":"https:\/\/www.stickcol.com\/servizi\/settori-merceologici\/artigianato\/","url":"https:\/\/www.stickcol.com\/servizi\/settori-merceologici\/artigianato\/","name":"Artisanat - Stick Col s.r.l.","isPartOf":{"@id":"https:\/\/www.stickcol.com\/#website"},"primaryImageOfPage":{"@id":"https:\/\/www.stickcol.com\/servizi\/settori-merceologici\/artigianato\/#primaryimage"},"image":{"@id":"https:\/\/www.stickcol.com\/servizi\/settori-merceologici\/artigianato\/#primaryimage"},"thumbnailUrl":"https:\/\/www.stickcol.com\/wp-content\/uploads\/2025\/05\/2148271008.jpg","datePublished":"2025-05-06T09:17:02+00:00","dateModified":"2025-05-09T13:01:47+00:00","description":"ArtisanatMenu Secteurs d'Application Les artisans sont les pionniers des nouveaux besoins du march\u00e9. Leurs n\u00e9cessit\u00e9s sont toujours des d\u00e9fis vers de","breadcrumb":{"@id":"https:\/\/www.stickcol.com\/servizi\/settori-merceologici\/artigianato\/#breadcrumb"},"inLanguage":"fr-FR","potentialAction":[{"@type":"ReadAction","target":["https:\/\/www.stickcol.com\/servizi\/settori-merceologici\/artigianato\/"]}]},{"@type":"ImageObject","inLanguage":"fr-FR","@id":"https:\/\/www.stickcol.com\/servizi\/settori-merceologici\/artigianato\/#primaryimage","url":"https:\/\/www.stickcol.com\/wp-content\/uploads\/2025\/05\/2148271008.jpg","contentUrl":"https:\/\/www.stickcol.com\/wp-content\/uploads\/2025\/05\/2148271008.jpg","width":1500,"height":1001},{"@type":"BreadcrumbList","@id":"https:\/\/www.stickcol.com\/servizi\/settori-merceologici\/artigianato\/#breadcrumb","itemListElement":[{"@type":"ListItem","position":1,"name":"Home","item":"https:\/\/www.stickcol.com\/fr\/"},{"@type":"ListItem","position":2,"name":"SERVICES","item":"https:\/\/www.stickcol.com\/fr\/services\/"},{"@type":"ListItem","position":3,"name":"Secteurs Commerciaux","item":"https:\/\/www.stickcol.com\/servizi\/settori-merceologici\/"},{"@type":"ListItem","position":4,"name":"Artisanat"}]},{"@type":"WebSite","@id":"https:\/\/www.stickcol.com\/#website","url":"https:\/\/www.stickcol.com\/","name":"Stick Col s.r.l.","description":"Adesivi Termofusibili - Colle Viniliche - Analisi test e laboratorio","potentialAction":[{"@type":"SearchAction","target":{"@type":"EntryPoint","urlTemplate":"https:\/\/www.stickcol.com\/?s={search_term_string}"},"query-input":{"@type":"PropertyValueSpecification","valueRequired":true,"valueName":"search_term_string"}}],"inLanguage":"fr-FR"}]}},"_links":{"self":[{"href":"https:\/\/www.stickcol.com\/fr\/wp-json\/wp\/v2\/pages\/146192","targetHints":{"allow":["GET"]}}],"collection":[{"href":"https:\/\/www.stickcol.com\/fr\/wp-json\/wp\/v2\/pages"}],"about":[{"href":"https:\/\/www.stickcol.com\/fr\/wp-json\/wp\/v2\/types\/page"}],"author":[{"embeddable":true,"href":"https:\/\/www.stickcol.com\/fr\/wp-json\/wp\/v2\/users\/2"}],"replies":[{"embeddable":true,"href":"https:\/\/www.stickcol.com\/fr\/wp-json\/wp\/v2\/comments?post=146192"}],"version-history":[{"count":0,"href":"https:\/\/www.stickcol.com\/fr\/wp-json\/wp\/v2\/pages\/146192\/revisions"}],"up":[{"embeddable":true,"href":"https:\/\/www.stickcol.com\/fr\/wp-json\/wp\/v2\/pages\/144835"}],"wp:featuredmedia":[{"embeddable":true,"href":"https:\/\/www.stickcol.com\/fr\/wp-json\/wp\/v2\/media\/146195"}],"wp:attachment":[{"href":"https:\/\/www.stickcol.com\/fr\/wp-json\/wp\/v2\/media?parent=146192"}],"curies":[{"name":"wp","href":"https:\/\/api.w.org\/{rel}","templated":true}]}}